{"id":2325,"date":"2021-02-22T12:24:41","date_gmt":"2021-02-22T10:24:41","guid":{"rendered":"http:\/\/apsaugos.lt\/?product=import-placeholder-for-3556"},"modified":"2021-02-22T12:24:44","modified_gmt":"2021-02-22T10:24:44","slug":"fotoelementas-mfe","status":"publish","type":"product","link":"https:\/\/apsaugos.lt\/?product=fotoelementas-mfe","title":{"rendered":"Fotoelementas MFE"},"content":{"rendered":"<p>Infroraudonuj\u0173 spinduli\u0173\u00a0 fotoelementas su veidrod\u0117liu, suderininamas su visomis vart\u0173 sistemomis.<\/p>\n<p>Geriausias variantas, jeigu n\u0117ra galimyb\u0117s prasitiesti laido fotoelementams<\/p>\n<p>Maksimalus atstumas iki 12m<\/p>\n<p>Darbo temperat\u016bra: -25\u00b0C ~ +65\u00b0C<\/p>\n<p>Apsaugos klas\u0117: IP54<\/p>\n","protected":false},"excerpt":{"rendered":"<p>Infroraudonuj\u0173 spinduli\u0173\u00a0 fotoelementas su veidrod\u0117liu, suderininamas su visomis vart\u0173 sistemomis. Geriausias variantas, jeigu n\u0117ra galimyb\u0117s prasitiesti laido fotoelementams Maksimalus atstumas iki 12m Darbo temperat\u016bra: -25\u00b0C ~ +65\u00b0C Apsaugos klas\u0117: IP54<\/p>\n","protected":false},"featured_media":300,"comment_status":"closed","ping_status":"closed","template":"","meta":[],"product_brand":[],"product_cat":[19],"product_tag":[87],"class_list":{"0":"post-2325","1":"product","2":"type-product","3":"status-publish","4":"has-post-thumbnail","6":"product_cat-foto-davikliai","7":"product_tag-motorline","9":"first","10":"instock","11":"shipping-taxable","12":"purchasable","13":"product-type-simple"},"jetpack_sharing_enabled":true,"_links":{"self":[{"href":"https:\/\/apsaugos.lt\/index.php?rest_route=\/wp\/v2\/product\/2325","targetHints":{"allow":["GET"]}}],"collection":[{"href":"https:\/\/apsaugos.lt\/index.php?rest_route=\/wp\/v2\/product"}],"about":[{"href":"https:\/\/apsaugos.lt\/index.php?rest_route=\/wp\/v2\/types\/product"}],"replies":[{"embeddable":true,"href":"https:\/\/apsaugos.lt\/index.php?rest_route=%2Fwp%2Fv2%2Fcomments&post=2325"}],"wp:featuredmedia":[{"embeddable":true,"href":"https:\/\/apsaugos.lt\/index.php?rest_route=\/wp\/v2\/media\/300"}],"wp:attachment":[{"href":"https:\/\/apsaugos.lt\/index.php?rest_route=%2Fwp%2Fv2%2Fmedia&parent=2325"}],"wp:term":[{"taxonomy":"product_brand","embeddable":true,"href":"https:\/\/apsaugos.lt\/index.php?rest_route=%2Fwp%2Fv2%2Fproduct_brand&post=2325"},{"taxonomy":"product_cat","embeddable":true,"href":"https:\/\/apsaugos.lt\/index.php?rest_route=%2Fwp%2Fv2%2Fproduct_cat&post=2325"},{"taxonomy":"product_tag","embeddable":true,"href":"https:\/\/apsaugos.lt\/index.php?rest_route=%2Fwp%2Fv2%2Fproduct_tag&post=2325"}],"curies":[{"name":"wp","href":"https:\/\/api.w.org\/{rel}","templated":true}]}}