{"id":2327,"date":"2021-02-22T12:24:41","date_gmt":"2021-02-22T10:24:41","guid":{"rendered":"http:\/\/apsaugos.lt\/?product=import-placeholder-for-3564"},"modified":"2021-02-22T12:24:44","modified_gmt":"2021-02-22T10:24:44","slug":"numberok-automobilu-valstybiniu-numeriu-atpazinimo-programa","status":"publish","type":"product","link":"https:\/\/apsaugos.lt\/?product=numberok-automobilu-valstybiniu-numeriu-atpazinimo-programa","title":{"rendered":"NumberOk &#8211; automobil\u0173 valstybini\u0173 numeri\u0173 atpa\u017einimo programa"},"content":{"rendered":"<table border=\"1\" cellspacing=\"2\" cellpadding=\"2\">\n<tbody>\n<tr>\n<td>Kanal\u0173 skai\u010dius<\/td>\n<td>1<\/td>\n<\/tr>\n<tr>\n<td>Duomen\u0173 baz\u0117s tipas<\/td>\n<td>SQLLITE \/ FIREBIRD<\/td>\n<\/tr>\n<tr>\n<td>Video srauto pajungimo galimyb\u0117s<\/td>\n<td>RTSP srautas i\u0161 kameros ar DVR \/ DVR (Hikvision, Dahua, TVT, Partizan, AXIS, Novus, NUUO &#8230;)<\/td>\n<\/tr>\n<tr>\n<td>Vaizdo dydis numerio nuskaitymui<\/td>\n<td>D1, 720p, 1080p,\u00a0 1,3Mpix, 2Mpix, 3Mpix<\/td>\n<\/tr>\n<tr>\n<td>Vaizdo suspaudimas<\/td>\n<td>H.264\/ MPEG<\/td>\n<\/tr>\n<tr>\n<td>Maksimalus detekcijos zon\u0173 skai\u010dius\u00a01 kanale<\/td>\n<td>4<\/td>\n<\/tr>\n<tr>\n<td>S\u0105sajos<\/td>\n<td>TCP\/IP serveris ; ModBUS (ICP DAS; Barix AG; Paprotys)<\/td>\n<\/tr>\n<tr>\n<td>Minimalus nuskaitomo numerio dydis (plotis)<\/td>\n<td>130 pix<\/td>\n<\/tr>\n<tr>\n<td>Maksimalus automobilio jud\u0117jimo greitis<\/td>\n<td>220 Km\/h<\/td>\n<\/tr>\n<tr>\n<td>Maksimalus kameros (vertikalus,horizontaus) pakrypimas<\/td>\n<td>iki 30\u00b0<\/td>\n<\/tr>\n<tr>\n<td>Maksimalus pokrypio kampas<\/td>\n<td>5\u00b0<\/td>\n<\/tr>\n<tr>\n<td>I\u0161\u0117jimo (valdymo) \u012frenginai<\/td>\n<td>BARBOS (pajungimas per USB) 4 IN \/ 4 OUT\u00a0 \/ ICP CON ET7060 (pajungimas per TCP\/IP) 6 IN \/ 6 OUT<\/td>\n<\/tr>\n<tr>\n<td>Palaikomos \u0161alys<\/td>\n<td>Albanija, Austrija, Azerbaid\u017eanas, Belgija, Bulgarija, Bosnia \u00a0ir Hercogovina, Baltarusija, Kipras, \u010cekija, Vokietija, Danija, Ispanija, Estija, Suomija, Pranc\u016bzija, Did\u017eioji Britanija, Gruzija, Graikija, Kroatia, Vengrija, Airija, Izraelis, Italija, Kazachtanas, Lietuva, Liuksemburgas, Latvija, Malta, Moldavija, Makedonija, Olandija, Norvegija, Lenkija, Portugalija, Rumunija, Rusija, Slovakija, Serbija, Slovakia, Suomija, \u0160veicarija, Turkija, Tad\u017eikistanas, Ukraina, Uzbekistanas, Vatikanas<\/td>\n<\/tr>\n<tr>\n<td>1 \/ 2 kanalo srauto apdorojimas<\/td>\n<td>Windows7 \/ Vista \/ Server 2008\u00a0 \/ XP \/ Windows 8 \/ Windows 10;<br \/>\nCPU Intel Core i5-6600, 3,9Ghz (ar pana\u0161us); 4Gb RAM DDR3, 0,5 Tb Hdd<\/td>\n<\/tr>\n<tr>\n<td>4 \/ 6 kanal\u0173 srauto apdorojimas<\/td>\n<td>Windows7 \/ Vista \/ Server 2008\u00a0 \/ XP \/ Windows 8 \/ Windows 10;<br \/>\nCPU Intel Core i7-6700, Quad Core, 3,4Ghz (ar pana\u0161us); 4Gb RAM DDR3, 0,5 Tb Hdd<\/td>\n<\/tr>\n<\/tbody>\n<\/table>\n","protected":false},"excerpt":{"rendered":"<p>NumberOk &#8211; automobil\u0173 valstybini\u0173 numeri\u0173 atpa\u017einimo programa.<br \/>\nPrograma skirta konrtroliuoti teritorijoje \u012fva\u017eiuojan\u010dius ar i\u0161va\u017eiuojan\u010dius automobilius ir daryti j\u0173 apskait\u0105.<br \/>\nPrograma, i\u0161 kameros formuojamo vaizdo, sugeba atpa\u017einti automobilio valstybin\u012f numer\u012f ir pagal u\u017eduot\u0105 scenarij\u0173 valdo \u012fva\u017eiavim\u0105 ir iva\u017eiavi\u0105 kontroliuojan\u010dius \u012frenginius.<br \/>\nProgram\u0105 galima panaudoti kaip priva\u010di\u0173 teritorij\u0173 kontrolei, taip ir pramonini\u0173 teritorij\u0173, ar verslo centr\u0173 automobil\u0173 srauto kontrolei.<br \/>\nPaprastas ir lankstus video srauto pajungimas leid\u017eia naudoti kaip \u0161iuolaikinius HD IP video srautus, taip ir Turbo HD video kamer\u0173, ar net CCTV kamer\u0173 srautus, tod\u0117l sistem\u0105 galima sukurti ant jau esan\u010dios video steb\u0117jimo sistemos.<\/p>\n<p><strong>Programin\u0117s \u012frangos panaudojimo sritys<\/strong><\/p>\n<p>* \u012fva\u017eiavimo \u012f priva\u010dias teritorijas kontrol\u0117 (gyvenam\u0173j\u0173 nam\u0173 kiemo kontrol\u0117)<br \/>\n* ilgalaikio\/trumalaikio automobili\u0173 saugojimo aik\u0161tel\u0117s (automatizuoti valdym\u0105, vesti statistik\u0105, kontroliuoti operatorius)<br \/>\n* vie\u0161\u0173j\u0173 keli\u0173 apkrovimo analiz\u0117 (vedama keli\u0173 ar sankry\u017e\u0173 apkrovimo statistika)<br \/>\n* nusikalstamumo prevencija (registruojant \u012f teritorij\u0105 patenkan\u010dius automobilius galim lengvai ir operatyviai surasti galim\u0105 pa\u017eeid\u0117j\u0105)<br \/>\n* \u012frengus steb\u0117jimo stot\u012f automobilyje (pvz. policijos patrulinis ekipa\u017eas) galima realiu laiku atpa\u017einti pa\u017eeid\u0117j\u0105 pagal i\u0161 anksto sudaryt\u0105 duomen\u0173 baz\u0119 (ie\u0161komi automobiliai, auto transtorto priemon\u0117s su pasibaigusiu CA draudimu)<br \/>\n* grei\u010dio vir\u0161yjimo nustatymo sistemos (matuojant laiko interval\u0105 tarp 2 matavimo ta\u0161k\u0173)<br \/>\n* sand\u0117liavimo ar logistikos transporto valst. numeri\u0173 \u012ftraukimas \u012f apskaitos duomen\u0173 bazes (kada registruojamas atva\u017eiuojantis\/i\u0161va\u017eiuojantis transportas, duomenis suri\u0161ami su svarstykli\u0173 parodymais)<br \/>\n* miesto mar\u0161rutinio transporto atitikimo grafikams kontrol\u0117<br \/>\n* Automobili\u0173 plovyklos (kontroliuojamas aptarnaut\u0173 automobili\u0173 skai\u010dius)<br \/>\n* \u012fmon\u0117s klient\u0173 lankomumo analiz\u0117 (galima steb\u0117ti \u012fvest\u0173 \u012f duomen\u0173 baz\u0119 klient\u0173 apsilankymo intensyvum\u0105)<\/p>\n","protected":false},"featured_media":302,"comment_status":"closed","ping_status":"closed","template":"","meta":[],"product_brand":[],"product_cat":[102],"product_tag":[103],"class_list":{"0":"post-2327","1":"product","2":"type-product","3":"status-publish","4":"has-post-thumbnail","6":"product_cat-numeriu-atpazinimo-sistema","7":"product_tag-numberok","9":"first","10":"instock","11":"shipping-taxable","12":"purchasable","13":"product-type-simple"},"jetpack_sharing_enabled":true,"_links":{"self":[{"href":"https:\/\/apsaugos.lt\/index.php?rest_route=\/wp\/v2\/product\/2327","targetHints":{"allow":["GET"]}}],"collection":[{"href":"https:\/\/apsaugos.lt\/index.php?rest_route=\/wp\/v2\/product"}],"about":[{"href":"https:\/\/apsaugos.lt\/index.php?rest_route=\/wp\/v2\/types\/product"}],"replies":[{"embeddable":true,"href":"https:\/\/apsaugos.lt\/index.php?rest_route=%2Fwp%2Fv2%2Fcomments&post=2327"}],"wp:featuredmedia":[{"embeddable":true,"href":"https:\/\/apsaugos.lt\/index.php?rest_route=\/wp\/v2\/media\/302"}],"wp:attachment":[{"href":"https:\/\/apsaugos.lt\/index.php?rest_route=%2Fwp%2Fv2%2Fmedia&parent=2327"}],"wp:term":[{"taxonomy":"product_brand","embeddable":true,"href":"https:\/\/apsaugos.lt\/index.php?rest_route=%2Fwp%2Fv2%2Fproduct_brand&post=2327"},{"taxonomy":"product_cat","embeddable":true,"href":"https:\/\/apsaugos.lt\/index.php?rest_route=%2Fwp%2Fv2%2Fproduct_cat&post=2327"},{"taxonomy":"product_tag","embeddable":true,"href":"https:\/\/apsaugos.lt\/index.php?rest_route=%2Fwp%2Fv2%2Fproduct_tag&post=2327"}],"curies":[{"name":"wp","href":"https:\/\/api.w.org\/{rel}","templated":true}]}}