{"id":2331,"date":"2021-02-22T12:24:42","date_gmt":"2021-02-22T10:24:42","guid":{"rendered":"http:\/\/apsaugos.lt\/?product=import-placeholder-for-3572"},"modified":"2021-02-22T12:24:45","modified_gmt":"2021-02-22T10:24:45","slug":"motorline-m170-gsm","status":"publish","type":"product","link":"https:\/\/apsaugos.lt\/?product=motorline-m170-gsm","title":{"rendered":"Motorline M170 GSM"},"content":{"rendered":"<p>Naujos kartos GSM gaminys i\u0161 Motorline. M170 veikia su mobiliajame \u012frenginyje \u012fdiegta aplikacija per Bluetooth, kas suteikia galimyb\u0119 naudotis GSM imtuvu be SIM kortel\u0117s. Bluetooth veikimo atstumas apie 30m nuo \u012frenginio. Taip pat, palaiko ir SIM kortel\u0119, kaip ir visi GSM \u012frenginiai. \u0160iame \u012frenginyje galima \u012fra\u0161yti iki 509 vartotoj\u0173.<\/p>\n<p>M170 valdymas su aplikacija labai pagerina programavimo ir naudojimosi \u012frenginiu galimybes. Beto yra ir SMS b\u016bdu konfig\u016bravimo galimyb\u0117s.<\/p>\n","protected":false},"excerpt":{"rendered":"<p>Naujos kartos GSM gaminys i\u0161 Motorline. M170 veikia su mobiliajame \u012frenginyje \u012fdiegta aplikacija per Bluetooth, kas suteikia galimyb\u0119 naudotis GSM imtuvu be SIM kortel\u0117s. Bluetooth veikimo atstumas apie 30m nuo \u012frenginio. Taip pat, palaiko ir SIM kortel\u0119, kaip ir visi GSM \u012frenginiai. \u0160iame \u012frenginyje galima \u012fra\u0161yti iki 509 vartotoj\u0173. M170 valdymas su aplikacija labai pagerina [&hellip;]<\/p>\n","protected":false},"featured_media":306,"comment_status":"closed","ping_status":"closed","template":"","meta":[],"product_brand":[],"product_cat":[106],"product_tag":[87],"class_list":{"0":"post-2331","1":"product","2":"type-product","3":"status-publish","4":"has-post-thumbnail","6":"product_cat-gsm-valdymas","7":"product_tag-motorline","9":"first","10":"instock","11":"shipping-taxable","12":"purchasable","13":"product-type-simple"},"jetpack_sharing_enabled":true,"_links":{"self":[{"href":"https:\/\/apsaugos.lt\/index.php?rest_route=\/wp\/v2\/product\/2331","targetHints":{"allow":["GET"]}}],"collection":[{"href":"https:\/\/apsaugos.lt\/index.php?rest_route=\/wp\/v2\/product"}],"about":[{"href":"https:\/\/apsaugos.lt\/index.php?rest_route=\/wp\/v2\/types\/product"}],"replies":[{"embeddable":true,"href":"https:\/\/apsaugos.lt\/index.php?rest_route=%2Fwp%2Fv2%2Fcomments&post=2331"}],"wp:featuredmedia":[{"embeddable":true,"href":"https:\/\/apsaugos.lt\/index.php?rest_route=\/wp\/v2\/media\/306"}],"wp:attachment":[{"href":"https:\/\/apsaugos.lt\/index.php?rest_route=%2Fwp%2Fv2%2Fmedia&parent=2331"}],"wp:term":[{"taxonomy":"product_brand","embeddable":true,"href":"https:\/\/apsaugos.lt\/index.php?rest_route=%2Fwp%2Fv2%2Fproduct_brand&post=2331"},{"taxonomy":"product_cat","embeddable":true,"href":"https:\/\/apsaugos.lt\/index.php?rest_route=%2Fwp%2Fv2%2Fproduct_cat&post=2331"},{"taxonomy":"product_tag","embeddable":true,"href":"https:\/\/apsaugos.lt\/index.php?rest_route=%2Fwp%2Fv2%2Fproduct_tag&post=2331"}],"curies":[{"name":"wp","href":"https:\/\/api.w.org\/{rel}","templated":true}]}}