{"id":2333,"date":"2021-02-22T12:24:42","date_gmt":"2021-02-22T10:24:42","guid":{"rendered":"http:\/\/apsaugos.lt\/?product=import-placeholder-for-3577"},"modified":"2021-02-22T12:24:45","modified_gmt":"2021-02-22T10:24:45","slug":"gsm-vartu-valdiklis-gv17","status":"publish","type":"product","link":"https:\/\/apsaugos.lt\/?product=gsm-vartu-valdiklis-gv17","title":{"rendered":"GSM vart\u0173 valdiklis GV17"},"content":{"rendered":"<table border=\"1\">\n<tbody>\n<tr>\n<td>Maitinimo \u0161altinio \u012ftampa<\/td>\n<td>9-32 V DC, 12-24 V AC<\/td>\n<\/tr>\n<tr>\n<td>Srov\u0117s suvartojimas<\/td>\n<td>50 mA (budint)<\/p>\n<p>Up to 200 mA (duomen\u0173 siuntimo metu)<\/td>\n<\/tr>\n<tr>\n<td>Rel\u0117<\/td>\n<td>1 (1A 30 V DC, 0.5A 125 V AC)<\/td>\n<\/tr>\n<tr>\n<td>\u012e\u0117jim\u0173 ir i\u0161\u0117jim\u0173 skai\u010dius<\/td>\n<td>2 \u012f\u0117jimai<\/p>\n<p>2 dvigubos paskirties gnybtai, nustatomi veikti \u012f\u0117jimo arba i\u0161\u0117jimo (50mA) re\u017eimu<\/td>\n<\/tr>\n<tr>\n<td>\u012e\u0117jim\u0173 tipai<\/td>\n<td>NC, NO arba EOL=10k\u2126 (nustatomas)<\/td>\n<\/tr>\n<tr>\n<td>Nei\u0161si\u0173st\u0173 \u012fvyki\u0173 buferis<\/td>\n<td>Iki 60 \u012fvyki\u0173<\/td>\n<\/tr>\n<tr>\n<td>\u012evyki\u0173 \u017eurnalo atmintis<\/td>\n<td>Iki 5000 \u012fvyki\u0173<\/td>\n<\/tr>\n<tr>\n<td>Vartotojai, kurie gali valdyti<\/td>\n<td>Iki 997 vartotoj\u0173<\/td>\n<\/tr>\n<tr>\n<td>Vartotojai, kurie gali gauti \u012fvykius su SMS<\/td>\n<td>Iki 7 vartotoj\u0173<\/td>\n<\/tr>\n<tr>\n<td>2G GSM\u00a0modemo da\u017eniai<\/td>\n<td>850 \/ 900 \/ 1800 \/ 1900 MHz<\/td>\n<\/tr>\n<tr>\n<td>3G UMTS\u00a0modemo da\u017eniai<\/td>\n<td>800 \/ 850 \/ 900 \/ 1900 \/ 2100 MHz<\/td>\n<\/tr>\n<tr>\n<td>Darbin\u0117 aplinka<\/td>\n<td>Temperat\u016bra nuo -20 \u00b0C iki 50 \u00b0C, santykin\u0117 dr\u0117gm\u0117 iki 80% esant +20 \u00b0C<\/td>\n<\/tr>\n<tr>\n<td>Matmenys<\/td>\n<td>65 x 77 x 25 mm<\/td>\n<\/tr>\n<\/tbody>\n<\/table>\n","protected":false},"excerpt":{"rendered":"<p>Valdykite vart\u0173 automatik\u0105 ir kit\u0105 \u012frang\u0105 nuotoliniu b\u016bdu su Protegus program\u0117le, telefono skambu\u010diu ir SMS \u017einut\u0117mis, Viena 1A rel\u0117 ir du PGM i\u0161\u0117jimai \u012fvairi\u0173 \u012frengini\u0173 valdymui, Nemokamas vartotoj\u0173 administravimas ir \u012fvyki\u0173 istorija Protegus program\u0117l\u0117je., Nuotolinis valdymas, Nuotolinis konfig\u016bravimas<\/p>\n","protected":false},"featured_media":308,"comment_status":"closed","ping_status":"closed","template":"","meta":[],"product_brand":[],"product_cat":[106],"product_tag":[108,110],"class_list":{"0":"post-2333","1":"product","2":"type-product","3":"status-publish","4":"has-post-thumbnail","6":"product_cat-gsm-valdymas","7":"product_tag-gsm-valdymas","8":"product_tag-trikdis","10":"first","11":"instock","12":"shipping-taxable","13":"purchasable","14":"product-type-simple"},"jetpack_sharing_enabled":true,"_links":{"self":[{"href":"https:\/\/apsaugos.lt\/index.php?rest_route=\/wp\/v2\/product\/2333","targetHints":{"allow":["GET"]}}],"collection":[{"href":"https:\/\/apsaugos.lt\/index.php?rest_route=\/wp\/v2\/product"}],"about":[{"href":"https:\/\/apsaugos.lt\/index.php?rest_route=\/wp\/v2\/types\/product"}],"replies":[{"embeddable":true,"href":"https:\/\/apsaugos.lt\/index.php?rest_route=%2Fwp%2Fv2%2Fcomments&post=2333"}],"wp:featuredmedia":[{"embeddable":true,"href":"https:\/\/apsaugos.lt\/index.php?rest_route=\/wp\/v2\/media\/308"}],"wp:attachment":[{"href":"https:\/\/apsaugos.lt\/index.php?rest_route=%2Fwp%2Fv2%2Fmedia&parent=2333"}],"wp:term":[{"taxonomy":"product_brand","embeddable":true,"href":"https:\/\/apsaugos.lt\/index.php?rest_route=%2Fwp%2Fv2%2Fproduct_brand&post=2333"},{"taxonomy":"product_cat","embeddable":true,"href":"https:\/\/apsaugos.lt\/index.php?rest_route=%2Fwp%2Fv2%2Fproduct_cat&post=2333"},{"taxonomy":"product_tag","embeddable":true,"href":"https:\/\/apsaugos.lt\/index.php?rest_route=%2Fwp%2Fv2%2Fproduct_tag&post=2333"}],"curies":[{"name":"wp","href":"https:\/\/api.w.org\/{rel}","templated":true}]}}