{"id":2335,"date":"2021-02-22T12:24:42","date_gmt":"2021-02-22T10:24:42","guid":{"rendered":"http:\/\/apsaugos.lt\/?product=import-placeholder-for-3581"},"modified":"2021-02-22T12:24:46","modified_gmt":"2021-02-22T10:24:46","slug":"tinklinis-valdymo-blokas-icp-con-et-7060","status":"publish","type":"product","link":"https:\/\/apsaugos.lt\/?product=tinklinis-valdymo-blokas-icp-con-et-7060","title":{"rendered":"Tinklinis valdymo blokas ICP-CON ET-7060"},"content":{"rendered":"<table border=\"1\" cellspacing=\"2\" cellpadding=\"2\">\n<tbody>\n<tr>\n<td>Rel\u0117s<\/td>\n<td>6 form &#8216;A&#8217;<\/td>\n<\/tr>\n<tr>\n<td>Kontaktai<\/td>\n<td>250VAC @ 5A 30VDC @ 5A<\/td>\n<\/tr>\n<tr>\n<td>Rel\u0117s \u012fjungimo laikas<\/td>\n<td>6 ms typ.<\/td>\n<\/tr>\n<tr>\n<td>Rel\u0117s i\u0161jungimo laikas<\/td>\n<td>3 ms typ.<\/td>\n<\/tr>\n<tr>\n<td>Rel\u0117s gyvavimo laikas su apkrova<\/td>\n<td>6,000 ops at 250V, 5A 100,000 ops at 250V, 3A<\/td>\n<\/tr>\n<tr>\n<td>Rel\u0117s gyvavimo laikas be apkrovos<\/td>\n<td>20 Mops at no load.<\/td>\n<\/tr>\n<tr>\n<td>Atskyrimas<\/td>\n<td>3000 volts<\/td>\n<\/tr>\n<tr>\n<td>Skaitmeniniai \u012f\u0117jimai<\/td>\n<td>6<\/td>\n<\/tr>\n<tr>\n<td>\u012etampos lygiai<\/td>\n<td>On &gt;= +10 to +50 Vdc Off &lt;= +4 Vdc<\/td>\n<\/tr>\n<tr>\n<td>\u012e\u0117jimo var\u017ea<\/td>\n<td>10 Kohms<\/td>\n<\/tr>\n<tr>\n<td>&#8222;Max count&#8221;<\/td>\n<td>32-bit counter<\/td>\n<\/tr>\n<tr>\n<td>Max. da\u017enis<\/td>\n<td>500 Hz<\/td>\n<\/tr>\n<tr>\n<td>Pulso trukm\u0117<\/td>\n<td>&gt; 1 ms<\/td>\n<\/tr>\n<tr>\n<td>Vir\u0161\u012ftampis<\/td>\n<td>+70 Vdc<\/td>\n<\/tr>\n<tr>\n<td>Atskyrimas<\/td>\n<td>3750 volts<\/td>\n<\/tr>\n<\/tbody>\n<\/table>\n","protected":false},"excerpt":{"rendered":"<p>Tinklinis valdymo blokas ICP-CON ET-7060 Number OK programai.<\/p>\n","protected":false},"featured_media":310,"comment_status":"closed","ping_status":"closed","template":"","meta":[],"product_brand":[],"product_cat":[102],"product_tag":[],"class_list":{"0":"post-2335","1":"product","2":"type-product","3":"status-publish","4":"has-post-thumbnail","6":"product_cat-numeriu-atpazinimo-sistema","8":"first","9":"instock","10":"shipping-taxable","11":"purchasable","12":"product-type-simple"},"jetpack_sharing_enabled":true,"_links":{"self":[{"href":"https:\/\/apsaugos.lt\/index.php?rest_route=\/wp\/v2\/product\/2335","targetHints":{"allow":["GET"]}}],"collection":[{"href":"https:\/\/apsaugos.lt\/index.php?rest_route=\/wp\/v2\/product"}],"about":[{"href":"https:\/\/apsaugos.lt\/index.php?rest_route=\/wp\/v2\/types\/product"}],"replies":[{"embeddable":true,"href":"https:\/\/apsaugos.lt\/index.php?rest_route=%2Fwp%2Fv2%2Fcomments&post=2335"}],"wp:featuredmedia":[{"embeddable":true,"href":"https:\/\/apsaugos.lt\/index.php?rest_route=\/wp\/v2\/media\/310"}],"wp:attachment":[{"href":"https:\/\/apsaugos.lt\/index.php?rest_route=%2Fwp%2Fv2%2Fmedia&parent=2335"}],"wp:term":[{"taxonomy":"product_brand","embeddable":true,"href":"https:\/\/apsaugos.lt\/index.php?rest_route=%2Fwp%2Fv2%2Fproduct_brand&post=2335"},{"taxonomy":"product_cat","embeddable":true,"href":"https:\/\/apsaugos.lt\/index.php?rest_route=%2Fwp%2Fv2%2Fproduct_cat&post=2335"},{"taxonomy":"product_tag","embeddable":true,"href":"https:\/\/apsaugos.lt\/index.php?rest_route=%2Fwp%2Fv2%2Fproduct_tag&post=2335"}],"curies":[{"name":"wp","href":"https:\/\/api.w.org\/{rel}","templated":true}]}}