{"id":2336,"date":"2021-02-22T12:24:42","date_gmt":"2021-02-22T10:24:42","guid":{"rendered":"http:\/\/apsaugos.lt\/?product=import-placeholder-for-3584"},"modified":"2021-02-22T12:24:46","modified_gmt":"2021-02-22T10:24:46","slug":"dsc-pc-585","status":"publish","type":"product","link":"https:\/\/apsaugos.lt\/?product=dsc-pc-585","title":{"rendered":"DSC PC-585"},"content":{"rendered":"<table style=\"font-weight: 400;\" width=\"100%\">\n<tbody>\n<tr>\n<td colspan=\"2\">Charakteristikos<\/td>\n<\/tr>\n<tr>\n<td>Pavadinimas<\/td>\n<td>Central\u0117 PC585<\/td>\n<\/tr>\n<tr>\n<td>Gamintojas<\/td>\n<td>DSC<\/td>\n<\/tr>\n<tr>\n<td>Zonos<\/td>\n<td>4<\/td>\n<\/tr>\n<tr>\n<td>Zon\u0173 i\u0161pl\u0117timas iki<\/td>\n<td>iki 32 bevieli\u0173 zon\u0173<\/td>\n<\/tr>\n<tr>\n<td>Sritys<\/td>\n<td>1<\/td>\n<\/tr>\n<tr>\n<td>PGM i\u0161\u0117jimai<\/td>\n<td>1<\/td>\n<\/tr>\n<tr>\n<td>Palaikomos klaviat\u016bros<\/td>\n<td>8<\/td>\n<\/tr>\n<tr>\n<td>Palaikomi belaid\u0117s \u012frangos imtuvai<\/td>\n<td>4<\/td>\n<\/tr>\n<tr>\n<td>Vartotojo kodas<\/td>\n<td>32 + Master kodai<\/td>\n<\/tr>\n<tr>\n<td>\u012evykiai atmintyje<\/td>\n<td>128<\/td>\n<\/tr>\n<\/tbody>\n<\/table>\n","protected":false},"excerpt":{"rendered":"<p>DSC 4 zon\u0173\u00a0central\u0117, I\u0161ple\u010diama iki 32 bevieli\u0173 zon\u0173<\/p>\n","protected":false},"featured_media":311,"comment_status":"closed","ping_status":"closed","template":"","meta":[],"product_brand":[],"product_cat":[112],"product_tag":[90,113],"class_list":{"0":"post-2336","1":"product","2":"type-product","3":"status-publish","4":"has-post-thumbnail","6":"product_cat-dsc-centrales","7":"product_tag-apsaugos-sistemos","8":"product_tag-dsc","10":"first","11":"instock","12":"shipping-taxable","13":"purchasable","14":"product-type-simple"},"jetpack_sharing_enabled":true,"_links":{"self":[{"href":"https:\/\/apsaugos.lt\/index.php?rest_route=\/wp\/v2\/product\/2336","targetHints":{"allow":["GET"]}}],"collection":[{"href":"https:\/\/apsaugos.lt\/index.php?rest_route=\/wp\/v2\/product"}],"about":[{"href":"https:\/\/apsaugos.lt\/index.php?rest_route=\/wp\/v2\/types\/product"}],"replies":[{"embeddable":true,"href":"https:\/\/apsaugos.lt\/index.php?rest_route=%2Fwp%2Fv2%2Fcomments&post=2336"}],"wp:featuredmedia":[{"embeddable":true,"href":"https:\/\/apsaugos.lt\/index.php?rest_route=\/wp\/v2\/media\/311"}],"wp:attachment":[{"href":"https:\/\/apsaugos.lt\/index.php?rest_route=%2Fwp%2Fv2%2Fmedia&parent=2336"}],"wp:term":[{"taxonomy":"product_brand","embeddable":true,"href":"https:\/\/apsaugos.lt\/index.php?rest_route=%2Fwp%2Fv2%2Fproduct_brand&post=2336"},{"taxonomy":"product_cat","embeddable":true,"href":"https:\/\/apsaugos.lt\/index.php?rest_route=%2Fwp%2Fv2%2Fproduct_cat&post=2336"},{"taxonomy":"product_tag","embeddable":true,"href":"https:\/\/apsaugos.lt\/index.php?rest_route=%2Fwp%2Fv2%2Fproduct_tag&post=2336"}],"curies":[{"name":"wp","href":"https:\/\/api.w.org\/{rel}","templated":true}]}}