{"id":2337,"date":"2021-02-22T12:24:42","date_gmt":"2021-02-22T10:24:42","guid":{"rendered":"http:\/\/apsaugos.lt\/?product=import-placeholder-for-3585"},"modified":"2021-02-22T12:24:46","modified_gmt":"2021-02-22T10:24:46","slug":"dsc-pc1404","status":"publish","type":"product","link":"https:\/\/apsaugos.lt\/?product=dsc-pc1404","title":{"rendered":"DSC PC1404"},"content":{"rendered":"<p>PC1404 &#8211; keturi\u0173 zon\u0173 apsaugos central\u0117<\/p>\n","protected":false},"excerpt":{"rendered":"<ul>\n<li>4 zonos plok\u0161t\u0117je, ple\u010diama iki 8 zon\u0173<\/li>\n<li>Palaiko iki 4 pulteli\u0173, \u012fskaitant ir nauj\u0105\u00a0PC1404RKZ<\/li>\n<li>Palaiko iki 4 telefono numeri\u0173<\/li>\n<li>Viena particija<\/li>\n<li>128 \u012fvyki\u0173 atmintis<\/li>\n<li>2\u00a0vnt. PGM i\u0161\u0117jim\u0173 (50 mA ir 300 mA),<\/li>\n<li>PGM\u00a0ple\u010diami iki\u00a014 (8 x 50 mA su PC5208, 4 x 500 mA su PC5204)<\/li>\n<li>Palaiko iki 39\u00a0vartotojo kod\u0173\u00a0ir 1 &#8222;master&#8221;\u00a0kod\u0105 su\u00a06 programuojamais vartotojo kod\u0173 atributais<\/li>\n<li>Nuolat stebi galim\u0173 gedim\u0173 s\u0105lygas<\/li>\n<li>Daug netikro aliarmo prevencijos savybi\u0173<\/li>\n<li>Palaiko\u00a02-\u00a0ir 4-laid\u017eius\u00a0d\u016bm\u0173 detektorius.<\/li>\n<li>Lanksti zon\u0173 konfig\u016bracija: 29\u00a0zon\u0173 tipai\u00a0ir 11\u00a0programuojam\u0173 zon\u0173 atribut\u0173<\/li>\n<\/ul>\n","protected":false},"featured_media":312,"comment_status":"closed","ping_status":"closed","template":"","meta":[],"product_brand":[],"product_cat":[112],"product_tag":[113],"class_list":{"0":"post-2337","1":"product","2":"type-product","3":"status-publish","4":"has-post-thumbnail","6":"product_cat-dsc-centrales","7":"product_tag-dsc","9":"first","10":"instock","11":"shipping-taxable","12":"purchasable","13":"product-type-simple"},"jetpack_sharing_enabled":true,"_links":{"self":[{"href":"https:\/\/apsaugos.lt\/index.php?rest_route=\/wp\/v2\/product\/2337","targetHints":{"allow":["GET"]}}],"collection":[{"href":"https:\/\/apsaugos.lt\/index.php?rest_route=\/wp\/v2\/product"}],"about":[{"href":"https:\/\/apsaugos.lt\/index.php?rest_route=\/wp\/v2\/types\/product"}],"replies":[{"embeddable":true,"href":"https:\/\/apsaugos.lt\/index.php?rest_route=%2Fwp%2Fv2%2Fcomments&post=2337"}],"wp:featuredmedia":[{"embeddable":true,"href":"https:\/\/apsaugos.lt\/index.php?rest_route=\/wp\/v2\/media\/312"}],"wp:attachment":[{"href":"https:\/\/apsaugos.lt\/index.php?rest_route=%2Fwp%2Fv2%2Fmedia&parent=2337"}],"wp:term":[{"taxonomy":"product_brand","embeddable":true,"href":"https:\/\/apsaugos.lt\/index.php?rest_route=%2Fwp%2Fv2%2Fproduct_brand&post=2337"},{"taxonomy":"product_cat","embeddable":true,"href":"https:\/\/apsaugos.lt\/index.php?rest_route=%2Fwp%2Fv2%2Fproduct_cat&post=2337"},{"taxonomy":"product_tag","embeddable":true,"href":"https:\/\/apsaugos.lt\/index.php?rest_route=%2Fwp%2Fv2%2Fproduct_tag&post=2337"}],"curies":[{"name":"wp","href":"https:\/\/api.w.org\/{rel}","templated":true}]}}