{"id":2338,"date":"2021-02-22T12:24:42","date_gmt":"2021-02-22T10:24:42","guid":{"rendered":"http:\/\/apsaugos.lt\/?product=import-placeholder-for-3587"},"modified":"2021-02-22T12:24:46","modified_gmt":"2021-02-22T10:24:46","slug":"dsc-pc-1616","status":"publish","type":"product","link":"https:\/\/apsaugos.lt\/?product=dsc-pc-1616","title":{"rendered":"DSC PC-1616"},"content":{"rendered":"<table style=\"font-weight: 400;\" width=\"100%\">\n<tbody>\n<tr>\n<td>Pavadinimas<\/td>\n<td>Central\u0117\u00a0PC1616<\/td>\n<\/tr>\n<tr>\n<td>Gamintojas<\/td>\n<td>DSC<\/td>\n<\/tr>\n<tr>\n<td>Zonos<\/td>\n<td>6<\/td>\n<\/tr>\n<tr>\n<td>Zon\u0173 i\u0161pl\u0117timas iki<\/td>\n<td>16<\/td>\n<\/tr>\n<tr>\n<td>Sritys<\/td>\n<td>2<\/td>\n<\/tr>\n<tr>\n<td>PGM i\u0161\u0117jimai<\/td>\n<td>1 (silpnos srov\u0117s), 1 (stiprios srov\u0117s)<\/td>\n<\/tr>\n<tr>\n<td>PGM i\u0161pl\u0117timas iki<\/td>\n<td>8 (silpnos srov\u0117s), 4 (stiprios srov\u0117s)<\/td>\n<\/tr>\n<tr>\n<td>Palaikomos klaviat\u016bros<\/td>\n<td>8<\/td>\n<\/tr>\n<tr>\n<td>Palaikomi belaid\u0117s \u012frangos imtuvai<\/td>\n<td>4<\/td>\n<\/tr>\n<tr>\n<td>Vartotojo kodas<\/td>\n<td>48<\/td>\n<\/tr>\n<tr>\n<td>\u012evykiai atmintyje<\/td>\n<td>500<\/td>\n<\/tr>\n<\/tbody>\n<\/table>\n","protected":false},"excerpt":{"rendered":"<p>DSC 6-16 zon\u0173 procesorius 6 zonos pagrindiniam procesoriuje.<\/p>\n<p>PowerSeries central\u0117s u\u017esitarnavusios vert\u0119 ir patikimum\u0105 tarp apsaugos sistem\u0173 profesional\u0173. Naujosios kartos central\u0117se \u012fdiegtos tokios papildomos savyb\u0117s, kaip CO jutikli\u0173 palaikymas, automatinis sinchronizavimas suma\u017einantis instaliacijos laik\u0105,\u00a0 lankstumas prane\u0161antis suveikimo b\u016bsen\u0105 (VoIP, GPRS\/GSM ir kt. b\u016bdai) ir tai tik keletas i\u0161 jos privalum\u0173.<\/p>\n","protected":false},"featured_media":313,"comment_status":"closed","ping_status":"closed","template":"","meta":[],"product_brand":[],"product_cat":[112],"product_tag":[113],"class_list":{"0":"post-2338","1":"product","2":"type-product","3":"status-publish","4":"has-post-thumbnail","6":"product_cat-dsc-centrales","7":"product_tag-dsc","9":"first","10":"instock","11":"shipping-taxable","12":"purchasable","13":"product-type-simple"},"jetpack_sharing_enabled":true,"_links":{"self":[{"href":"https:\/\/apsaugos.lt\/index.php?rest_route=\/wp\/v2\/product\/2338","targetHints":{"allow":["GET"]}}],"collection":[{"href":"https:\/\/apsaugos.lt\/index.php?rest_route=\/wp\/v2\/product"}],"about":[{"href":"https:\/\/apsaugos.lt\/index.php?rest_route=\/wp\/v2\/types\/product"}],"replies":[{"embeddable":true,"href":"https:\/\/apsaugos.lt\/index.php?rest_route=%2Fwp%2Fv2%2Fcomments&post=2338"}],"wp:featuredmedia":[{"embeddable":true,"href":"https:\/\/apsaugos.lt\/index.php?rest_route=\/wp\/v2\/media\/313"}],"wp:attachment":[{"href":"https:\/\/apsaugos.lt\/index.php?rest_route=%2Fwp%2Fv2%2Fmedia&parent=2338"}],"wp:term":[{"taxonomy":"product_brand","embeddable":true,"href":"https:\/\/apsaugos.lt\/index.php?rest_route=%2Fwp%2Fv2%2Fproduct_brand&post=2338"},{"taxonomy":"product_cat","embeddable":true,"href":"https:\/\/apsaugos.lt\/index.php?rest_route=%2Fwp%2Fv2%2Fproduct_cat&post=2338"},{"taxonomy":"product_tag","embeddable":true,"href":"https:\/\/apsaugos.lt\/index.php?rest_route=%2Fwp%2Fv2%2Fproduct_tag&post=2338"}],"curies":[{"name":"wp","href":"https:\/\/api.w.org\/{rel}","templated":true}]}}