{"id":2339,"date":"2021-02-22T12:24:42","date_gmt":"2021-02-22T10:24:42","guid":{"rendered":"http:\/\/apsaugos.lt\/?product=import-placeholder-for-3590"},"modified":"2021-02-22T12:24:46","modified_gmt":"2021-02-22T10:24:46","slug":"dsc-pc-1832","status":"publish","type":"product","link":"https:\/\/apsaugos.lt\/?product=dsc-pc-1832","title":{"rendered":"DSC PC-1832"},"content":{"rendered":"<table border=\"1\">\n<tbody>\n<tr>\n<td align=\"center\">\n<div align=\"center\">\n<div align=\"center\">\n<div align=\"center\">\n<div align=\"center\">\n<div align=\"center\"><span style=\"color: #505050;\">Pavadinimas<\/span><\/div>\n<\/div>\n<\/div>\n<\/div>\n<\/div>\n<\/td>\n<td align=\"center\"><span style=\"color: #505050;\">PC1832<\/span><\/td>\n<\/tr>\n<tr>\n<td align=\"center\"><span style=\"color: #505050;\">Zonos<\/span><\/td>\n<td align=\"center\"><span style=\"color: #505050;\">8<\/span><\/td>\n<\/tr>\n<tr>\n<td align=\"center\"><span style=\"color: #505050;\">Zon\u0173 i\u0161pl\u0117timas iki<\/span><\/td>\n<td align=\"center\"><span style=\"color: #505050;\">32<\/span><\/td>\n<\/tr>\n<tr>\n<td align=\"center\"><span style=\"color: #505050;\">PGM i\u0161\u0117jimai<\/span><\/td>\n<td align=\"center\"><span style=\"color: #505050;\">1 (silpnos srov\u0117s), 1 (stiprios srov\u0117s)<\/span><\/td>\n<\/tr>\n<tr>\n<td align=\"center\"><span style=\"color: #505050;\">PGM i\u0161pl\u0117timas iki<\/span><\/td>\n<td align=\"center\"><span style=\"color: #505050;\">8 (silpnos srov\u0117s), 4 (stiprios srov\u0117s)<\/span><\/td>\n<\/tr>\n<tr>\n<td align=\"center\"><span style=\"color: #505050;\">Palaikomos klaviat\u016bros<\/span><\/td>\n<td align=\"center\"><span style=\"color: #505050;\">8<\/span><\/td>\n<\/tr>\n<tr>\n<td align=\"center\"><span style=\"color: #505050;\">Palaikomi belaid\u0117s \u012frangos imtuva<\/span><\/td>\n<td align=\"center\"><span style=\"color: #505050;\">4<\/span><\/td>\n<\/tr>\n<tr>\n<td align=\"center\"><span style=\"color: #505050;\">Vartotojo kodai<\/span><\/td>\n<td align=\"center\"><span style=\"color: #505050;\">72<\/span><\/td>\n<\/tr>\n<tr>\n<td align=\"center\"><span style=\"color: #505050;\">Sritys<\/span><\/td>\n<td align=\"center\"><span style=\"color: #505050;\">4<\/span><\/td>\n<\/tr>\n<tr>\n<td align=\"center\"><span style=\"color: #505050;\">\u012evykiai atmintyje<\/span><\/td>\n<td align=\"center\"><span style=\"color: #505050;\">500<\/span><\/td>\n<\/tr>\n<\/tbody>\n<\/table>\n","protected":false},"excerpt":{"rendered":"<p>DSC PC1832 8-32 zon\u0173 procesorius 8 zonos pagrindiniam procesoriuje<\/p>\n<p>PowerSeries central\u0117s u\u017esitarnavusios vert\u0119 ir patikimum\u0105 tarp apsaugos sistem\u0173 profesional\u0173. Naujosios kartos central\u0117se \u012fdiegtos tokios papildomos savyb\u0117s, kaip CO jutikli\u0173 palaikymas, automatinis sinchronizavimas suma\u017einantis instaliacijos laik\u0105, lankstumas prane\u0161antis suveikimo b\u016bsen\u0105 (VoIP, GPRS\/GSM ir kt. b\u016bdai) ir tai tik keletas i\u0161 jos privalum\u0173.<\/p>\n","protected":false},"featured_media":314,"comment_status":"closed","ping_status":"closed","template":"","meta":[],"product_brand":[],"product_cat":[112],"product_tag":[113,114],"class_list":{"0":"post-2339","1":"product","2":"type-product","3":"status-publish","4":"has-post-thumbnail","6":"product_cat-dsc-centrales","7":"product_tag-dsc","8":"product_tag-dsc-pc-1832","10":"first","11":"instock","12":"shipping-taxable","13":"purchasable","14":"product-type-simple"},"jetpack_sharing_enabled":true,"_links":{"self":[{"href":"https:\/\/apsaugos.lt\/index.php?rest_route=\/wp\/v2\/product\/2339","targetHints":{"allow":["GET"]}}],"collection":[{"href":"https:\/\/apsaugos.lt\/index.php?rest_route=\/wp\/v2\/product"}],"about":[{"href":"https:\/\/apsaugos.lt\/index.php?rest_route=\/wp\/v2\/types\/product"}],"replies":[{"embeddable":true,"href":"https:\/\/apsaugos.lt\/index.php?rest_route=%2Fwp%2Fv2%2Fcomments&post=2339"}],"wp:featuredmedia":[{"embeddable":true,"href":"https:\/\/apsaugos.lt\/index.php?rest_route=\/wp\/v2\/media\/314"}],"wp:attachment":[{"href":"https:\/\/apsaugos.lt\/index.php?rest_route=%2Fwp%2Fv2%2Fmedia&parent=2339"}],"wp:term":[{"taxonomy":"product_brand","embeddable":true,"href":"https:\/\/apsaugos.lt\/index.php?rest_route=%2Fwp%2Fv2%2Fproduct_brand&post=2339"},{"taxonomy":"product_cat","embeddable":true,"href":"https:\/\/apsaugos.lt\/index.php?rest_route=%2Fwp%2Fv2%2Fproduct_cat&post=2339"},{"taxonomy":"product_tag","embeddable":true,"href":"https:\/\/apsaugos.lt\/index.php?rest_route=%2Fwp%2Fv2%2Fproduct_tag&post=2339"}],"curies":[{"name":"wp","href":"https:\/\/api.w.org\/{rel}","templated":true}]}}