{"id":2340,"date":"2021-02-22T12:24:42","date_gmt":"2021-02-22T10:24:42","guid":{"rendered":"http:\/\/apsaugos.lt\/?product=import-placeholder-for-3592"},"modified":"2021-02-22T12:24:46","modified_gmt":"2021-02-22T10:24:46","slug":"dsc-pc-1864","status":"publish","type":"product","link":"https:\/\/apsaugos.lt\/?product=dsc-pc-1864","title":{"rendered":"DSC PC-1864"},"content":{"rendered":"<table border=\"1\">\n<tbody>\n<tr>\n<td colspan=\"2\" align=\"center\">harakteristikos<\/td>\n<\/tr>\n<tr>\n<td align=\"center\">Pavadinimas<\/td>\n<td align=\"center\">PC1864<\/td>\n<\/tr>\n<tr>\n<td align=\"center\">Zonos<\/td>\n<td align=\"center\">8<\/td>\n<\/tr>\n<tr>\n<td align=\"center\">Zon\u0173 i\u0161pl\u0117timas iki<\/td>\n<td align=\"center\">64<\/td>\n<\/tr>\n<tr>\n<td align=\"center\">PGM i\u0161\u0117jimai<\/td>\n<td align=\"center\">3 (silpnos srov\u0117s), 1 (stiprios srov\u0117s)<\/td>\n<\/tr>\n<tr>\n<td align=\"center\">PGM i\u0161pl\u0117timas iki<\/td>\n<td align=\"center\">8 (silpnos srov\u0117s), 4 (stiprios srov\u0117s)<\/td>\n<\/tr>\n<tr>\n<td align=\"center\">Palaikomos klaviat\u016bros<\/td>\n<td align=\"center\">8<\/td>\n<\/tr>\n<tr>\n<td align=\"center\">Palaikomi belaid\u0117s \u012frangos imtuvai<\/td>\n<td align=\"center\">4<\/td>\n<\/tr>\n<tr>\n<td align=\"center\">Vartotojo kodai<\/td>\n<td align=\"center\">95<\/td>\n<\/tr>\n<tr>\n<td align=\"center\">Sritys<\/td>\n<td align=\"center\">8<\/td>\n<\/tr>\n<tr>\n<td align=\"center\">\u012evykiai atmintyje<\/td>\n<td align=\"center\">500<\/td>\n<\/tr>\n<\/tbody>\n<\/table>\n","protected":false},"excerpt":{"rendered":"<p>PowerSeries central\u0117s u\u017esitarnavusios vert\u0119 ir patikimum\u0105 tarp apsaugos sistem\u0173 profesional\u0173. Naujosios kartos central\u0117se \u012fdiegtos tokios papildomos savyb\u0117s, kaip CO jutikli\u0173 palaikymas, automatinis sinchronizavimas suma\u017einantis instaliacijos laik\u0105, lankstumas prane\u0161antis suveikimo b\u016bsen\u0105 (VoIP, GPRS\/GSM ir kt. b\u016bdai) ir tai tik keletas i\u0161 jos privalum\u0173.<\/p>\n","protected":false},"featured_media":314,"comment_status":"closed","ping_status":"closed","template":"","meta":[],"product_brand":[],"product_cat":[112],"product_tag":[113],"class_list":{"0":"post-2340","1":"product","2":"type-product","3":"status-publish","4":"has-post-thumbnail","6":"product_cat-dsc-centrales","7":"product_tag-dsc","9":"first","10":"instock","11":"shipping-taxable","12":"purchasable","13":"product-type-simple"},"jetpack_sharing_enabled":true,"_links":{"self":[{"href":"https:\/\/apsaugos.lt\/index.php?rest_route=\/wp\/v2\/product\/2340","targetHints":{"allow":["GET"]}}],"collection":[{"href":"https:\/\/apsaugos.lt\/index.php?rest_route=\/wp\/v2\/product"}],"about":[{"href":"https:\/\/apsaugos.lt\/index.php?rest_route=\/wp\/v2\/types\/product"}],"replies":[{"embeddable":true,"href":"https:\/\/apsaugos.lt\/index.php?rest_route=%2Fwp%2Fv2%2Fcomments&post=2340"}],"wp:featuredmedia":[{"embeddable":true,"href":"https:\/\/apsaugos.lt\/index.php?rest_route=\/wp\/v2\/media\/314"}],"wp:attachment":[{"href":"https:\/\/apsaugos.lt\/index.php?rest_route=%2Fwp%2Fv2%2Fmedia&parent=2340"}],"wp:term":[{"taxonomy":"product_brand","embeddable":true,"href":"https:\/\/apsaugos.lt\/index.php?rest_route=%2Fwp%2Fv2%2Fproduct_brand&post=2340"},{"taxonomy":"product_cat","embeddable":true,"href":"https:\/\/apsaugos.lt\/index.php?rest_route=%2Fwp%2Fv2%2Fproduct_cat&post=2340"},{"taxonomy":"product_tag","embeddable":true,"href":"https:\/\/apsaugos.lt\/index.php?rest_route=%2Fwp%2Fv2%2Fproduct_tag&post=2340"}],"curies":[{"name":"wp","href":"https:\/\/api.w.org\/{rel}","templated":true}]}}