{"id":2341,"date":"2021-02-22T12:24:42","date_gmt":"2021-02-22T10:24:42","guid":{"rendered":"http:\/\/apsaugos.lt\/?product=import-placeholder-for-3593"},"modified":"2021-02-22T12:24:47","modified_gmt":"2021-02-22T10:24:47","slug":"dsc-pc5108-8-zonu-ispletimo-modulis","status":"publish","type":"product","link":"https:\/\/apsaugos.lt\/?product=dsc-pc5108-8-zonu-ispletimo-modulis","title":{"rendered":"DSC PC5108 8 zon\u0173 i\u0161pl\u0117timo modulis"},"content":{"rendered":"<ul>\n<li>Gamintojas DSC<\/li>\n<li>Suderinamas su PC1616, PC1832 ir PC1864 central\u0117mis<\/li>\n<li>Maitinimo \u012ftampa 12 V DC<\/li>\n<li>Zon\u0173 i\u0161pl\u0117timas iki 8<\/li>\n<\/ul>\n","protected":false},"excerpt":{"rendered":"<p>Gamintojas DSC Suderinamas su PC1616, PC1832 ir PC1864 central\u0117mis Maitinimo \u012ftampa 12 V DC Zon\u0173 i\u0161pl\u0117timas iki 8<\/p>\n","protected":false},"featured_media":315,"comment_status":"closed","ping_status":"closed","template":"","meta":[],"product_brand":[],"product_cat":[112],"product_tag":[113],"class_list":{"0":"post-2341","1":"product","2":"type-product","3":"status-publish","4":"has-post-thumbnail","6":"product_cat-dsc-centrales","7":"product_tag-dsc","9":"first","10":"instock","11":"shipping-taxable","12":"purchasable","13":"product-type-simple"},"jetpack_sharing_enabled":true,"_links":{"self":[{"href":"https:\/\/apsaugos.lt\/index.php?rest_route=\/wp\/v2\/product\/2341","targetHints":{"allow":["GET"]}}],"collection":[{"href":"https:\/\/apsaugos.lt\/index.php?rest_route=\/wp\/v2\/product"}],"about":[{"href":"https:\/\/apsaugos.lt\/index.php?rest_route=\/wp\/v2\/types\/product"}],"replies":[{"embeddable":true,"href":"https:\/\/apsaugos.lt\/index.php?rest_route=%2Fwp%2Fv2%2Fcomments&post=2341"}],"wp:featuredmedia":[{"embeddable":true,"href":"https:\/\/apsaugos.lt\/index.php?rest_route=\/wp\/v2\/media\/315"}],"wp:attachment":[{"href":"https:\/\/apsaugos.lt\/index.php?rest_route=%2Fwp%2Fv2%2Fmedia&parent=2341"}],"wp:term":[{"taxonomy":"product_brand","embeddable":true,"href":"https:\/\/apsaugos.lt\/index.php?rest_route=%2Fwp%2Fv2%2Fproduct_brand&post=2341"},{"taxonomy":"product_cat","embeddable":true,"href":"https:\/\/apsaugos.lt\/index.php?rest_route=%2Fwp%2Fv2%2Fproduct_cat&post=2341"},{"taxonomy":"product_tag","embeddable":true,"href":"https:\/\/apsaugos.lt\/index.php?rest_route=%2Fwp%2Fv2%2Fproduct_tag&post=2341"}],"curies":[{"name":"wp","href":"https:\/\/api.w.org\/{rel}","templated":true}]}}