{"id":2342,"date":"2021-02-22T12:24:43","date_gmt":"2021-02-22T10:24:43","guid":{"rendered":"http:\/\/apsaugos.lt\/?product=import-placeholder-for-3595"},"modified":"2021-02-22T12:24:47","modified_gmt":"2021-02-22T10:24:47","slug":"dsc-pc5208-8-zonu-isejimo-modulis","status":"publish","type":"product","link":"https:\/\/apsaugos.lt\/?product=dsc-pc5208-8-zonu-isejimo-modulis","title":{"rendered":"DSC PC5208 8 zon\u0173 i\u0161\u0117jimo modulis"},"content":{"rendered":"<ul>\n<li>I\u0161\u0117jimo modulis PC5208<\/li>\n<li>Gamintojas DSC<\/li>\n<li>Maitinimo \u012ftampa 12V DC<\/li>\n<li>Vartojama srov\u0117 20 mA<\/li>\n<li>8 silpnos sroves PGM i\u0161\u0117jimai (50 mA)<\/li>\n<li>Suderinamas su PC1616, PC1832 ir PC1864 central\u0117mis<\/li>\n<\/ul>\n","protected":false},"excerpt":{"rendered":"<p>I\u0161\u0117jimo modulis PC5208 Gamintojas DSC Maitinimo \u012ftampa 12V DC Vartojama srov\u0117 20 mA 8 silpnos sroves PGM i\u0161\u0117jimai (50 mA) Suderinamas su PC1616, PC1832 ir PC1864 central\u0117mis<\/p>\n","protected":false},"featured_media":316,"comment_status":"closed","ping_status":"closed","template":"","meta":[],"product_brand":[],"product_cat":[112],"product_tag":[113],"class_list":{"0":"post-2342","1":"product","2":"type-product","3":"status-publish","4":"has-post-thumbnail","6":"product_cat-dsc-centrales","7":"product_tag-dsc","9":"first","10":"instock","11":"shipping-taxable","12":"purchasable","13":"product-type-simple"},"jetpack_sharing_enabled":true,"_links":{"self":[{"href":"https:\/\/apsaugos.lt\/index.php?rest_route=\/wp\/v2\/product\/2342","targetHints":{"allow":["GET"]}}],"collection":[{"href":"https:\/\/apsaugos.lt\/index.php?rest_route=\/wp\/v2\/product"}],"about":[{"href":"https:\/\/apsaugos.lt\/index.php?rest_route=\/wp\/v2\/types\/product"}],"replies":[{"embeddable":true,"href":"https:\/\/apsaugos.lt\/index.php?rest_route=%2Fwp%2Fv2%2Fcomments&post=2342"}],"wp:featuredmedia":[{"embeddable":true,"href":"https:\/\/apsaugos.lt\/index.php?rest_route=\/wp\/v2\/media\/316"}],"wp:attachment":[{"href":"https:\/\/apsaugos.lt\/index.php?rest_route=%2Fwp%2Fv2%2Fmedia&parent=2342"}],"wp:term":[{"taxonomy":"product_brand","embeddable":true,"href":"https:\/\/apsaugos.lt\/index.php?rest_route=%2Fwp%2Fv2%2Fproduct_brand&post=2342"},{"taxonomy":"product_cat","embeddable":true,"href":"https:\/\/apsaugos.lt\/index.php?rest_route=%2Fwp%2Fv2%2Fproduct_cat&post=2342"},{"taxonomy":"product_tag","embeddable":true,"href":"https:\/\/apsaugos.lt\/index.php?rest_route=%2Fwp%2Fv2%2Fproduct_tag&post=2342"}],"curies":[{"name":"wp","href":"https:\/\/api.w.org\/{rel}","templated":true}]}}