{"id":2346,"date":"2021-02-22T12:24:49","date_gmt":"2021-02-22T10:24:49","guid":{"rendered":"http:\/\/apsaugos.lt\/?product=import-placeholder-for-3605"},"modified":"2021-02-22T12:24:51","modified_gmt":"2021-02-22T10:24:51","slug":"paradox-sp7000","status":"publish","type":"product","link":"https:\/\/apsaugos.lt\/?product=paradox-sp7000","title":{"rendered":"Paradox SP7000"},"content":{"rendered":"<p>16 bazin\u0117s zonos (32 su ATZ funkcija)<br \/>\n4 bazin\u0117s programuojamos zonos<br \/>\n1 aliarmin\u0117 r\u0117l\u0117<br \/>\nPalaiko Stay D r\u0117\u017eim\u0105<br \/>\nKeturi\u0173 laid\u0173 pl\u0117timo \u0161yna<br \/>\nPle\u010diama iki 32 zon\u0173<br \/>\nPle\u010diama iki 16 programuojam\u0173 zon\u0173<br \/>\n2 particijos<br \/>\n32 vartotoj\u0173 kodai<br \/>\nPalaiko IP100 internetin\u012f modul\u012f<br \/>\nPalaiko VDMP3 Plug-in garso modul\u012f<br \/>\nProgramin\u0117s \u012frangos atnaujinimo galimyb\u0117 i\u0161 kompiuterio per 307USB jungt\u012f arba naudojant WinLoad programin\u0119 \u012frang\u0105<br \/>\n256 \u012fvyki\u0173 buferis<\/p>\n","protected":false},"excerpt":{"rendered":"<p>16 bazin\u0117s zonos (32 su ATZ funkcija) 4 bazin\u0117s programuojamos zonos 1 aliarmin\u0117 r\u0117l\u0117 Palaiko Stay D r\u0117\u017eim\u0105 Keturi\u0173 laid\u0173 pl\u0117timo \u0161yna Ple\u010diama iki 32 zon\u0173 Ple\u010diama iki 16 programuojam\u0173 zon\u0173 2 particijos 32 vartotoj\u0173 kodai Palaiko IP100 internetin\u012f modul\u012f Palaiko VDMP3 Plug-in garso modul\u012f Programin\u0117s \u012frangos atnaujinimo galimyb\u0117 i\u0161 kompiuterio per 307USB jungt\u012f arba [&hellip;]<\/p>\n","protected":false},"featured_media":349,"comment_status":"closed","ping_status":"closed","template":"","meta":[],"product_brand":[],"product_cat":[115],"product_tag":[116],"class_list":{"0":"post-2346","1":"product","2":"type-product","3":"status-publish","4":"has-post-thumbnail","6":"product_cat-paradox-centrales","7":"product_tag-paradox","9":"first","10":"instock","11":"shipping-taxable","12":"purchasable","13":"product-type-simple"},"jetpack_sharing_enabled":true,"_links":{"self":[{"href":"https:\/\/apsaugos.lt\/index.php?rest_route=\/wp\/v2\/product\/2346","targetHints":{"allow":["GET"]}}],"collection":[{"href":"https:\/\/apsaugos.lt\/index.php?rest_route=\/wp\/v2\/product"}],"about":[{"href":"https:\/\/apsaugos.lt\/index.php?rest_route=\/wp\/v2\/types\/product"}],"replies":[{"embeddable":true,"href":"https:\/\/apsaugos.lt\/index.php?rest_route=%2Fwp%2Fv2%2Fcomments&post=2346"}],"wp:featuredmedia":[{"embeddable":true,"href":"https:\/\/apsaugos.lt\/index.php?rest_route=\/wp\/v2\/media\/349"}],"wp:attachment":[{"href":"https:\/\/apsaugos.lt\/index.php?rest_route=%2Fwp%2Fv2%2Fmedia&parent=2346"}],"wp:term":[{"taxonomy":"product_brand","embeddable":true,"href":"https:\/\/apsaugos.lt\/index.php?rest_route=%2Fwp%2Fv2%2Fproduct_brand&post=2346"},{"taxonomy":"product_cat","embeddable":true,"href":"https:\/\/apsaugos.lt\/index.php?rest_route=%2Fwp%2Fv2%2Fproduct_cat&post=2346"},{"taxonomy":"product_tag","embeddable":true,"href":"https:\/\/apsaugos.lt\/index.php?rest_route=%2Fwp%2Fv2%2Fproduct_tag&post=2346"}],"curies":[{"name":"wp","href":"https:\/\/api.w.org\/{rel}","templated":true}]}}