{"id":2347,"date":"2021-02-22T12:24:49","date_gmt":"2021-02-22T10:24:49","guid":{"rendered":"http:\/\/apsaugos.lt\/?product=import-placeholder-for-3607"},"modified":"2021-02-22T12:24:51","modified_gmt":"2021-02-22T10:24:51","slug":"paradox-sp65","status":"publish","type":"product","link":"https:\/\/apsaugos.lt\/?product=paradox-sp65","title":{"rendered":"Paradox SP65"},"content":{"rendered":"<ul>\n<li>Zonos plok\u0161t\u0117je: 9<\/li>\n<li>Ple\u010diama iki 32 zon\u0173<\/li>\n<li>PGM&#8217;\u0173 plok\u0161t\u0117je: 3<\/li>\n<li>Pl\u010diama iki 16 PGM&#8217;\u0173<\/li>\n<li>Maitinimas 1.1A<\/li>\n<li>2 particijos<\/li>\n<li>32 vartotoj\u0173 kodai<\/li>\n<li>256 \u012fvyki\u0173 atmintis<\/li>\n<\/ul>\n","protected":false},"excerpt":{"rendered":"<p>Zonos plok\u0161t\u0117je: 9 Ple\u010diama iki 32 zon\u0173 PGM&#8217;\u0173 plok\u0161t\u0117je: 3 Pl\u010diama iki 16 PGM&#8217;\u0173 Maitinimas 1.1A 2 particijos 32 vartotoj\u0173 kodai 256 \u012fvyki\u0173 atmintis<\/p>\n","protected":false},"featured_media":350,"comment_status":"closed","ping_status":"closed","template":"","meta":[],"product_brand":[],"product_cat":[115],"product_tag":[116],"class_list":{"0":"post-2347","1":"product","2":"type-product","3":"status-publish","4":"has-post-thumbnail","6":"product_cat-paradox-centrales","7":"product_tag-paradox","9":"first","10":"instock","11":"shipping-taxable","12":"purchasable","13":"product-type-simple"},"jetpack_sharing_enabled":true,"_links":{"self":[{"href":"https:\/\/apsaugos.lt\/index.php?rest_route=\/wp\/v2\/product\/2347","targetHints":{"allow":["GET"]}}],"collection":[{"href":"https:\/\/apsaugos.lt\/index.php?rest_route=\/wp\/v2\/product"}],"about":[{"href":"https:\/\/apsaugos.lt\/index.php?rest_route=\/wp\/v2\/types\/product"}],"replies":[{"embeddable":true,"href":"https:\/\/apsaugos.lt\/index.php?rest_route=%2Fwp%2Fv2%2Fcomments&post=2347"}],"wp:featuredmedia":[{"embeddable":true,"href":"https:\/\/apsaugos.lt\/index.php?rest_route=\/wp\/v2\/media\/350"}],"wp:attachment":[{"href":"https:\/\/apsaugos.lt\/index.php?rest_route=%2Fwp%2Fv2%2Fmedia&parent=2347"}],"wp:term":[{"taxonomy":"product_brand","embeddable":true,"href":"https:\/\/apsaugos.lt\/index.php?rest_route=%2Fwp%2Fv2%2Fproduct_brand&post=2347"},{"taxonomy":"product_cat","embeddable":true,"href":"https:\/\/apsaugos.lt\/index.php?rest_route=%2Fwp%2Fv2%2Fproduct_cat&post=2347"},{"taxonomy":"product_tag","embeddable":true,"href":"https:\/\/apsaugos.lt\/index.php?rest_route=%2Fwp%2Fv2%2Fproduct_tag&post=2347"}],"curies":[{"name":"wp","href":"https:\/\/api.w.org\/{rel}","templated":true}]}}