{"id":2348,"date":"2021-02-22T12:24:49","date_gmt":"2021-02-22T10:24:49","guid":{"rendered":"http:\/\/apsaugos.lt\/?product=import-placeholder-for-3608"},"modified":"2021-02-22T12:24:51","modified_gmt":"2021-02-22T10:24:51","slug":"paradox-evo-192","status":"publish","type":"product","link":"https:\/\/apsaugos.lt\/?product=paradox-evo-192","title":{"rendered":"Paradox EVO-192"},"content":{"rendered":"<ul>\n<li>Plie\u010diama iki\u00a0192 zon\u0173<\/li>\n<li>Integruojama su pra\u0117jimo kontrole<\/li>\n<li>Palaiko GSM modul\u012f PCS100 IP modul\u012f IP100, balso modul\u012f VDMP3<br \/>\nProgramin\u0117s \u012frangos atnaujinimo galimyb\u0117 i\u0161 kompiuterio per 307USB jungt\u012f arba naudojant WinLoad programin\u0119 \u012frang\u0105<\/li>\n<li>5 PGM, ple\u010diama iki 250, PGM1 gali b\u016bti naudojamas kaip \u012f\u0117jimas dvilaid\u017eiams prie\u0161gaisriniams jutikliams<\/li>\n<li>Keturi\u0173 laid\u0173 duomen\u0173 perdavimo jungtis<\/li>\n<li>8\u00a0sri\u010di\u0173<\/li>\n<li>999 vartotoj\u0173 kodai<\/li>\n<li>2048\u00a0\u012fvyki\u0173 buferis<\/li>\n<\/ul>\n","protected":false},"excerpt":{"rendered":"<p>Plie\u010diama iki\u00a0192 zon\u0173 Integruojama su pra\u0117jimo kontrole Palaiko GSM modul\u012f PCS100 IP modul\u012f IP100, balso modul\u012f VDMP3 Programin\u0117s \u012frangos atnaujinimo galimyb\u0117 i\u0161 kompiuterio per 307USB jungt\u012f arba naudojant WinLoad programin\u0119 \u012frang\u0105 5 PGM, ple\u010diama iki 250, PGM1 gali b\u016bti naudojamas kaip \u012f\u0117jimas dvilaid\u017eiams prie\u0161gaisriniams jutikliams Keturi\u0173 laid\u0173 duomen\u0173 perdavimo jungtis 8\u00a0sri\u010di\u0173 999 vartotoj\u0173 kodai 2048\u00a0\u012fvyki\u0173 [&hellip;]<\/p>\n","protected":false},"featured_media":351,"comment_status":"closed","ping_status":"closed","template":"","meta":[],"product_brand":[],"product_cat":[115],"product_tag":[90,116],"class_list":{"0":"post-2348","1":"product","2":"type-product","3":"status-publish","4":"has-post-thumbnail","6":"product_cat-paradox-centrales","7":"product_tag-apsaugos-sistemos","8":"product_tag-paradox","10":"first","11":"instock","12":"shipping-taxable","13":"purchasable","14":"product-type-simple"},"jetpack_sharing_enabled":true,"_links":{"self":[{"href":"https:\/\/apsaugos.lt\/index.php?rest_route=\/wp\/v2\/product\/2348","targetHints":{"allow":["GET"]}}],"collection":[{"href":"https:\/\/apsaugos.lt\/index.php?rest_route=\/wp\/v2\/product"}],"about":[{"href":"https:\/\/apsaugos.lt\/index.php?rest_route=\/wp\/v2\/types\/product"}],"replies":[{"embeddable":true,"href":"https:\/\/apsaugos.lt\/index.php?rest_route=%2Fwp%2Fv2%2Fcomments&post=2348"}],"wp:featuredmedia":[{"embeddable":true,"href":"https:\/\/apsaugos.lt\/index.php?rest_route=\/wp\/v2\/media\/351"}],"wp:attachment":[{"href":"https:\/\/apsaugos.lt\/index.php?rest_route=%2Fwp%2Fv2%2Fmedia&parent=2348"}],"wp:term":[{"taxonomy":"product_brand","embeddable":true,"href":"https:\/\/apsaugos.lt\/index.php?rest_route=%2Fwp%2Fv2%2Fproduct_brand&post=2348"},{"taxonomy":"product_cat","embeddable":true,"href":"https:\/\/apsaugos.lt\/index.php?rest_route=%2Fwp%2Fv2%2Fproduct_cat&post=2348"},{"taxonomy":"product_tag","embeddable":true,"href":"https:\/\/apsaugos.lt\/index.php?rest_route=%2Fwp%2Fv2%2Fproduct_tag&post=2348"}],"curies":[{"name":"wp","href":"https:\/\/api.w.org\/{rel}","templated":true}]}}