{"id":2349,"date":"2021-02-22T12:24:49","date_gmt":"2021-02-22T10:24:49","guid":{"rendered":"http:\/\/apsaugos.lt\/?product=import-placeholder-for-3610"},"modified":"2021-02-22T12:24:52","modified_gmt":"2021-02-22T10:24:52","slug":"spectra-zx8-sp-8-zonu-ispletimo-plokste","status":"publish","type":"product","link":"https:\/\/apsaugos.lt\/?product=spectra-zx8-sp-8-zonu-ispletimo-plokste","title":{"rendered":"Spectra ZX8 SP 8 zon\u0173 i\u0161pl\u0117timo plok\u0161t\u0117"},"content":{"rendered":"<ul>\n<li>8 zon\u0173 i\u0161pl\u0117timo modulis<\/li>\n<li>1 PGM i\u0161\u0117jimas<\/li>\n<li>Maitinimas 12VDC 28mA<\/li>\n<li>Suderinamas su Esprit E, Spectra SP, MG central\u0117mis<\/li>\n<li>Naudojimo temperat\u016bra nuo -20\u00b0C iki +50\u00b0C<\/li>\n<\/ul>\n","protected":false},"excerpt":{"rendered":"<p>8 zon\u0173 i\u0161pl\u0117timo modulis 1 PGM i\u0161\u0117jimas Maitinimas 12VDC 28mA Suderinamas su Esprit E, Spectra SP, MG central\u0117mis Naudojimo temperat\u016bra nuo -20\u00b0C iki +50\u00b0C<\/p>\n","protected":false},"featured_media":352,"comment_status":"closed","ping_status":"closed","template":"","meta":[],"product_brand":[],"product_cat":[115],"product_tag":[116],"class_list":{"0":"post-2349","1":"product","2":"type-product","3":"status-publish","4":"has-post-thumbnail","6":"product_cat-paradox-centrales","7":"product_tag-paradox","9":"first","10":"instock","11":"shipping-taxable","12":"purchasable","13":"product-type-simple"},"jetpack_sharing_enabled":true,"_links":{"self":[{"href":"https:\/\/apsaugos.lt\/index.php?rest_route=\/wp\/v2\/product\/2349","targetHints":{"allow":["GET"]}}],"collection":[{"href":"https:\/\/apsaugos.lt\/index.php?rest_route=\/wp\/v2\/product"}],"about":[{"href":"https:\/\/apsaugos.lt\/index.php?rest_route=\/wp\/v2\/types\/product"}],"replies":[{"embeddable":true,"href":"https:\/\/apsaugos.lt\/index.php?rest_route=%2Fwp%2Fv2%2Fcomments&post=2349"}],"wp:featuredmedia":[{"embeddable":true,"href":"https:\/\/apsaugos.lt\/index.php?rest_route=\/wp\/v2\/media\/352"}],"wp:attachment":[{"href":"https:\/\/apsaugos.lt\/index.php?rest_route=%2Fwp%2Fv2%2Fmedia&parent=2349"}],"wp:term":[{"taxonomy":"product_brand","embeddable":true,"href":"https:\/\/apsaugos.lt\/index.php?rest_route=%2Fwp%2Fv2%2Fproduct_brand&post=2349"},{"taxonomy":"product_cat","embeddable":true,"href":"https:\/\/apsaugos.lt\/index.php?rest_route=%2Fwp%2Fv2%2Fproduct_cat&post=2349"},{"taxonomy":"product_tag","embeddable":true,"href":"https:\/\/apsaugos.lt\/index.php?rest_route=%2Fwp%2Fv2%2Fproduct_tag&post=2349"}],"curies":[{"name":"wp","href":"https:\/\/api.w.org\/{rel}","templated":true}]}}