{"id":2351,"date":"2021-02-22T12:24:49","date_gmt":"2021-02-22T10:24:49","guid":{"rendered":"http:\/\/apsaugos.lt\/?product=import-placeholder-for-3614"},"modified":"2021-02-22T12:24:52","modified_gmt":"2021-02-22T10:24:52","slug":"pgm4-4-isejimu-ispletimo-modulis","status":"publish","type":"product","link":"https:\/\/apsaugos.lt\/?product=pgm4-4-isejimu-ispletimo-modulis","title":{"rendered":"PGM4 4 i\u0161\u0117jim\u0173 i\u0161pl\u0117timo modulis"},"content":{"rendered":"<p>Suderinama su E55\/E65(V2.00), MG\/SP\u00a0(V3.00) ir EVO central\u0117mis<br \/>\n4 pilnai programuojami 5A reliniai i\u0161\u0117jimai<br \/>\nPGM deaktyvavimas po \u012fvykio ir\/ar laikma\u010dio<br \/>\nPulsuojantis PGM i\u0161\u0117jimas gaisro aliarmui<\/p>\n","protected":false},"excerpt":{"rendered":"<p>Suderinama su E55\/E65(V2.00), MG\/SP\u00a0(V3.00) ir EVO central\u0117mis 4 pilnai programuojami 5A reliniai i\u0161\u0117jimai PGM deaktyvavimas po \u012fvykio ir\/ar laikma\u010dio Pulsuojantis PGM i\u0161\u0117jimas gaisro aliarmui<\/p>\n","protected":false},"featured_media":354,"comment_status":"closed","ping_status":"closed","template":"","meta":[],"product_brand":[],"product_cat":[115],"product_tag":[116],"class_list":{"0":"post-2351","1":"product","2":"type-product","3":"status-publish","4":"has-post-thumbnail","6":"product_cat-paradox-centrales","7":"product_tag-paradox","9":"first","10":"instock","11":"shipping-taxable","12":"product-type-simple"},"jetpack_sharing_enabled":true,"_links":{"self":[{"href":"https:\/\/apsaugos.lt\/index.php?rest_route=\/wp\/v2\/product\/2351","targetHints":{"allow":["GET"]}}],"collection":[{"href":"https:\/\/apsaugos.lt\/index.php?rest_route=\/wp\/v2\/product"}],"about":[{"href":"https:\/\/apsaugos.lt\/index.php?rest_route=\/wp\/v2\/types\/product"}],"replies":[{"embeddable":true,"href":"https:\/\/apsaugos.lt\/index.php?rest_route=%2Fwp%2Fv2%2Fcomments&post=2351"}],"wp:featuredmedia":[{"embeddable":true,"href":"https:\/\/apsaugos.lt\/index.php?rest_route=\/wp\/v2\/media\/354"}],"wp:attachment":[{"href":"https:\/\/apsaugos.lt\/index.php?rest_route=%2Fwp%2Fv2%2Fmedia&parent=2351"}],"wp:term":[{"taxonomy":"product_brand","embeddable":true,"href":"https:\/\/apsaugos.lt\/index.php?rest_route=%2Fwp%2Fv2%2Fproduct_brand&post=2351"},{"taxonomy":"product_cat","embeddable":true,"href":"https:\/\/apsaugos.lt\/index.php?rest_route=%2Fwp%2Fv2%2Fproduct_cat&post=2351"},{"taxonomy":"product_tag","embeddable":true,"href":"https:\/\/apsaugos.lt\/index.php?rest_route=%2Fwp%2Fv2%2Fproduct_tag&post=2351"}],"curies":[{"name":"wp","href":"https:\/\/api.w.org\/{rel}","templated":true}]}}