{"id":2352,"date":"2021-02-22T12:24:49","date_gmt":"2021-02-22T10:24:49","guid":{"rendered":"http:\/\/apsaugos.lt\/?product=import-placeholder-for-3616"},"modified":"2021-02-22T12:24:52","modified_gmt":"2021-02-22T10:24:52","slug":"paradox-ip150s-tinklo-modulis","status":"publish","type":"product","link":"https:\/\/apsaugos.lt\/?product=paradox-ip150s-tinklo-modulis","title":{"rendered":"Paradox IP150S tinklo modulis"},"content":{"rendered":"<table border=\"1\">\n<tbody>\n<tr>\n<td>Protokolai<\/td>\n<td>SSL, HTTPS<\/td>\n<\/tr>\n<tr>\n<td>\u012evyki\u0173 perdavimas \u012f apsaugos pult\u0105<\/td>\n<td>IPR512<\/td>\n<\/tr>\n<tr>\n<td>\u012e\u0117jimai \/ I\u0161\u0117jimai<\/td>\n<td>Du valdomi per Interneto nar\u0161ykl\u0119<\/td>\n<\/tr>\n<tr>\n<td>\u012evyki\u0173 atmintis<\/td>\n<td>Nar\u0161ykl\u0117je rodomi paskutiniai 64 sistemos \u012fvykiai<\/td>\n<\/tr>\n<tr>\n<td>Prane\u0161im\u0173 apie aliarmus<\/td>\n<td>Siuntimas elektroniniu pa\u0161tu<\/td>\n<\/tr>\n<tr>\n<td>Sistemos \u012fjungimas \/ i\u0161jungimas, zon\u0173 b\u016bsenos, sistemos statuso steb\u0117jimas<\/td>\n<td>Naudojant internet\u0105<\/td>\n<\/tr>\n<tr>\n<td>Duomen\u0173 kodavimas<\/td>\n<td>128-bit (MD5 ir RC4) ar 256-bit (AES)<\/td>\n<\/tr>\n<tr>\n<td>Matmenys<\/td>\n<td>9,9 x 7,2 x 1,8 cm<\/td>\n<\/tr>\n<tr>\n<td>Suderinamumas<\/td>\n<td>Su Spectra SP v2.10 ar auk\u0161tesn\u0117, MG5000 \/ MG5050 v2.10 ar auk\u0161tesn\u0117 ir EVO central\u0117mis bei su WinLoad, BabyWare\u00a0ir NEware programine \u012franga<\/td>\n<\/tr>\n<\/tbody>\n<\/table>\n","protected":false},"excerpt":{"rendered":"<p>Veikia su iParadox mobilis program\u0117le , Apsaugos sistemos valdymas ir steb\u0117jimas naudojantis LAN \/ WAN \/ Internet tinklu , \u012evyki\u0173 perdavimas \u012f apsaugos pult\u0105 IPR512<\/p>\n","protected":false},"featured_media":355,"comment_status":"closed","ping_status":"closed","template":"","meta":[],"product_brand":[],"product_cat":[115],"product_tag":[116],"class_list":{"0":"post-2352","1":"product","2":"type-product","3":"status-publish","4":"has-post-thumbnail","6":"product_cat-paradox-centrales","7":"product_tag-paradox","9":"first","10":"instock","11":"shipping-taxable","12":"purchasable","13":"product-type-simple"},"jetpack_sharing_enabled":true,"_links":{"self":[{"href":"https:\/\/apsaugos.lt\/index.php?rest_route=\/wp\/v2\/product\/2352","targetHints":{"allow":["GET"]}}],"collection":[{"href":"https:\/\/apsaugos.lt\/index.php?rest_route=\/wp\/v2\/product"}],"about":[{"href":"https:\/\/apsaugos.lt\/index.php?rest_route=\/wp\/v2\/types\/product"}],"replies":[{"embeddable":true,"href":"https:\/\/apsaugos.lt\/index.php?rest_route=%2Fwp%2Fv2%2Fcomments&post=2352"}],"wp:featuredmedia":[{"embeddable":true,"href":"https:\/\/apsaugos.lt\/index.php?rest_route=\/wp\/v2\/media\/355"}],"wp:attachment":[{"href":"https:\/\/apsaugos.lt\/index.php?rest_route=%2Fwp%2Fv2%2Fmedia&parent=2352"}],"wp:term":[{"taxonomy":"product_brand","embeddable":true,"href":"https:\/\/apsaugos.lt\/index.php?rest_route=%2Fwp%2Fv2%2Fproduct_brand&post=2352"},{"taxonomy":"product_cat","embeddable":true,"href":"https:\/\/apsaugos.lt\/index.php?rest_route=%2Fwp%2Fv2%2Fproduct_cat&post=2352"},{"taxonomy":"product_tag","embeddable":true,"href":"https:\/\/apsaugos.lt\/index.php?rest_route=%2Fwp%2Fv2%2Fproduct_tag&post=2352"}],"curies":[{"name":"wp","href":"https:\/\/api.w.org\/{rel}","templated":true}]}}