{"id":2353,"date":"2021-02-22T12:24:49","date_gmt":"2021-02-22T10:24:49","guid":{"rendered":"http:\/\/apsaugos.lt\/?product=import-placeholder-for-3618"},"modified":"2021-02-22T12:24:52","modified_gmt":"2021-02-22T10:24:52","slug":"secolink-gsv4","status":"publish","type":"product","link":"https:\/\/apsaugos.lt\/?product=secolink-gsv4","title":{"rendered":"SECOLINK GSV4"},"content":{"rendered":"<table border=\"1\">\n<tbody>\n<tr>\n<td>Laidin\u0117s zonos<\/td>\n<td>6<\/td>\n<\/tr>\n<tr>\n<td>PGM skai\u010dius<\/td>\n<td>3<\/td>\n<\/tr>\n<tr>\n<td>Vartotoj\u0173 kodai<\/td>\n<td>5<\/td>\n<\/tr>\n<tr>\n<td>Sritys<\/td>\n<td>1<\/td>\n<\/tr>\n<tr>\n<td>Laikma\u010di\u0173 skai\u010dius sistemoje<\/td>\n<td>16<\/td>\n<\/tr>\n<tr>\n<td>\u012evyki\u0173 \u017eurnalo apimtis<\/td>\n<td>52<\/td>\n<\/tr>\n<\/tbody>\n<\/table>\n","protected":false},"excerpt":{"rendered":"<p>\u0160i\u00a0 6 zon\u0173\u00a0 GSM central\u0117 turi visk\u0105, ko reikia nedideli\u0173 ar retai lankom\u0173 objekt\u0173 apsaugai. Central\u0117 yra valdoma paprastu arba GSM telefonu. Paskambinus central\u0117s numeriu vartotojas i\u0161girsta balso gido informacij\u0105 apie komandas, skirtas apsaugos sistemai valdyti. I\u0161mani\u0173j\u0173 Android ar IPhone telefon\u0173 naudotojai turi galimyb\u0119 valdyti\u00a0 GSV4\u00a0 nemokama SECOLINK PRO program\u0117le. Daugiau technin\u0117s informacijos rasite apa\u010dioje.<\/p>\n","protected":false},"featured_media":356,"comment_status":"closed","ping_status":"closed","template":"","meta":[],"product_brand":[],"product_cat":[117],"product_tag":[118],"class_list":{"0":"post-2353","1":"product","2":"type-product","3":"status-publish","4":"has-post-thumbnail","6":"product_cat-secolink-centrales","7":"product_tag-ssecolink","9":"first","10":"instock","11":"shipping-taxable","12":"purchasable","13":"product-type-simple"},"jetpack_sharing_enabled":true,"_links":{"self":[{"href":"https:\/\/apsaugos.lt\/index.php?rest_route=\/wp\/v2\/product\/2353","targetHints":{"allow":["GET"]}}],"collection":[{"href":"https:\/\/apsaugos.lt\/index.php?rest_route=\/wp\/v2\/product"}],"about":[{"href":"https:\/\/apsaugos.lt\/index.php?rest_route=\/wp\/v2\/types\/product"}],"replies":[{"embeddable":true,"href":"https:\/\/apsaugos.lt\/index.php?rest_route=%2Fwp%2Fv2%2Fcomments&post=2353"}],"wp:featuredmedia":[{"embeddable":true,"href":"https:\/\/apsaugos.lt\/index.php?rest_route=\/wp\/v2\/media\/356"}],"wp:attachment":[{"href":"https:\/\/apsaugos.lt\/index.php?rest_route=%2Fwp%2Fv2%2Fmedia&parent=2353"}],"wp:term":[{"taxonomy":"product_brand","embeddable":true,"href":"https:\/\/apsaugos.lt\/index.php?rest_route=%2Fwp%2Fv2%2Fproduct_brand&post=2353"},{"taxonomy":"product_cat","embeddable":true,"href":"https:\/\/apsaugos.lt\/index.php?rest_route=%2Fwp%2Fv2%2Fproduct_cat&post=2353"},{"taxonomy":"product_tag","embeddable":true,"href":"https:\/\/apsaugos.lt\/index.php?rest_route=%2Fwp%2Fv2%2Fproduct_tag&post=2353"}],"curies":[{"name":"wp","href":"https:\/\/api.w.org\/{rel}","templated":true}]}}