{"id":2354,"date":"2021-02-22T12:24:49","date_gmt":"2021-02-22T10:24:49","guid":{"rendered":"http:\/\/apsaugos.lt\/?product=import-placeholder-for-3621"},"modified":"2021-02-22T12:24:52","modified_gmt":"2021-02-22T10:24:52","slug":"secolink-gsv6u","status":"publish","type":"product","link":"https:\/\/apsaugos.lt\/?product=secolink-gsv6u","title":{"rendered":"SECOLINK GSV6U"},"content":{"rendered":"<table border=\"1\">\n<tbody>\n<tr>\n<td>askirtis<\/td>\n<td>GSM\/GPRS komunikatorius SECOLINK patalp\u0173 apsaugos sistemoms<\/td>\n<\/tr>\n<tr>\n<td>Gaminio tipas<\/td>\n<td>Apsaugos sistemos modulis<\/td>\n<\/tr>\n<tr>\n<td>Duomen\u0173 magistral\u0117s jungtis<\/td>\n<td>KRBUS, SERIAL<\/td>\n<\/tr>\n<tr>\n<td>Duomen\u0173 magistral\u0117s protokolas<\/td>\n<td>KRBUS<\/td>\n<\/tr>\n<tr>\n<td>Raportavimo \u012f saugos tarnyb\u0105 formatas<\/td>\n<td>CID per GPRS<\/td>\n<\/tr>\n<tr>\n<td>Protokolai, kuriais raportuojama \u012f saugos tarnyb\u0105<\/td>\n<td>E2, FIBRO, Kodinis KSP<\/td>\n<\/tr>\n<tr>\n<td>Suderinamumas su SECOLINK central\u0117mis<\/td>\n<td>Visos SECOLINK central\u0117s<\/td>\n<\/tr>\n<tr>\n<td>Suderinamumas su SG-SYSTEM II , III IP card<\/td>\n<td>Yra<\/td>\n<\/tr>\n<tr>\n<td>Telefon\u0173, kuriems raportuojama, skai\u010dius<\/td>\n<td>5<\/td>\n<\/tr>\n<tr>\n<td>Aliarmo prane\u0161imas vartotojui<\/td>\n<td>GSM skambutis, SMS<\/td>\n<\/tr>\n<tr>\n<td>Aliarmo prane\u0161imas vartotojui balso \u012fra\u0161u<\/td>\n<td>Yra<\/td>\n<\/tr>\n<tr>\n<td>Balso gidas<\/td>\n<td>Yra<\/td>\n<\/tr>\n<tr>\n<td>\u012era\u0161omos aliarm\u0173 audio \u017einut\u0117s<\/td>\n<td>Yra<\/td>\n<\/tr>\n<tr>\n<td>Nuotolinis sistemos valdymas GSM skambu\u010diu<\/td>\n<td>Yra<\/td>\n<\/tr>\n<tr>\n<td>Maitinimo \u012ftampa (DC)<\/td>\n<td>9 &#8211; 14 V<\/td>\n<\/tr>\n<tr>\n<td>Darbin\u0117 temperat\u016bra<\/td>\n<td>Nuo -10<sup>o<\/sup>C iki +50<sup>o<\/sup>C<\/td>\n<\/tr>\n<tr>\n<td>Komunikatoriaus nustatym\u0173 programavimo s\u0105saja<\/td>\n<td>USB<\/td>\n<\/tr>\n<tr>\n<td>Komunikatoriaus mikroprogramos (firmware) atnaujinimo s\u0105saja<\/td>\n<td>USB<\/td>\n<\/tr>\n<tr>\n<td>Nuotolinis sistemos programavimas internetu naudojant program\u0105 MASCAD<\/td>\n<td>Yra<\/td>\n<\/tr>\n<\/tbody>\n<\/table>\n","protected":false},"excerpt":{"rendered":"<p>\u0160is komunikatorius leid\u017eia nuotoliniu b\u016bdu, per GSM tinkl\u0105, valdyti SECOLINK apsaugos sistemas. Vartotojas, paskambin\u0119s GSV6U abonento numeriu, naudodamasis telefono klaviat\u016bra, gali valdyti apsaugos sistem\u0105 lygiai taip pat, kaip tai daro naudodamasis valdymo pulto klaviat\u016bra. Jeigu SECOLINK apsaugos sistemoje yra sumontuotas GSV6U, instaliuotojas, vartotojui leidus, gali nuotoliniu b\u016bdu koreguoti sistemos nustatymus.<\/p>\n","protected":false},"featured_media":357,"comment_status":"closed","ping_status":"closed","template":"","meta":[],"product_brand":[],"product_cat":[117],"product_tag":[119],"class_list":{"0":"post-2354","1":"product","2":"type-product","3":"status-publish","4":"has-post-thumbnail","6":"product_cat-secolink-centrales","7":"product_tag-secolink","9":"first","10":"instock","11":"shipping-taxable","12":"purchasable","13":"product-type-simple"},"jetpack_sharing_enabled":true,"_links":{"self":[{"href":"https:\/\/apsaugos.lt\/index.php?rest_route=\/wp\/v2\/product\/2354","targetHints":{"allow":["GET"]}}],"collection":[{"href":"https:\/\/apsaugos.lt\/index.php?rest_route=\/wp\/v2\/product"}],"about":[{"href":"https:\/\/apsaugos.lt\/index.php?rest_route=\/wp\/v2\/types\/product"}],"replies":[{"embeddable":true,"href":"https:\/\/apsaugos.lt\/index.php?rest_route=%2Fwp%2Fv2%2Fcomments&post=2354"}],"wp:featuredmedia":[{"embeddable":true,"href":"https:\/\/apsaugos.lt\/index.php?rest_route=\/wp\/v2\/media\/357"}],"wp:attachment":[{"href":"https:\/\/apsaugos.lt\/index.php?rest_route=%2Fwp%2Fv2%2Fmedia&parent=2354"}],"wp:term":[{"taxonomy":"product_brand","embeddable":true,"href":"https:\/\/apsaugos.lt\/index.php?rest_route=%2Fwp%2Fv2%2Fproduct_brand&post=2354"},{"taxonomy":"product_cat","embeddable":true,"href":"https:\/\/apsaugos.lt\/index.php?rest_route=%2Fwp%2Fv2%2Fproduct_cat&post=2354"},{"taxonomy":"product_tag","embeddable":true,"href":"https:\/\/apsaugos.lt\/index.php?rest_route=%2Fwp%2Fv2%2Fproduct_tag&post=2354"}],"curies":[{"name":"wp","href":"https:\/\/api.w.org\/{rel}","templated":true}]}}