{"id":2356,"date":"2021-02-22T12:24:49","date_gmt":"2021-02-22T10:24:49","guid":{"rendered":"http:\/\/apsaugos.lt\/?product=import-placeholder-for-3627"},"modified":"2021-02-22T12:24:53","modified_gmt":"2021-02-22T10:24:53","slug":"secolink-gsv5","status":"publish","type":"product","link":"https:\/\/apsaugos.lt\/?product=secolink-gsv5","title":{"rendered":"SECOLINK GSV5"},"content":{"rendered":"<table border=\"1\">\n<tbody>\n<tr>\n<td>Paskirtis<\/td>\n<td>Universalus GSM\/GPRS komunikatorius<\/td>\n<\/tr>\n<tr>\n<td>Gaminio tipas<\/td>\n<td>Apsaugos sistemos modulis<\/td>\n<\/tr>\n<tr>\n<td>Laidini\u0173 zon\u0173 skai\u010dius plok\u0161t\u0117je<\/td>\n<td>6<\/td>\n<\/tr>\n<tr>\n<td>Atvir\u0173 kolektori\u0173 skai\u010dius plok\u0161t\u0117je &#8211; PGM<\/td>\n<td>2<\/td>\n<\/tr>\n<tr>\n<td>Raportavimo \u012f saugos tarnyb\u0105 formatas<\/td>\n<td>CID per GPRS<\/td>\n<\/tr>\n<tr>\n<td>Protokolai, kuriais raportuojama \u012f saugos tarnyb\u0105<\/td>\n<td>E2, FIBRO, Kodinis KSP<\/td>\n<\/tr>\n<tr>\n<td>Suderinamumas su central\u0117mis per KEYBUS s\u0105saj\u0105<\/td>\n<td>PC5xx, PC14xx, PC15xx, PC16xx, PC18xx<\/td>\n<\/tr>\n<tr>\n<td>Suderinamumas su central\u0117mis per SERIAL s\u0105saj\u0105<\/td>\n<td>SP4xxx, SP6xxx, SP7xxx, EVOxxx<\/td>\n<\/tr>\n<tr>\n<td>Suderinamumas su SG-SYSTEM II , III IP card<\/td>\n<td>Yra<\/td>\n<\/tr>\n<tr>\n<td>Aliarmo prane\u0161imas vartotojui<\/td>\n<td>GSM skambutis, SMS<\/td>\n<\/tr>\n<tr>\n<td>DTMF konvertavimas i\u0161 PSTN \u012f GPRS<\/td>\n<td>Yra (vienos krypties)<\/td>\n<\/tr>\n<tr>\n<td>Plastikinis korpusas<\/td>\n<td>Yra<\/td>\n<\/tr>\n<tr>\n<td>Maitinimo \u012ftampa (DC)<\/td>\n<td>9 &#8211; 14 V<\/td>\n<\/tr>\n<tr>\n<td>Darbin\u0117 temperat\u016bra<\/td>\n<td>Nuo -10<sup>o<\/sup>C iki\u00a0+50<sup>o<\/sup>C<\/td>\n<\/tr>\n<tr>\n<td>Komunikatoriaus nustatym\u0173 programavimo s\u0105saja<\/td>\n<td>USB<\/td>\n<\/tr>\n<tr>\n<td>Komunikatoriaus mikroprogramos (firmware) atnaujinimo s\u0105saja<\/td>\n<td>USB<\/td>\n<\/tr>\n<\/tbody>\n<\/table>\n","protected":false},"excerpt":{"rendered":"<p>Universalus komunikatorius GSV5 gali b\u016bti jungiamas prie bet kokios apsaugos sistemos arba dirbti autonomi\u0161kai. GSV5 savo plok\u0161t\u0117je turi maitinimo \u0161altin\u012f su supaprastinta rezervin\u0117s baterijos krovimo schema, 6 \u012f\u0117jimus, prie kuri\u0173 galima prijungti jutiklius arba kitos apsaugos sistemos PGM i\u0161\u0117jimus, PSTN \u012f\u0117jim\u0105, skirt\u0105 ContactID duomenims gauti i\u0161 kitos apsaugos central\u0117s, KEYBUS bei SERIAL s\u0105sajas. GSV5 tiekiami baltame plastmasiniame korpuse.<\/p>\n","protected":false},"featured_media":359,"comment_status":"closed","ping_status":"closed","template":"","meta":[],"product_brand":[],"product_cat":[117],"product_tag":[119],"class_list":{"0":"post-2356","1":"product","2":"type-product","3":"status-publish","4":"has-post-thumbnail","6":"product_cat-secolink-centrales","7":"product_tag-secolink","9":"first","10":"instock","11":"shipping-taxable","12":"purchasable","13":"product-type-simple"},"jetpack_sharing_enabled":true,"_links":{"self":[{"href":"https:\/\/apsaugos.lt\/index.php?rest_route=\/wp\/v2\/product\/2356","targetHints":{"allow":["GET"]}}],"collection":[{"href":"https:\/\/apsaugos.lt\/index.php?rest_route=\/wp\/v2\/product"}],"about":[{"href":"https:\/\/apsaugos.lt\/index.php?rest_route=\/wp\/v2\/types\/product"}],"replies":[{"embeddable":true,"href":"https:\/\/apsaugos.lt\/index.php?rest_route=%2Fwp%2Fv2%2Fcomments&post=2356"}],"wp:featuredmedia":[{"embeddable":true,"href":"https:\/\/apsaugos.lt\/index.php?rest_route=\/wp\/v2\/media\/359"}],"wp:attachment":[{"href":"https:\/\/apsaugos.lt\/index.php?rest_route=%2Fwp%2Fv2%2Fmedia&parent=2356"}],"wp:term":[{"taxonomy":"product_brand","embeddable":true,"href":"https:\/\/apsaugos.lt\/index.php?rest_route=%2Fwp%2Fv2%2Fproduct_brand&post=2356"},{"taxonomy":"product_cat","embeddable":true,"href":"https:\/\/apsaugos.lt\/index.php?rest_route=%2Fwp%2Fv2%2Fproduct_cat&post=2356"},{"taxonomy":"product_tag","embeddable":true,"href":"https:\/\/apsaugos.lt\/index.php?rest_route=%2Fwp%2Fv2%2Fproduct_tag&post=2356"}],"curies":[{"name":"wp","href":"https:\/\/api.w.org\/{rel}","templated":true}]}}