{"id":2362,"date":"2021-02-22T12:24:50","date_gmt":"2021-02-22T10:24:50","guid":{"rendered":"http:\/\/apsaugos.lt\/?product=import-placeholder-for-3695"},"modified":"2021-02-22T12:24:54","modified_gmt":"2021-02-22T10:24:54","slug":"atstuminiu-korteliu-skaitytuvas-ssg-ap1","status":"publish","type":"product","link":"https:\/\/apsaugos.lt\/?product=atstuminiu-korteliu-skaitytuvas-ssg-ap1","title":{"rendered":"Atstumini\u0173 korteli\u0173 skaitytuvas SSG AP1"},"content":{"rendered":"<p>Nuskaito 125kHz EM standarto korteles;<br \/>\nAutomati\u0161kai nustato kortel\u0117s standart\u0105;<br \/>\nMaitinimas DC 8-18V 35mA;<br \/>\nPalaiko iki 1000 korteli\u0173 arba pakabuk\u0173<br \/>\nI\u0161\u0117jimo protokolas &#8211; Wiegand 26,<br \/>\nKortel\u0117s nuskaitymo atstumas 6 &#8211; 14 cm.;<br \/>\nMaksimalus atstumas nuo skaitytuvo iki valdiklio Wiegand 26 re\u017eimu &#8211; 100m.;<br \/>\nNaudojimo temperat\u016bra -40\u00b0C ~ +50\u00b0C;<br \/>\nGarsinis indikatorius;<br \/>\nDviej\u0173 spalv\u0173 LED indikatorius;<br \/>\nMatmenys 117 x 76 x 18 mm.<br \/>\nApsaugos klas\u0117 IP55;<\/p>\n","protected":false},"excerpt":{"rendered":"<p>Skirtas pra\u0117jimo kontrol\u0117s sistemai valdyti 1 duris. Puikus pasirinkimas vidini\u0173 patalp\u0173 apribojimui, bet tinka ir lauko s\u0105lygoms. Paprastas pajungimas, bei programavimas.<\/p>\n","protected":false},"featured_media":365,"comment_status":"closed","ping_status":"closed","template":"","meta":[],"product_brand":[],"product_cat":[28],"product_tag":[26],"class_list":{"0":"post-2362","1":"product","2":"type-product","3":"status-publish","4":"has-post-thumbnail","6":"product_cat-kodines-klaviaturos","7":"product_tag-praejimo-kontrole","9":"first","10":"instock","11":"shipping-taxable","12":"purchasable","13":"product-type-simple"},"jetpack_sharing_enabled":true,"_links":{"self":[{"href":"https:\/\/apsaugos.lt\/index.php?rest_route=\/wp\/v2\/product\/2362","targetHints":{"allow":["GET"]}}],"collection":[{"href":"https:\/\/apsaugos.lt\/index.php?rest_route=\/wp\/v2\/product"}],"about":[{"href":"https:\/\/apsaugos.lt\/index.php?rest_route=\/wp\/v2\/types\/product"}],"replies":[{"embeddable":true,"href":"https:\/\/apsaugos.lt\/index.php?rest_route=%2Fwp%2Fv2%2Fcomments&post=2362"}],"wp:featuredmedia":[{"embeddable":true,"href":"https:\/\/apsaugos.lt\/index.php?rest_route=\/wp\/v2\/media\/365"}],"wp:attachment":[{"href":"https:\/\/apsaugos.lt\/index.php?rest_route=%2Fwp%2Fv2%2Fmedia&parent=2362"}],"wp:term":[{"taxonomy":"product_brand","embeddable":true,"href":"https:\/\/apsaugos.lt\/index.php?rest_route=%2Fwp%2Fv2%2Fproduct_brand&post=2362"},{"taxonomy":"product_cat","embeddable":true,"href":"https:\/\/apsaugos.lt\/index.php?rest_route=%2Fwp%2Fv2%2Fproduct_cat&post=2362"},{"taxonomy":"product_tag","embeddable":true,"href":"https:\/\/apsaugos.lt\/index.php?rest_route=%2Fwp%2Fv2%2Fproduct_tag&post=2362"}],"curies":[{"name":"wp","href":"https:\/\/api.w.org\/{rel}","templated":true}]}}