{"id":2365,"date":"2021-02-22T12:24:50","date_gmt":"2021-02-22T10:24:50","guid":{"rendered":"http:\/\/apsaugos.lt\/?product=import-placeholder-for-3701"},"modified":"2021-02-22T12:24:54","modified_gmt":"2021-02-22T10:24:54","slug":"automatinis-kelio-uztvaras-6-metru-plocio-ssg-ku6mg","status":"publish","type":"product","link":"https:\/\/apsaugos.lt\/?product=automatinis-kelio-uztvaras-6-metru-plocio-ssg-ku6mg","title":{"rendered":"Automatinis kelio u\u017etvaras 6 metr\u0173 plo\u010dio SSG-KU6MG"},"content":{"rendered":"<p>Darbin\u0117 temperat\u016bra : -40\u2103\uff5e+75\u2103<br \/>\nMaitinimo \u012ftampa : 220V\u00b110% 50HZ<br \/>\nSuvartojama galia : 80W<br \/>\nSvoris : 54kg<br \/>\nApsaugos klas\u0117 : IP44.<br \/>\nRankinis atidarymas : TAIP ( specialiu raktu)<\/p>\n","protected":false},"excerpt":{"rendered":"<p>Tyliai ir greitai veikiantys, itin patvar\u016bs, skirti intensyviam naudojimui (stov\u0117jimo aik\u0161tel\u0117s, prekybos centrams, daugiabu\u010di\u0173 bendrijos , privatus sektorius ). Pilnas atidarimo greitis 6 sekund\u0117s. Pritaikytas Lietuvos klimato s\u0105lygoms.<\/p>\n","protected":false},"featured_media":368,"comment_status":"closed","ping_status":"closed","template":"","meta":[],"product_brand":[],"product_cat":[17],"product_tag":[18],"class_list":{"0":"post-2365","1":"product","2":"type-product","3":"status-publish","4":"has-post-thumbnail","6":"product_cat-kelio-uztvarai-kelio-uztvarai","7":"product_tag-slagbaumas","9":"first","10":"instock","11":"shipping-taxable","12":"purchasable","13":"product-type-simple"},"jetpack_sharing_enabled":true,"_links":{"self":[{"href":"https:\/\/apsaugos.lt\/index.php?rest_route=\/wp\/v2\/product\/2365","targetHints":{"allow":["GET"]}}],"collection":[{"href":"https:\/\/apsaugos.lt\/index.php?rest_route=\/wp\/v2\/product"}],"about":[{"href":"https:\/\/apsaugos.lt\/index.php?rest_route=\/wp\/v2\/types\/product"}],"replies":[{"embeddable":true,"href":"https:\/\/apsaugos.lt\/index.php?rest_route=%2Fwp%2Fv2%2Fcomments&post=2365"}],"wp:featuredmedia":[{"embeddable":true,"href":"https:\/\/apsaugos.lt\/index.php?rest_route=\/wp\/v2\/media\/368"}],"wp:attachment":[{"href":"https:\/\/apsaugos.lt\/index.php?rest_route=%2Fwp%2Fv2%2Fmedia&parent=2365"}],"wp:term":[{"taxonomy":"product_brand","embeddable":true,"href":"https:\/\/apsaugos.lt\/index.php?rest_route=%2Fwp%2Fv2%2Fproduct_brand&post=2365"},{"taxonomy":"product_cat","embeddable":true,"href":"https:\/\/apsaugos.lt\/index.php?rest_route=%2Fwp%2Fv2%2Fproduct_cat&post=2365"},{"taxonomy":"product_tag","embeddable":true,"href":"https:\/\/apsaugos.lt\/index.php?rest_route=%2Fwp%2Fv2%2Fproduct_tag&post=2365"}],"curies":[{"name":"wp","href":"https:\/\/api.w.org\/{rel}","templated":true}]}}