{"id":2366,"date":"2021-02-22T12:24:50","date_gmt":"2021-02-22T10:24:50","guid":{"rendered":"http:\/\/apsaugos.lt\/?product=import-placeholder-for-3705"},"modified":"2021-02-22T12:24:55","modified_gmt":"2021-02-22T10:24:55","slug":"greitaeigis-automatinis-kelio-uztvaras-3-metru","status":"publish","type":"product","link":"https:\/\/apsaugos.lt\/?product=greitaeigis-automatinis-kelio-uztvaras-3-metru","title":{"rendered":"Greitaeigis automatinis kelio u\u017etvaras 3 metr\u0173"},"content":{"rendered":"","protected":false},"excerpt":{"rendered":"<p>Alk\u016bn\u0117s ilgis : 3 metrai<br \/>\nAtidarymo\/u\u017esidarymo laikas : 1 sekund\u0117<br \/>\n\u012etampa &#8211; 230V.<br \/>\nGalia &#8211; tik 120W.<br \/>\nDarbin\u0117 temperat\u016bra : &#8211; nuo -35 iki +75 laipsn.<br \/>\nApsaugos klas\u0117 : IP44.<br \/>\nRankinis atidarymas : TAIP ( specialiu raktu)<\/p>\n","protected":false},"featured_media":369,"comment_status":"closed","ping_status":"closed","template":"","meta":[],"product_brand":[],"product_cat":[17],"product_tag":[18],"class_list":{"0":"post-2366","1":"product","2":"type-product","3":"status-publish","4":"has-post-thumbnail","6":"product_cat-kelio-uztvarai-kelio-uztvarai","7":"product_tag-slagbaumas","9":"first","10":"instock","11":"shipping-taxable","12":"purchasable","13":"product-type-simple"},"jetpack_sharing_enabled":true,"_links":{"self":[{"href":"https:\/\/apsaugos.lt\/index.php?rest_route=\/wp\/v2\/product\/2366","targetHints":{"allow":["GET"]}}],"collection":[{"href":"https:\/\/apsaugos.lt\/index.php?rest_route=\/wp\/v2\/product"}],"about":[{"href":"https:\/\/apsaugos.lt\/index.php?rest_route=\/wp\/v2\/types\/product"}],"replies":[{"embeddable":true,"href":"https:\/\/apsaugos.lt\/index.php?rest_route=%2Fwp%2Fv2%2Fcomments&post=2366"}],"wp:featuredmedia":[{"embeddable":true,"href":"https:\/\/apsaugos.lt\/index.php?rest_route=\/wp\/v2\/media\/369"}],"wp:attachment":[{"href":"https:\/\/apsaugos.lt\/index.php?rest_route=%2Fwp%2Fv2%2Fmedia&parent=2366"}],"wp:term":[{"taxonomy":"product_brand","embeddable":true,"href":"https:\/\/apsaugos.lt\/index.php?rest_route=%2Fwp%2Fv2%2Fproduct_brand&post=2366"},{"taxonomy":"product_cat","embeddable":true,"href":"https:\/\/apsaugos.lt\/index.php?rest_route=%2Fwp%2Fv2%2Fproduct_cat&post=2366"},{"taxonomy":"product_tag","embeddable":true,"href":"https:\/\/apsaugos.lt\/index.php?rest_route=%2Fwp%2Fv2%2Fproduct_tag&post=2366"}],"curies":[{"name":"wp","href":"https:\/\/api.w.org\/{rel}","templated":true}]}}