{"id":2367,"date":"2021-02-22T12:24:50","date_gmt":"2021-02-22T10:24:50","guid":{"rendered":"http:\/\/apsaugos.lt\/?product=import-placeholder-for-3706"},"modified":"2021-02-22T12:24:55","modified_gmt":"2021-02-22T10:24:55","slug":"lankstus-signalinis-stulpelis-75-cm-ilgio","status":"publish","type":"product","link":"https:\/\/apsaugos.lt\/?product=lankstus-signalinis-stulpelis-75-cm-ilgio","title":{"rendered":"Lankstus signalinis stulpelis  75 cm ilgio"},"content":{"rendered":"<p>Med\u017eiaga \u2013 poliuretanas.<br \/>\nSpalva \u2013 oran\u017ein\u0117.<br \/>\nAuk\u0161tis \u2013 75 cm.<br \/>\nDiametras \u2013 8 cm.<br \/>\nPagrindo diametras \u2013 20 cm.<\/p>\n","protected":false},"excerpt":{"rendered":"<p>Lankstus signalinis stulpelis skirtas montuoti automobili\u0173 stov\u0117jimo aik\u0161tel\u0117se, eismo salel\u0117se, ant \u0161aligatvi\u0173, p\u0117s\u010di\u0173j\u0173 takuose \u2013 visur, kur norima i\u0161ry\u0161kinti bei apsaugoti objekt\u0105, atskirti <a href=\"https:\/\/automokyklos.lt\/ket\/keliu-zenklinimas\/horizontalusis\" target=\"_blank\" rel=\"noopener noreferrer\">p\u0117s\u010di\u0173j\u0173 ir eismo srautus<\/a> ir kt.<\/p>\n<p>Stulpelis yra ypa\u010d elastingas, tod\u0117l perlenkus ar perva\u017eiavus, jis itin greitai atsistato \u012f pradin\u0119 pad\u0117ti be defekt\u0173.<\/p>\n<p>Stulpeliai yra ry\u0161kios spalvos bei apklijuoti \u0161vies\u0105 atspindin\u010diomis juostomis, tod\u0117l yra puikiai matomi tiek dien\u0105, tiek nakt\u012f.<\/p>\n","protected":false},"featured_media":370,"comment_status":"closed","ping_status":"closed","template":"","meta":[],"product_brand":[],"product_cat":[105],"product_tag":[],"class_list":{"0":"post-2367","1":"product","2":"type-product","3":"status-publish","4":"has-post-thumbnail","6":"product_cat-priedai","8":"first","9":"instock","10":"shipping-taxable","11":"purchasable","12":"product-type-simple"},"jetpack_sharing_enabled":true,"_links":{"self":[{"href":"https:\/\/apsaugos.lt\/index.php?rest_route=\/wp\/v2\/product\/2367","targetHints":{"allow":["GET"]}}],"collection":[{"href":"https:\/\/apsaugos.lt\/index.php?rest_route=\/wp\/v2\/product"}],"about":[{"href":"https:\/\/apsaugos.lt\/index.php?rest_route=\/wp\/v2\/types\/product"}],"replies":[{"embeddable":true,"href":"https:\/\/apsaugos.lt\/index.php?rest_route=%2Fwp%2Fv2%2Fcomments&post=2367"}],"wp:featuredmedia":[{"embeddable":true,"href":"https:\/\/apsaugos.lt\/index.php?rest_route=\/wp\/v2\/media\/370"}],"wp:attachment":[{"href":"https:\/\/apsaugos.lt\/index.php?rest_route=%2Fwp%2Fv2%2Fmedia&parent=2367"}],"wp:term":[{"taxonomy":"product_brand","embeddable":true,"href":"https:\/\/apsaugos.lt\/index.php?rest_route=%2Fwp%2Fv2%2Fproduct_brand&post=2367"},{"taxonomy":"product_cat","embeddable":true,"href":"https:\/\/apsaugos.lt\/index.php?rest_route=%2Fwp%2Fv2%2Fproduct_cat&post=2367"},{"taxonomy":"product_tag","embeddable":true,"href":"https:\/\/apsaugos.lt\/index.php?rest_route=%2Fwp%2Fv2%2Fproduct_tag&post=2367"}],"curies":[{"name":"wp","href":"https:\/\/api.w.org\/{rel}","templated":true}]}}