{"id":2369,"date":"2021-02-22T12:24:50","date_gmt":"2021-02-22T10:24:50","guid":{"rendered":"http:\/\/apsaugos.lt\/?product=import-placeholder-for-3708"},"modified":"2021-02-22T12:24:55","modified_gmt":"2021-02-22T10:24:55","slug":"duru-skambutis-skirtas-praejimo-kontroles-sistemai","status":"publish","type":"product","link":"https:\/\/apsaugos.lt\/?product=duru-skambutis-skirtas-praejimo-kontroles-sistemai","title":{"rendered":"Dur\u0173 skambutis skirtas pra\u0117jimo kontrol\u0117s sistemai"},"content":{"rendered":"<p>Maitinimo \u012ftampa : 12V<br \/>\nGarsumas : 90 db<\/p>\n","protected":false},"excerpt":{"rendered":"<p>Maitinimo \u012ftampa : 12V Garsumas : 90 db<\/p>\n","protected":false},"featured_media":372,"comment_status":"closed","ping_status":"closed","template":"","meta":[],"product_brand":[],"product_cat":[74],"product_tag":[],"class_list":{"0":"post-2369","1":"product","2":"type-product","3":"status-publish","4":"has-post-thumbnail","6":"product_cat-priedai-aksesuarai","8":"first","9":"instock","10":"shipping-taxable","11":"purchasable","12":"product-type-simple"},"jetpack_sharing_enabled":true,"_links":{"self":[{"href":"https:\/\/apsaugos.lt\/index.php?rest_route=\/wp\/v2\/product\/2369","targetHints":{"allow":["GET"]}}],"collection":[{"href":"https:\/\/apsaugos.lt\/index.php?rest_route=\/wp\/v2\/product"}],"about":[{"href":"https:\/\/apsaugos.lt\/index.php?rest_route=\/wp\/v2\/types\/product"}],"replies":[{"embeddable":true,"href":"https:\/\/apsaugos.lt\/index.php?rest_route=%2Fwp%2Fv2%2Fcomments&post=2369"}],"wp:featuredmedia":[{"embeddable":true,"href":"https:\/\/apsaugos.lt\/index.php?rest_route=\/wp\/v2\/media\/372"}],"wp:attachment":[{"href":"https:\/\/apsaugos.lt\/index.php?rest_route=%2Fwp%2Fv2%2Fmedia&parent=2369"}],"wp:term":[{"taxonomy":"product_brand","embeddable":true,"href":"https:\/\/apsaugos.lt\/index.php?rest_route=%2Fwp%2Fv2%2Fproduct_brand&post=2369"},{"taxonomy":"product_cat","embeddable":true,"href":"https:\/\/apsaugos.lt\/index.php?rest_route=%2Fwp%2Fv2%2Fproduct_cat&post=2369"},{"taxonomy":"product_tag","embeddable":true,"href":"https:\/\/apsaugos.lt\/index.php?rest_route=%2Fwp%2Fv2%2Fproduct_tag&post=2369"}],"curies":[{"name":"wp","href":"https:\/\/api.w.org\/{rel}","templated":true}]}}