{"id":2370,"date":"2021-02-22T12:24:50","date_gmt":"2021-02-22T10:24:50","guid":{"rendered":"http:\/\/apsaugos.lt\/?product=import-placeholder-for-3709"},"modified":"2021-02-22T12:24:55","modified_gmt":"2021-02-22T10:24:55","slug":"laiko-rele-kelio-uztvarui-ssg-t316p","status":"publish","type":"product","link":"https:\/\/apsaugos.lt\/?product=laiko-rele-kelio-uztvarui-ssg-t316p","title":{"rendered":"Laiko rel\u0117 kelio u\u017etvarui SSG -T316P"},"content":{"rendered":"<p>Maitinimo \u012ftampa : AC 220V<br \/>\nDid\u017eiaus\u0117 apkrova : 25A<br \/>\nLaiko intervalas: 1min~168h<br \/>\nDarbin\u0117 temperatura: -10\u2103~50\u2103<br \/>\nSuvartojama apkrova: &lt;4VA<br \/>\nLaiko paklaida: &lt;2s\/dienai(25\u2103+\/-1\u2103)<br \/>\nBaterija : AA<br \/>\nI\u0161matavimai : 120*74*51mm\/4.72*2.91*2&#8221;<br \/>\nSvoris : 160g<\/p>\n","protected":false},"excerpt":{"rendered":"<p>Maitinimo \u012ftampa : AC 220V Did\u017eiaus\u0117 apkrova : 25A Laiko intervalas: 1min~168h Darbin\u0117 temperatura: -10\u2103~50\u2103 Suvartojama apkrova: &lt;4VA Laiko paklaida: &lt;2s\/dienai(25\u2103+\/-1\u2103) Baterija : AA I\u0161matavimai : 120*74*51mm\/4.72*2.91*2&#8221; Svoris : 160g<\/p>\n","protected":false},"featured_media":373,"comment_status":"closed","ping_status":"closed","template":"","meta":[],"product_brand":[],"product_cat":[105],"product_tag":[],"class_list":{"0":"post-2370","1":"product","2":"type-product","3":"status-publish","4":"has-post-thumbnail","6":"product_cat-priedai","8":"first","9":"instock","10":"shipping-taxable","11":"purchasable","12":"product-type-simple"},"jetpack_sharing_enabled":true,"_links":{"self":[{"href":"https:\/\/apsaugos.lt\/index.php?rest_route=\/wp\/v2\/product\/2370","targetHints":{"allow":["GET"]}}],"collection":[{"href":"https:\/\/apsaugos.lt\/index.php?rest_route=\/wp\/v2\/product"}],"about":[{"href":"https:\/\/apsaugos.lt\/index.php?rest_route=\/wp\/v2\/types\/product"}],"replies":[{"embeddable":true,"href":"https:\/\/apsaugos.lt\/index.php?rest_route=%2Fwp%2Fv2%2Fcomments&post=2370"}],"wp:featuredmedia":[{"embeddable":true,"href":"https:\/\/apsaugos.lt\/index.php?rest_route=\/wp\/v2\/media\/373"}],"wp:attachment":[{"href":"https:\/\/apsaugos.lt\/index.php?rest_route=%2Fwp%2Fv2%2Fmedia&parent=2370"}],"wp:term":[{"taxonomy":"product_brand","embeddable":true,"href":"https:\/\/apsaugos.lt\/index.php?rest_route=%2Fwp%2Fv2%2Fproduct_brand&post=2370"},{"taxonomy":"product_cat","embeddable":true,"href":"https:\/\/apsaugos.lt\/index.php?rest_route=%2Fwp%2Fv2%2Fproduct_cat&post=2370"},{"taxonomy":"product_tag","embeddable":true,"href":"https:\/\/apsaugos.lt\/index.php?rest_route=%2Fwp%2Fv2%2Fproduct_tag&post=2370"}],"curies":[{"name":"wp","href":"https:\/\/api.w.org\/{rel}","templated":true}]}}