{"id":2371,"date":"2021-02-22T12:24:51","date_gmt":"2021-02-22T10:24:51","guid":{"rendered":"http:\/\/apsaugos.lt\/?product=import-placeholder-for-3710"},"modified":"2021-02-22T12:24:55","modified_gmt":"2021-02-22T10:24:55","slug":"rele-puslaidininkine","status":"publish","type":"product","link":"https:\/\/apsaugos.lt\/?product=rele-puslaidininkine","title":{"rendered":"Rel\u0117 puslaidininkin\u0117"},"content":{"rendered":"<p>\u012e\u0117jimo \u012ftampa : 3-32V DC<br \/>\nApkrovos \u012ftampa : 24-380 V AC<br \/>\nApkrovas srov\u0117 : 25A<\/p>\n","protected":false},"excerpt":{"rendered":"<p>\u012e\u0117jimo \u012ftampa : 3-32V DC Apkrovos \u012ftampa : 24-380 V AC Apkrovas srov\u0117 : 25A<\/p>\n","protected":false},"featured_media":374,"comment_status":"closed","ping_status":"closed","template":"","meta":[],"product_brand":[],"product_cat":[121],"product_tag":[],"class_list":{"0":"post-2371","1":"product","2":"type-product","3":"status-publish","4":"has-post-thumbnail","6":"product_cat-valdymo-reles","8":"first","9":"instock","10":"shipping-taxable","11":"purchasable","12":"product-type-simple"},"jetpack_sharing_enabled":true,"_links":{"self":[{"href":"https:\/\/apsaugos.lt\/index.php?rest_route=\/wp\/v2\/product\/2371","targetHints":{"allow":["GET"]}}],"collection":[{"href":"https:\/\/apsaugos.lt\/index.php?rest_route=\/wp\/v2\/product"}],"about":[{"href":"https:\/\/apsaugos.lt\/index.php?rest_route=\/wp\/v2\/types\/product"}],"replies":[{"embeddable":true,"href":"https:\/\/apsaugos.lt\/index.php?rest_route=%2Fwp%2Fv2%2Fcomments&post=2371"}],"wp:featuredmedia":[{"embeddable":true,"href":"https:\/\/apsaugos.lt\/index.php?rest_route=\/wp\/v2\/media\/374"}],"wp:attachment":[{"href":"https:\/\/apsaugos.lt\/index.php?rest_route=%2Fwp%2Fv2%2Fmedia&parent=2371"}],"wp:term":[{"taxonomy":"product_brand","embeddable":true,"href":"https:\/\/apsaugos.lt\/index.php?rest_route=%2Fwp%2Fv2%2Fproduct_brand&post=2371"},{"taxonomy":"product_cat","embeddable":true,"href":"https:\/\/apsaugos.lt\/index.php?rest_route=%2Fwp%2Fv2%2Fproduct_cat&post=2371"},{"taxonomy":"product_tag","embeddable":true,"href":"https:\/\/apsaugos.lt\/index.php?rest_route=%2Fwp%2Fv2%2Fproduct_tag&post=2371"}],"curies":[{"name":"wp","href":"https:\/\/api.w.org\/{rel}","templated":true}]}}