{"id":2373,"date":"2021-02-22T12:24:51","date_gmt":"2021-02-22T10:24:51","guid":{"rendered":"http:\/\/apsaugos.lt\/?product=import-placeholder-for-3716"},"modified":"2021-02-22T12:24:56","modified_gmt":"2021-02-22T10:24:56","slug":"akumuliatorius-ultracell-70ah-12v","status":"publish","type":"product","link":"https:\/\/apsaugos.lt\/?product=akumuliatorius-ultracell-70ah-12v","title":{"rendered":"Akumuliatorius Ultracell 7,0Ah 12V"},"content":{"rendered":"<ul>\n<li>12V, 7,0Ah<\/li>\n<li>\u0160vino \u2013 r\u016bg\u0161tinis, hermeti\u0161kame korpuse<\/li>\n<li>Matmenys:\u00a0151 x\u00a065 x\u00a093,4 mm<\/li>\n<li>Svoris ~2,05 kg<\/li>\n<\/ul>\n","protected":false},"excerpt":{"rendered":"<p>Akumuliatorius\u00a0Ultracell 7,0Ah 12V<\/p>\n","protected":false},"featured_media":376,"comment_status":"closed","ping_status":"closed","template":"","meta":[],"product_brand":[],"product_cat":[122],"product_tag":[],"class_list":{"0":"post-2373","1":"product","2":"type-product","3":"status-publish","4":"has-post-thumbnail","6":"product_cat-akumuliatoriai","8":"first","9":"instock","10":"shipping-taxable","11":"purchasable","12":"product-type-simple"},"jetpack_sharing_enabled":true,"_links":{"self":[{"href":"https:\/\/apsaugos.lt\/index.php?rest_route=\/wp\/v2\/product\/2373","targetHints":{"allow":["GET"]}}],"collection":[{"href":"https:\/\/apsaugos.lt\/index.php?rest_route=\/wp\/v2\/product"}],"about":[{"href":"https:\/\/apsaugos.lt\/index.php?rest_route=\/wp\/v2\/types\/product"}],"replies":[{"embeddable":true,"href":"https:\/\/apsaugos.lt\/index.php?rest_route=%2Fwp%2Fv2%2Fcomments&post=2373"}],"wp:featuredmedia":[{"embeddable":true,"href":"https:\/\/apsaugos.lt\/index.php?rest_route=\/wp\/v2\/media\/376"}],"wp:attachment":[{"href":"https:\/\/apsaugos.lt\/index.php?rest_route=%2Fwp%2Fv2%2Fmedia&parent=2373"}],"wp:term":[{"taxonomy":"product_brand","embeddable":true,"href":"https:\/\/apsaugos.lt\/index.php?rest_route=%2Fwp%2Fv2%2Fproduct_brand&post=2373"},{"taxonomy":"product_cat","embeddable":true,"href":"https:\/\/apsaugos.lt\/index.php?rest_route=%2Fwp%2Fv2%2Fproduct_cat&post=2373"},{"taxonomy":"product_tag","embeddable":true,"href":"https:\/\/apsaugos.lt\/index.php?rest_route=%2Fwp%2Fv2%2Fproduct_tag&post=2373"}],"curies":[{"name":"wp","href":"https:\/\/api.w.org\/{rel}","templated":true}]}}