{"id":2375,"date":"2021-02-22T12:25:07","date_gmt":"2021-02-22T10:25:07","guid":{"rendered":"http:\/\/apsaugos.lt\/?product=import-placeholder-for-3719"},"modified":"2021-02-22T12:25:10","modified_gmt":"2021-02-22T10:25:10","slug":"akumuliatorius-ultracell-40ah-12v","status":"publish","type":"product","link":"https:\/\/apsaugos.lt\/?product=akumuliatorius-ultracell-40ah-12v","title":{"rendered":"Akumuliatorius Ultracell 4,0Ah 12V"},"content":{"rendered":"<ul>\n<li>12V, 4,0Ah<\/li>\n<li>\u0160vino \u2013 r\u016bg\u0161tinis, hermeti\u0161kame korpuse<\/li>\n<li>Matmenys:\u00a090 x\u00a070 x\u00a0101 mm<\/li>\n<li>Svoris ~1,40 kg<\/li>\n<\/ul>\n","protected":false},"excerpt":{"rendered":"<p>12V, 4,0Ah \u0160vino \u2013 r\u016bg\u0161tinis, hermeti\u0161kame korpuse Matmenys:\u00a090 x\u00a070 x\u00a0101 mm Svoris ~1,40 kg<\/p>\n","protected":false},"featured_media":408,"comment_status":"closed","ping_status":"closed","template":"","meta":[],"product_brand":[],"product_cat":[122],"product_tag":[],"class_list":{"0":"post-2375","1":"product","2":"type-product","3":"status-publish","4":"has-post-thumbnail","6":"product_cat-akumuliatoriai","8":"first","9":"instock","10":"shipping-taxable","11":"purchasable","12":"product-type-simple"},"jetpack_sharing_enabled":true,"_links":{"self":[{"href":"https:\/\/apsaugos.lt\/index.php?rest_route=\/wp\/v2\/product\/2375","targetHints":{"allow":["GET"]}}],"collection":[{"href":"https:\/\/apsaugos.lt\/index.php?rest_route=\/wp\/v2\/product"}],"about":[{"href":"https:\/\/apsaugos.lt\/index.php?rest_route=\/wp\/v2\/types\/product"}],"replies":[{"embeddable":true,"href":"https:\/\/apsaugos.lt\/index.php?rest_route=%2Fwp%2Fv2%2Fcomments&post=2375"}],"wp:featuredmedia":[{"embeddable":true,"href":"https:\/\/apsaugos.lt\/index.php?rest_route=\/wp\/v2\/media\/408"}],"wp:attachment":[{"href":"https:\/\/apsaugos.lt\/index.php?rest_route=%2Fwp%2Fv2%2Fmedia&parent=2375"}],"wp:term":[{"taxonomy":"product_brand","embeddable":true,"href":"https:\/\/apsaugos.lt\/index.php?rest_route=%2Fwp%2Fv2%2Fproduct_brand&post=2375"},{"taxonomy":"product_cat","embeddable":true,"href":"https:\/\/apsaugos.lt\/index.php?rest_route=%2Fwp%2Fv2%2Fproduct_cat&post=2375"},{"taxonomy":"product_tag","embeddable":true,"href":"https:\/\/apsaugos.lt\/index.php?rest_route=%2Fwp%2Fv2%2Fproduct_tag&post=2375"}],"curies":[{"name":"wp","href":"https:\/\/api.w.org\/{rel}","templated":true}]}}