{"id":2378,"date":"2021-02-22T12:25:07","date_gmt":"2021-02-22T10:25:07","guid":{"rendered":"http:\/\/apsaugos.lt\/?product=import-placeholder-for-3725"},"modified":"2021-02-22T12:25:10","modified_gmt":"2021-02-22T10:25:10","slug":"akumuliatorius-csb-7-2ah-12v","status":"publish","type":"product","link":"https:\/\/apsaugos.lt\/?product=akumuliatorius-csb-7-2ah-12v","title":{"rendered":"Akumuliatorius CSB 7.2Ah 12V"},"content":{"rendered":"","protected":false},"excerpt":{"rendered":"<ul>\n<li>12V<\/li>\n<li>7.2Ah<\/li>\n<li>151x65x100mm<\/li>\n<li>Bendro naudojimo baterija, iki 5-i\u0173 met\u0173 eksploatavimo laikotarpio, 260 cikl\u0173, esant 100% i\u0161sikrovimui<\/li>\n<\/ul>\n","protected":false},"featured_media":410,"comment_status":"closed","ping_status":"closed","template":"","meta":[],"product_brand":[],"product_cat":[122],"product_tag":[],"class_list":{"0":"post-2378","1":"product","2":"type-product","3":"status-publish","4":"has-post-thumbnail","6":"product_cat-akumuliatoriai","8":"first","9":"instock","10":"shipping-taxable","11":"purchasable","12":"product-type-simple"},"jetpack_sharing_enabled":true,"_links":{"self":[{"href":"https:\/\/apsaugos.lt\/index.php?rest_route=\/wp\/v2\/product\/2378","targetHints":{"allow":["GET"]}}],"collection":[{"href":"https:\/\/apsaugos.lt\/index.php?rest_route=\/wp\/v2\/product"}],"about":[{"href":"https:\/\/apsaugos.lt\/index.php?rest_route=\/wp\/v2\/types\/product"}],"replies":[{"embeddable":true,"href":"https:\/\/apsaugos.lt\/index.php?rest_route=%2Fwp%2Fv2%2Fcomments&post=2378"}],"wp:featuredmedia":[{"embeddable":true,"href":"https:\/\/apsaugos.lt\/index.php?rest_route=\/wp\/v2\/media\/410"}],"wp:attachment":[{"href":"https:\/\/apsaugos.lt\/index.php?rest_route=%2Fwp%2Fv2%2Fmedia&parent=2378"}],"wp:term":[{"taxonomy":"product_brand","embeddable":true,"href":"https:\/\/apsaugos.lt\/index.php?rest_route=%2Fwp%2Fv2%2Fproduct_brand&post=2378"},{"taxonomy":"product_cat","embeddable":true,"href":"https:\/\/apsaugos.lt\/index.php?rest_route=%2Fwp%2Fv2%2Fproduct_cat&post=2378"},{"taxonomy":"product_tag","embeddable":true,"href":"https:\/\/apsaugos.lt\/index.php?rest_route=%2Fwp%2Fv2%2Fproduct_tag&post=2378"}],"curies":[{"name":"wp","href":"https:\/\/api.w.org\/{rel}","templated":true}]}}