{"id":2380,"date":"2021-02-22T12:25:08","date_gmt":"2021-02-22T10:25:08","guid":{"rendered":"http:\/\/apsaugos.lt\/?product=import-placeholder-for-3728"},"modified":"2021-02-22T12:25:10","modified_gmt":"2021-02-22T10:25:10","slug":"dsc-lc-102pi","status":"publish","type":"product","link":"https:\/\/apsaugos.lt\/?product=dsc-lc-102pi","title":{"rendered":"DSC LC-102PI"},"content":{"rendered":"<p>\u2022&#8221;Quad&#8221; technologija<br \/>\n\u2022Maitinimo \u012ftampa 8,2- 16 V<br \/>\n\u2022Apsauga nuo gyv\u016bn\u0173 iki 25kg<br \/>\n\u2022Temperat\u016bros kompensacija<br \/>\n\u2022Maksimalus detekcijos atstumas: 15 m<br \/>\n\u2022Stiklo d\u016b\u017eio detektoriaus veikimo atstumas: 10 m<br \/>\n\u2022Jautrumo reguliavimas<br \/>\n\u2022Tamperio Jungiklis: 0.1 Amp @ 28 Vdc<br \/>\n\u2022RFI Apsauga: 30 V\/m 10-1000 MHz<br \/>\n\u2022EMI Apsauga: 50,000 V<\/p>\n","protected":false},"excerpt":{"rendered":"<p>LC-102PI detektorius naudoja specialiai suprojektuot\u0105 optin\u012f l\u0119\u0161\u012f su specifine \u201cQuad\u201d technologija bei nauja ASIC baze, kuri padeda suma\u017einti klaiding\u0173 suveikim\u0173 skai\u010di\u0173, kurie kyla d\u0117l smulki\u0173 ar kambarini\u0173 gyv\u016bn\u0173 judesi\u0173.<\/p>\n","protected":false},"featured_media":412,"comment_status":"closed","ping_status":"closed","template":"","meta":[],"product_brand":[],"product_cat":[123],"product_tag":[113],"class_list":{"0":"post-2380","1":"product","2":"type-product","3":"status-publish","4":"has-post-thumbnail","6":"product_cat-judesio-jutikliai","7":"product_tag-dsc","9":"first","10":"instock","11":"shipping-taxable","12":"purchasable","13":"product-type-simple"},"jetpack_sharing_enabled":true,"_links":{"self":[{"href":"https:\/\/apsaugos.lt\/index.php?rest_route=\/wp\/v2\/product\/2380","targetHints":{"allow":["GET"]}}],"collection":[{"href":"https:\/\/apsaugos.lt\/index.php?rest_route=\/wp\/v2\/product"}],"about":[{"href":"https:\/\/apsaugos.lt\/index.php?rest_route=\/wp\/v2\/types\/product"}],"replies":[{"embeddable":true,"href":"https:\/\/apsaugos.lt\/index.php?rest_route=%2Fwp%2Fv2%2Fcomments&post=2380"}],"wp:featuredmedia":[{"embeddable":true,"href":"https:\/\/apsaugos.lt\/index.php?rest_route=\/wp\/v2\/media\/412"}],"wp:attachment":[{"href":"https:\/\/apsaugos.lt\/index.php?rest_route=%2Fwp%2Fv2%2Fmedia&parent=2380"}],"wp:term":[{"taxonomy":"product_brand","embeddable":true,"href":"https:\/\/apsaugos.lt\/index.php?rest_route=%2Fwp%2Fv2%2Fproduct_brand&post=2380"},{"taxonomy":"product_cat","embeddable":true,"href":"https:\/\/apsaugos.lt\/index.php?rest_route=%2Fwp%2Fv2%2Fproduct_cat&post=2380"},{"taxonomy":"product_tag","embeddable":true,"href":"https:\/\/apsaugos.lt\/index.php?rest_route=%2Fwp%2Fv2%2Fproduct_tag&post=2380"}],"curies":[{"name":"wp","href":"https:\/\/api.w.org\/{rel}","templated":true}]}}