{"id":2382,"date":"2021-02-22T12:25:08","date_gmt":"2021-02-22T10:25:08","guid":{"rendered":"http:\/\/apsaugos.lt\/?product=import-placeholder-for-3731"},"modified":"2021-02-22T12:25:10","modified_gmt":"2021-02-22T10:25:10","slug":"dsc-lc-104pimw-pir-mikrobanginis","status":"publish","type":"product","link":"https:\/\/apsaugos.lt\/?product=dsc-lc-104pimw-pir-mikrobanginis","title":{"rendered":"DSC LC-104PIMW PIR\/Mikrobanginis"},"content":{"rendered":"<table class=\"attributes\" border=\"0\" width=\"100%\">\n<tbody>\n<tr>\n<td>Prek\u0117s kodas:<\/td>\n<td>0123LC-104PIMW<\/td>\n<\/tr>\n<tr>\n<td id=\"attrTitle_1\">PIR veikimo atstumas<\/td>\n<td id=\"attrValue_1\">15 m<\/td>\n<\/tr>\n<tr>\n<td id=\"attrTitle_2\">PIR elemento tipas<\/td>\n<td id=\"attrValue_2\">Quad<\/td>\n<\/tr>\n<tr>\n<td id=\"attrTitle_3\">Veikimo kampas, \u00b0<\/td>\n<td id=\"attrValue_3\">90<\/td>\n<\/tr>\n<tr>\n<td id=\"attrTitle_4\">Maitinimo \u012ftampa<\/td>\n<td id=\"attrValue_4\">8.2 &#8211; 16 V DC<\/td>\n<\/tr>\n<tr>\n<td id=\"attrTitle_5\">Vartojama srov\u0117 (bud\u0117jimo re\u017e.)<\/td>\n<td id=\"attrValue_5\">16.5 mA<\/td>\n<\/tr>\n<tr>\n<td id=\"attrTitle_6\">Vartojama srov\u0117 (pavojaus re\u017e.)<\/td>\n<td id=\"attrValue_6\">25.5 mA<\/td>\n<\/tr>\n<tr>\n<td id=\"attrTitle_7\">Svoris<\/td>\n<td id=\"attrValue_7\">97 g<\/td>\n<\/tr>\n<tr>\n<td id=\"attrTitle_8\">I\u0161matavimai (PxAxG)<\/td>\n<td id=\"attrValue_8\">62.5x118x41 mm<\/td>\n<\/tr>\n<tr>\n<td id=\"attrTitle_9\">Veikimo temperat\u016bra, \u00b0C<\/td>\n<td id=\"attrValue_9\">-20 &#8211; +60<\/td>\n<\/tr>\n<tr>\n<td id=\"attrTitle_10\">Montavimo auk\u0161tis<\/td>\n<td id=\"attrValue_10\">2.4 m<\/td>\n<\/tr>\n<tr class=\"last\">\n<td id=\"attrTitle_11\">Gamintojas<\/td>\n<td id=\"attrValue_11\">DSC<\/td>\n<\/tr>\n<\/tbody>\n<\/table>\n","protected":false},"excerpt":{"rendered":"<p>Prek\u0117s kodas: 0123LC-104PIMW PIR veikimo atstumas 15 m PIR elemento tipas Quad Veikimo kampas, \u00b0 90 Maitinimo \u012ftampa 8.2 &#8211; 16 V DC Vartojama srov\u0117 (bud\u0117jimo re\u017e.) 16.5 mA Vartojama srov\u0117 (pavojaus re\u017e.) 25.5 mA Svoris 97 g I\u0161matavimai (PxAxG) 62.5x118x41 mm Veikimo temperat\u016bra, \u00b0C -20 &#8211; +60 Montavimo auk\u0161tis 2.4 m Gamintojas DSC<\/p>\n","protected":false},"featured_media":413,"comment_status":"closed","ping_status":"closed","template":"","meta":[],"product_brand":[],"product_cat":[123],"product_tag":[113],"class_list":{"0":"post-2382","1":"product","2":"type-product","3":"status-publish","4":"has-post-thumbnail","6":"product_cat-judesio-jutikliai","7":"product_tag-dsc","9":"first","10":"instock","11":"shipping-taxable","12":"purchasable","13":"product-type-simple"},"jetpack_sharing_enabled":true,"_links":{"self":[{"href":"https:\/\/apsaugos.lt\/index.php?rest_route=\/wp\/v2\/product\/2382","targetHints":{"allow":["GET"]}}],"collection":[{"href":"https:\/\/apsaugos.lt\/index.php?rest_route=\/wp\/v2\/product"}],"about":[{"href":"https:\/\/apsaugos.lt\/index.php?rest_route=\/wp\/v2\/types\/product"}],"replies":[{"embeddable":true,"href":"https:\/\/apsaugos.lt\/index.php?rest_route=%2Fwp%2Fv2%2Fcomments&post=2382"}],"wp:featuredmedia":[{"embeddable":true,"href":"https:\/\/apsaugos.lt\/index.php?rest_route=\/wp\/v2\/media\/413"}],"wp:attachment":[{"href":"https:\/\/apsaugos.lt\/index.php?rest_route=%2Fwp%2Fv2%2Fmedia&parent=2382"}],"wp:term":[{"taxonomy":"product_brand","embeddable":true,"href":"https:\/\/apsaugos.lt\/index.php?rest_route=%2Fwp%2Fv2%2Fproduct_brand&post=2382"},{"taxonomy":"product_cat","embeddable":true,"href":"https:\/\/apsaugos.lt\/index.php?rest_route=%2Fwp%2Fv2%2Fproduct_cat&post=2382"},{"taxonomy":"product_tag","embeddable":true,"href":"https:\/\/apsaugos.lt\/index.php?rest_route=%2Fwp%2Fv2%2Fproduct_tag&post=2382"}],"curies":[{"name":"wp","href":"https:\/\/api.w.org\/{rel}","templated":true}]}}