{"id":2384,"date":"2021-02-22T12:25:08","date_gmt":"2021-02-22T10:25:08","guid":{"rendered":"http:\/\/apsaugos.lt\/?product=import-placeholder-for-3736"},"modified":"2021-02-22T12:25:11","modified_gmt":"2021-02-22T10:25:11","slug":"dsc-360-bv-501gb-lubinis","status":"publish","type":"product","link":"https:\/\/apsaugos.lt\/?product=dsc-360-bv-501gb-lubinis","title":{"rendered":"DSC 360 BV-501GB lubinis"},"content":{"rendered":"<table class=\"attributes\" border=\"0\" width=\"100%\">\n<tbody>\n<tr>\n<td id=\"attrTitle_1\">PIR veikimo atstumas<\/td>\n<td id=\"attrValue_1\">7.3 &#8211; 12.2 m<\/td>\n<\/tr>\n<tr>\n<td id=\"attrTitle_2\">PIR elemento tipas<\/td>\n<td id=\"attrValue_2\">Quad<\/td>\n<\/tr>\n<tr>\n<td id=\"attrTitle_3\">Veikimo kampas, \u00b0<\/td>\n<td id=\"attrValue_3\">360<\/td>\n<\/tr>\n<tr>\n<td id=\"attrTitle_4\">Maitinimo \u012ftampa<\/td>\n<td id=\"attrValue_4\">9.5 &#8211; 14.5 V DC<\/td>\n<\/tr>\n<tr>\n<td id=\"attrTitle_5\">Vartojama srov\u0117 (bud\u0117jimo re\u017e.)<\/td>\n<td id=\"attrValue_5\">15 mA<\/td>\n<\/tr>\n<tr>\n<td id=\"attrTitle_6\">Vartojama srov\u0117 (pavojaus re\u017e.)<\/td>\n<td id=\"attrValue_6\">18 mA<\/td>\n<\/tr>\n<tr>\n<td id=\"attrTitle_7\">I\u0161matavimai (PxAxG)<\/td>\n<td id=\"attrValue_7\">36(A)x117(\u00f8) mm<\/td>\n<\/tr>\n<tr>\n<td id=\"attrTitle_8\">Veikimo temperat\u016bra, \u00b0C<\/td>\n<td id=\"attrValue_8\">0 &#8211; +50<\/td>\n<\/tr>\n<tr>\n<td id=\"attrTitle_9\">Montavimo auk\u0161tis<\/td>\n<td id=\"attrValue_9\">2.4 &#8211; 3.6 m<\/td>\n<\/tr>\n<tr class=\"last\">\n<td id=\"attrTitle_10\">Gamintojas<\/td>\n<td id=\"attrValue_10\">DSC<\/td>\n<\/tr>\n<\/tbody>\n<\/table>\n","protected":false},"excerpt":{"rendered":"<ul>\n<li>\n<div align=\"justify\">PIR ir stiklo d\u016b\u017eio jutiklis;<\/div>\n<\/li>\n<li>\n<div align=\"justify\">Skaitmenin\u0117 signalo analiz\u0117 visoje padengimo srityje;<\/div>\n<\/li>\n<li>\n<div align=\"justify\">Temperat\u016bros kompensavimas pagerina suveikimo rezultatus prie kritini\u0173 temperat\u016br\u0173;<\/div>\n<\/li>\n<li>\n<div align=\"justify\">Multi-Level Signal Processing (MLSP) tiksliam aptikimui \u017emogaus IR energijai \u012fvairioje temperat\u016bros srityje;<\/div>\n<\/li>\n<li>\n<div align=\"justify\">Jautrumo reguliavimas nustatant normaliai arba pl\u0117\u0161iki\u0161kai aplinkai;<\/div>\n<\/li>\n<li>\n<div align=\"justify\">Auk\u0161to lygio statin\u0117 ir pereinamoji apsauga;<\/div>\n<\/li>\n<li>\n<div align=\"justify\">I\u0161skirtinis baltos \u0161viesos atsparumas;<\/div>\n<\/li>\n<li>\n<div align=\"justify\">Apsauga \u00a0nuo radio da\u017enio.<\/div>\n<\/li>\n<\/ul>\n","protected":false},"featured_media":414,"comment_status":"closed","ping_status":"closed","template":"","meta":[],"product_brand":[],"product_cat":[123],"product_tag":[],"class_list":{"0":"post-2384","1":"product","2":"type-product","3":"status-publish","4":"has-post-thumbnail","6":"product_cat-judesio-jutikliai","8":"first","9":"instock","10":"shipping-taxable","11":"purchasable","12":"product-type-simple"},"jetpack_sharing_enabled":true,"_links":{"self":[{"href":"https:\/\/apsaugos.lt\/index.php?rest_route=\/wp\/v2\/product\/2384","targetHints":{"allow":["GET"]}}],"collection":[{"href":"https:\/\/apsaugos.lt\/index.php?rest_route=\/wp\/v2\/product"}],"about":[{"href":"https:\/\/apsaugos.lt\/index.php?rest_route=\/wp\/v2\/types\/product"}],"replies":[{"embeddable":true,"href":"https:\/\/apsaugos.lt\/index.php?rest_route=%2Fwp%2Fv2%2Fcomments&post=2384"}],"wp:featuredmedia":[{"embeddable":true,"href":"https:\/\/apsaugos.lt\/index.php?rest_route=\/wp\/v2\/media\/414"}],"wp:attachment":[{"href":"https:\/\/apsaugos.lt\/index.php?rest_route=%2Fwp%2Fv2%2Fmedia&parent=2384"}],"wp:term":[{"taxonomy":"product_brand","embeddable":true,"href":"https:\/\/apsaugos.lt\/index.php?rest_route=%2Fwp%2Fv2%2Fproduct_brand&post=2384"},{"taxonomy":"product_cat","embeddable":true,"href":"https:\/\/apsaugos.lt\/index.php?rest_route=%2Fwp%2Fv2%2Fproduct_cat&post=2384"},{"taxonomy":"product_tag","embeddable":true,"href":"https:\/\/apsaugos.lt\/index.php?rest_route=%2Fwp%2Fv2%2Fproduct_tag&post=2384"}],"curies":[{"name":"wp","href":"https:\/\/api.w.org\/{rel}","templated":true}]}}