{"id":2390,"date":"2021-02-22T12:25:08","date_gmt":"2021-02-22T10:25:08","guid":{"rendered":"http:\/\/apsaugos.lt\/?product=import-placeholder-for-3750"},"modified":"2021-02-22T12:25:12","modified_gmt":"2021-02-22T10:25:12","slug":"dsc-lc-171-su-dviem-pir-elementais-mikrobanginis","status":"publish","type":"product","link":"https:\/\/apsaugos.lt\/?product=dsc-lc-171-su-dviem-pir-elementais-mikrobanginis","title":{"rendered":"DSC LC-171 su dviem PIR elementais\/mikrobanginis"},"content":{"rendered":"<table class=\"attributes\" border=\"0\" width=\"100%\">\n<tbody>\n<tr>\n<td id=\"attrTitle_1\">PIR veikimo atstumas<\/td>\n<td id=\"attrValue_1\">18 m<\/td>\n<\/tr>\n<tr>\n<td id=\"attrTitle_2\">PIR elemento tipas<\/td>\n<td id=\"attrValue_2\">Dual<\/td>\n<\/tr>\n<tr>\n<td id=\"attrTitle_3\">Veikimo kampas, \u00b0<\/td>\n<td id=\"attrValue_3\">90<\/td>\n<\/tr>\n<tr>\n<td id=\"attrTitle_4\">Apsaugos klas\u0117<\/td>\n<td id=\"attrValue_4\">IP65<\/td>\n<\/tr>\n<tr>\n<td id=\"attrTitle_5\">Maitinimo \u012ftampa<\/td>\n<td id=\"attrValue_5\">9.6 &#8211; 16 V DC<\/td>\n<\/tr>\n<tr>\n<td id=\"attrTitle_6\">Vartojama srov\u0117 (bud\u0117jimo re\u017e.)<\/td>\n<td id=\"attrValue_6\">21 mA<\/td>\n<\/tr>\n<tr>\n<td id=\"attrTitle_7\">Vartojama srov\u0117 (pavojaus re\u017e.)<\/td>\n<td id=\"attrValue_7\">24 mA<\/td>\n<\/tr>\n<tr>\n<td id=\"attrTitle_8\">Spalva<\/td>\n<td id=\"attrValue_8\">Balta<\/td>\n<\/tr>\n<tr>\n<td id=\"attrTitle_9\">Svoris<\/td>\n<td id=\"attrValue_9\">500 g<\/td>\n<\/tr>\n<tr>\n<td id=\"attrTitle_10\">I\u0161matavimai (PxAxG)<\/td>\n<td id=\"attrValue_10\">80x200x86 mm<\/td>\n<\/tr>\n<tr>\n<td id=\"attrTitle_11\">Veikimo temperat\u016bra, \u00b0C<\/td>\n<td id=\"attrValue_11\">-35 &#8211; +55<\/td>\n<\/tr>\n<tr>\n<td id=\"attrTitle_12\">Montavimo auk\u0161tis<\/td>\n<td id=\"attrValue_12\">0.8 &#8211; 1.5 m<\/td>\n<\/tr>\n<tr>\n<td id=\"attrTitle_13\">Komplektacija<\/td>\n<td id=\"attrValue_13\">Judesio jutiklis, tvirtinimo komplektas<\/td>\n<\/tr>\n<tr class=\"last\">\n<td id=\"attrTitle_14\">Gamintojas<\/td>\n<td id=\"attrValue_14\">DSC<\/td>\n<\/tr>\n<\/tbody>\n<\/table>\n","protected":false},"excerpt":{"rendered":"<ul>\n<li>\n<div align=\"justify\">Nereaguoja \u012f gyv\u016bnus iki 35 kg;<\/div>\n<\/li>\n<li>\n<div align=\"justify\">N.O. ir N.C. kontaktai;<\/div>\n<\/li>\n<li>\n<div align=\"justify\">Montavimo auk\u0161tis nuo 0,8 iki 1,5 m;<\/div>\n<\/li>\n<li>\n<div align=\"justify\">16 PIR jautrumo nustatym\u0173;<\/div>\n<\/li>\n<li>\n<div align=\"justify\">3 mikrobang\u0173 jautrumo nustatymai;<\/div>\n<\/li>\n<li>\n<div align=\"justify\">Temperat\u016bros kompensavimas;<\/div>\n<\/li>\n<li>\n<div align=\"justify\">Anti sabota\u017eo mygtukai priekyje ir gale;<\/div>\n<\/li>\n<li>\n<div align=\"justify\">Garsinis signalas aliarmo metu;<\/div>\n<\/li>\n<li>\n<div align=\"justify\">Hermeti\u0161kas jutiklio korpusas;<\/div>\n<\/li>\n<li>\n<div align=\"justify\">Veikimo atstumas iki 18 m;<\/div>\n<\/li>\n<li>\n<div align=\"justify\">Nereikalinga prie\u017ei\u016bra;<\/div>\n<\/li>\n<li>\n<div align=\"justify\">Didelis atsparumas radio bei elektromagnetiniams trikd\u017eiams;<\/div>\n<\/li>\n<li>\n<div align=\"justify\">Apsauga nuo: tiesiogini\u0173 saul\u0117s spinduli\u0173, v\u0117jo iki 30 m\/s, sniego ir lietaus, smulki\u0173 gyv\u016bn\u0173.<\/div>\n<\/li>\n<\/ul>\n","protected":false},"featured_media":420,"comment_status":"closed","ping_status":"closed","template":"","meta":[],"product_brand":[],"product_cat":[124],"product_tag":[113],"class_list":{"0":"post-2390","1":"product","2":"type-product","3":"status-publish","4":"has-post-thumbnail","6":"product_cat-lauko-judesio-jutikliai","7":"product_tag-dsc","9":"first","10":"instock","11":"shipping-taxable","12":"purchasable","13":"product-type-simple"},"jetpack_sharing_enabled":true,"_links":{"self":[{"href":"https:\/\/apsaugos.lt\/index.php?rest_route=\/wp\/v2\/product\/2390","targetHints":{"allow":["GET"]}}],"collection":[{"href":"https:\/\/apsaugos.lt\/index.php?rest_route=\/wp\/v2\/product"}],"about":[{"href":"https:\/\/apsaugos.lt\/index.php?rest_route=\/wp\/v2\/types\/product"}],"replies":[{"embeddable":true,"href":"https:\/\/apsaugos.lt\/index.php?rest_route=%2Fwp%2Fv2%2Fcomments&post=2390"}],"wp:featuredmedia":[{"embeddable":true,"href":"https:\/\/apsaugos.lt\/index.php?rest_route=\/wp\/v2\/media\/420"}],"wp:attachment":[{"href":"https:\/\/apsaugos.lt\/index.php?rest_route=%2Fwp%2Fv2%2Fmedia&parent=2390"}],"wp:term":[{"taxonomy":"product_brand","embeddable":true,"href":"https:\/\/apsaugos.lt\/index.php?rest_route=%2Fwp%2Fv2%2Fproduct_brand&post=2390"},{"taxonomy":"product_cat","embeddable":true,"href":"https:\/\/apsaugos.lt\/index.php?rest_route=%2Fwp%2Fv2%2Fproduct_cat&post=2390"},{"taxonomy":"product_tag","embeddable":true,"href":"https:\/\/apsaugos.lt\/index.php?rest_route=%2Fwp%2Fv2%2Fproduct_tag&post=2390"}],"curies":[{"name":"wp","href":"https:\/\/api.w.org\/{rel}","templated":true}]}}