{"id":2392,"date":"2021-02-22T12:25:09","date_gmt":"2021-02-22T10:25:09","guid":{"rendered":"http:\/\/apsaugos.lt\/?product=import-placeholder-for-3754"},"modified":"2021-02-22T12:25:12","modified_gmt":"2021-02-22T10:25:12","slug":"dg85-pet","status":"publish","type":"product","link":"https:\/\/apsaugos.lt\/?product=dg85-pet","title":{"rendered":"DG85 PET"},"content":{"rendered":"<ul>\n<li>Ypatingai patikimas bei atsparus klaidingam aliarmui;<\/li>\n<li>Mechaniniam poveikiui ir temperat\u016brai atsparus korpusas;<\/li>\n<li>Dviguba optini\u0173 filtr\u0173 sistema;<\/li>\n<li>Linz\u0117s apsaugotos nuo UV spinduli\u0173;<\/li>\n<li>Nereaguoja \u012f naminius gyv\u016bnus, sverian\u010dius ma\u017eiau nei 40 kg;<\/li>\n<li>Dvigubas optinis mechanizmas;<\/li>\n<li>\u201cDigital Dual Opposed Detection\u201d skaitmeninis detektavimas dviej\u0173<\/li>\n<li>prie\u0161ing\u0173 element\u0173 technologijos pagalba;<\/li>\n<li>Jautrumo reguliavimas;<\/li>\n<li>Du darbo r\u0117\u017eimai (adresinis Digiplex ir DigiplexNE, bei \u012fprastas relinis);<\/li>\n<li>11 X 11m ir 90\u00b0 judesio detektavimo laukas<\/li>\n<\/ul>\n","protected":false},"excerpt":{"rendered":"<p>Lauko s\u0105lygoms skirtas skaitmeninis judesio jutiklis, nereaguojantis \u012f gyv\u016bnus (DG85)<br \/>\nDigigard DG85 &#8211; tai jutiklis atsparus temperat\u016bros poky\u010diams, kurio veikimo principai<br \/>\ni\u0161bandyti DG75 jutiklyje, ir skirtas patikimai apsaugai lauke.<\/p>\n","protected":false},"featured_media":422,"comment_status":"closed","ping_status":"closed","template":"","meta":[],"product_brand":[],"product_cat":[124],"product_tag":[116],"class_list":{"0":"post-2392","1":"product","2":"type-product","3":"status-publish","4":"has-post-thumbnail","6":"product_cat-lauko-judesio-jutikliai","7":"product_tag-paradox","9":"first","10":"instock","11":"shipping-taxable","12":"purchasable","13":"product-type-simple"},"jetpack_sharing_enabled":true,"_links":{"self":[{"href":"https:\/\/apsaugos.lt\/index.php?rest_route=\/wp\/v2\/product\/2392","targetHints":{"allow":["GET"]}}],"collection":[{"href":"https:\/\/apsaugos.lt\/index.php?rest_route=\/wp\/v2\/product"}],"about":[{"href":"https:\/\/apsaugos.lt\/index.php?rest_route=\/wp\/v2\/types\/product"}],"replies":[{"embeddable":true,"href":"https:\/\/apsaugos.lt\/index.php?rest_route=%2Fwp%2Fv2%2Fcomments&post=2392"}],"wp:featuredmedia":[{"embeddable":true,"href":"https:\/\/apsaugos.lt\/index.php?rest_route=\/wp\/v2\/media\/422"}],"wp:attachment":[{"href":"https:\/\/apsaugos.lt\/index.php?rest_route=%2Fwp%2Fv2%2Fmedia&parent=2392"}],"wp:term":[{"taxonomy":"product_brand","embeddable":true,"href":"https:\/\/apsaugos.lt\/index.php?rest_route=%2Fwp%2Fv2%2Fproduct_brand&post=2392"},{"taxonomy":"product_cat","embeddable":true,"href":"https:\/\/apsaugos.lt\/index.php?rest_route=%2Fwp%2Fv2%2Fproduct_cat&post=2392"},{"taxonomy":"product_tag","embeddable":true,"href":"https:\/\/apsaugos.lt\/index.php?rest_route=%2Fwp%2Fv2%2Fproduct_tag&post=2392"}],"curies":[{"name":"wp","href":"https:\/\/api.w.org\/{rel}","templated":true}]}}