{"id":2394,"date":"2021-02-22T12:25:09","date_gmt":"2021-02-22T10:25:09","guid":{"rendered":"http:\/\/apsaugos.lt\/?product=import-placeholder-for-3758"},"modified":"2021-02-22T12:25:12","modified_gmt":"2021-02-22T10:25:12","slug":"pyronix-xdl12tt-am","status":"publish","type":"product","link":"https:\/\/apsaugos.lt\/?product=pyronix-xdl12tt-am","title":{"rendered":"Pyronix XDL12TT-AM"},"content":{"rendered":"<table border=\"1\">\n<tbody>\n<tr>\n<td>Digi logic technologija<\/td>\n<td>Tri-detection logic<\/td>\n<\/tr>\n<tr>\n<td>Automatinis jautrumas<\/td>\n<td>Yes<\/td>\n<\/tr>\n<tr>\n<td>Jautrumo reguliavimas<\/td>\n<td>Auto or high<\/td>\n<\/tr>\n<tr>\n<td>Skaitmenin\u0117 temperat\u016bros kompensacija<\/td>\n<td>Yes<\/td>\n<\/tr>\n<tr>\n<td>Tamperio apsauga<\/td>\n<td>12V DC 50mA both front and rear<\/td>\n<\/tr>\n<tr>\n<td>LED indikacija<\/td>\n<td>Top: Microwave, PIR 1 and alarm | Bottom: PIR 2<\/td>\n<\/tr>\n<tr>\n<td>Standartin\u0117 temperat\u016bros kompensacija<\/td>\n<td>Yes<\/td>\n<\/tr>\n<tr>\n<td>Da\u017enio diapazonas<\/td>\n<td>9.9GHz<\/td>\n<\/tr>\n<tr>\n<td>Korpusas<\/td>\n<td>3mm polycarbonate, 0.4mm HDPE in lens area<\/td>\n<\/tr>\n<tr>\n<td>Maksimalus diapazonas<\/td>\n<td>12m<\/td>\n<\/tr>\n<tr>\n<td>Aptikimo greitis<\/td>\n<td>0.25 &#8211; 2.5 m\/s<\/td>\n<\/tr>\n<tr>\n<td>Aptikimo zonos<\/td>\n<td>22 (11 top, 11 bottom)<\/td>\n<\/tr>\n<tr>\n<td>Aptikimo planai<\/td>\n<td>2<\/td>\n<\/tr>\n<tr>\n<td>Baltos \u0161viesos filtras<\/td>\n<td>Yes<\/td>\n<\/tr>\n<tr>\n<td>Apsauga<\/td>\n<td>Tri-anti-masking technology | IP55 rated<\/td>\n<\/tr>\n<tr>\n<td>Objektyvas<\/td>\n<td>UV compensated<\/td>\n<\/tr>\n<tr>\n<td>Optika<\/td>\n<td>Dual-Vision Sealed Optics<\/td>\n<\/tr>\n<tr>\n<td>Aptikimo metodas<\/td>\n<td>Tri-signal detection logic<\/td>\n<\/tr>\n<tr>\n<td>Anti blokavimo technologija<\/td>\n<td>Yes<\/td>\n<\/tr>\n<tr>\n<td>Sensorius<\/td>\n<td>2 low noise dual element passive infrared sensors and a microwave doppler unit<\/td>\n<\/tr>\n<tr>\n<td>Optimalus auk\u0161tis<\/td>\n<td>1.2m<\/td>\n<\/tr>\n<tr>\n<td>Laikymo temperat\u016bra<\/td>\n<td>-40C to 80C<\/td>\n<\/tr>\n<tr>\n<td>Veikimo temperat\u016bra<\/td>\n<td>-30C to 70C<\/td>\n<\/tr>\n<tr>\n<td>I\u0161matavimai (H x W x D)<\/td>\n<td>188 x 77 x 84mm (7.4&#8243; x 3&#8243; x 3.4&#8243;)<\/td>\n<\/tr>\n<tr>\n<td>Svoris<\/td>\n<td>300g<\/td>\n<\/tr>\n<tr>\n<td>Maitinimas<\/td>\n<td>9-16VDC, 13.8VDC typically<\/td>\n<\/tr>\n<tr>\n<td>Energijos suvartojimas<\/td>\n<td>~24mA @ 13.8VDC<\/td>\n<\/tr>\n<tr>\n<td>R\u0117lin\u0117s i\u0161vestys<\/td>\n<td>3 x SELV limits, 60VDC ~50mA (42.4VAC peak)<\/td>\n<\/tr>\n<tr>\n<td>Tamperio perjungimas<\/td>\n<td>12VDC 50mA both front and rear<\/td>\n<\/tr>\n<\/tbody>\n<\/table>\n","protected":false},"excerpt":{"rendered":"<p>Trij\u0173 element\u0173 sensorius, Detektavimo laukas 12m, Nereagavimas \u012f gyv\u016bnus iki 24 kg, Darbo aplinka -30\u00b0C iki +70\u00b0C<\/p>\n","protected":false},"featured_media":423,"comment_status":"closed","ping_status":"closed","template":"","meta":[],"product_brand":[],"product_cat":[124],"product_tag":[125],"class_list":{"0":"post-2394","1":"product","2":"type-product","3":"status-publish","4":"has-post-thumbnail","6":"product_cat-lauko-judesio-jutikliai","7":"product_tag-pyronix","9":"first","10":"instock","11":"shipping-taxable","12":"purchasable","13":"product-type-simple"},"jetpack_sharing_enabled":true,"_links":{"self":[{"href":"https:\/\/apsaugos.lt\/index.php?rest_route=\/wp\/v2\/product\/2394","targetHints":{"allow":["GET"]}}],"collection":[{"href":"https:\/\/apsaugos.lt\/index.php?rest_route=\/wp\/v2\/product"}],"about":[{"href":"https:\/\/apsaugos.lt\/index.php?rest_route=\/wp\/v2\/types\/product"}],"replies":[{"embeddable":true,"href":"https:\/\/apsaugos.lt\/index.php?rest_route=%2Fwp%2Fv2%2Fcomments&post=2394"}],"wp:featuredmedia":[{"embeddable":true,"href":"https:\/\/apsaugos.lt\/index.php?rest_route=\/wp\/v2\/media\/423"}],"wp:attachment":[{"href":"https:\/\/apsaugos.lt\/index.php?rest_route=%2Fwp%2Fv2%2Fmedia&parent=2394"}],"wp:term":[{"taxonomy":"product_brand","embeddable":true,"href":"https:\/\/apsaugos.lt\/index.php?rest_route=%2Fwp%2Fv2%2Fproduct_brand&post=2394"},{"taxonomy":"product_cat","embeddable":true,"href":"https:\/\/apsaugos.lt\/index.php?rest_route=%2Fwp%2Fv2%2Fproduct_cat&post=2394"},{"taxonomy":"product_tag","embeddable":true,"href":"https:\/\/apsaugos.lt\/index.php?rest_route=%2Fwp%2Fv2%2Fproduct_tag&post=2394"}],"curies":[{"name":"wp","href":"https:\/\/api.w.org\/{rel}","templated":true}]}}