{"id":2395,"date":"2021-02-22T12:25:09","date_gmt":"2021-02-22T10:25:09","guid":{"rendered":"http:\/\/apsaugos.lt\/?product=import-placeholder-for-3760"},"modified":"2021-02-22T12:25:12","modified_gmt":"2021-02-22T10:25:12","slug":"pyronix-xdh10tt-am","status":"publish","type":"product","link":"https:\/\/apsaugos.lt\/?product=pyronix-xdh10tt-am","title":{"rendered":"Pyronix XDH10TT-AM"},"content":{"rendered":"<table border=\"1\" width=\"325\">\n<tbody>\n<tr>\n<td>Jautrumo nustatymas<\/td>\n<td>Auto or high<\/td>\n<\/tr>\n<tr>\n<td>Temperat\u016bros kompensavimo technologija<\/td>\n<td>Yes<\/td>\n<\/tr>\n<tr>\n<td>Tamperio apsauga<\/td>\n<td>Front and rear<\/td>\n<\/tr>\n<tr>\n<td>Skirtinga LED indikacija<\/td>\n<td>Microwave, infrared and alarm<\/td>\n<\/tr>\n<tr>\n<td>Aptikimo laukas<\/td>\n<td>10m (13m with curtain lens)<\/td>\n<\/tr>\n<tr>\n<td>U\u017euolaidin\u0117 apsauga<\/td>\n<td>Optional<\/td>\n<\/tr>\n<tr>\n<td>Neregavimas \u012f gyv\u016bnus<\/td>\n<td>10kg<\/td>\n<\/tr>\n<tr>\n<td>Tri technologija<\/td>\n<td>2 infrared and 1 microwave<\/td>\n<\/tr>\n<tr>\n<td>Aptikimo greitis<\/td>\n<td>0.25 &#8211; 2.5m\/s<\/td>\n<\/tr>\n<tr>\n<td>Saugojimo kampas<\/td>\n<td>90 degree (142 degree with curtain lens)<\/td>\n<\/tr>\n<tr>\n<td>Aptikimo zonos<\/td>\n<td>78 (24 with curtain lens)<\/td>\n<\/tr>\n<tr>\n<td>Aptikimo metodas<\/td>\n<td>2 low noise dual element passive infrared sensors and a microwave doppler unit<\/td>\n<\/tr>\n<tr>\n<td>Optimaus saugojimo auk\u0161tis<\/td>\n<td>2.4m<\/td>\n<\/tr>\n<tr>\n<td>Sertifikuotas montavimo auk\u0161tis<\/td>\n<td>2.4m<\/td>\n<\/tr>\n<tr>\n<td>Darbo temperat\u016bra<\/td>\n<td>-30\u00b0C to +70\u00b0C<\/td>\n<\/tr>\n<tr>\n<td>I\u0161matavimai\u00a0(H x W x D)<\/td>\n<td>188 x 84 x 77mm<\/td>\n<\/tr>\n<tr>\n<td>Svoris<\/td>\n<td>300g<\/td>\n<\/tr>\n<tr>\n<td>Maitinimas<\/td>\n<td>9-16VDC, 13.8VDC typically<\/td>\n<\/tr>\n<tr>\n<td>Inerti\u0161kos srov\u0117s suvartojimas<\/td>\n<td>24mA @ 13.8VDC<\/td>\n<\/tr>\n<tr>\n<td>CE sertifikatas<\/td>\n<td>CE<\/td>\n<\/tr>\n<tr>\n<td>Sertifikato tipas<\/td>\n<td>Self-certified<\/td>\n<\/tr>\n<\/tbody>\n<\/table>\n","protected":false},"excerpt":{"rendered":"<p>Trij\u0173 element\u0173 sensorius, detektavimo laukas 10m, darbo aplinka -30\u00b0C iki +70\u00b0C, apsauga nuo gyv\u016bn\u0173 iki 10 Kg, temperat\u016bros kompensavimo technologija (ATC).<\/p>\n","protected":false},"featured_media":424,"comment_status":"closed","ping_status":"closed","template":"","meta":[],"product_brand":[],"product_cat":[124],"product_tag":[],"class_list":{"0":"post-2395","1":"product","2":"type-product","3":"status-publish","4":"has-post-thumbnail","6":"product_cat-lauko-judesio-jutikliai","8":"first","9":"instock","10":"shipping-taxable","11":"purchasable","12":"product-type-simple"},"jetpack_sharing_enabled":true,"_links":{"self":[{"href":"https:\/\/apsaugos.lt\/index.php?rest_route=\/wp\/v2\/product\/2395","targetHints":{"allow":["GET"]}}],"collection":[{"href":"https:\/\/apsaugos.lt\/index.php?rest_route=\/wp\/v2\/product"}],"about":[{"href":"https:\/\/apsaugos.lt\/index.php?rest_route=\/wp\/v2\/types\/product"}],"replies":[{"embeddable":true,"href":"https:\/\/apsaugos.lt\/index.php?rest_route=%2Fwp%2Fv2%2Fcomments&post=2395"}],"wp:featuredmedia":[{"embeddable":true,"href":"https:\/\/apsaugos.lt\/index.php?rest_route=\/wp\/v2\/media\/424"}],"wp:attachment":[{"href":"https:\/\/apsaugos.lt\/index.php?rest_route=%2Fwp%2Fv2%2Fmedia&parent=2395"}],"wp:term":[{"taxonomy":"product_brand","embeddable":true,"href":"https:\/\/apsaugos.lt\/index.php?rest_route=%2Fwp%2Fv2%2Fproduct_brand&post=2395"},{"taxonomy":"product_cat","embeddable":true,"href":"https:\/\/apsaugos.lt\/index.php?rest_route=%2Fwp%2Fv2%2Fproduct_cat&post=2395"},{"taxonomy":"product_tag","embeddable":true,"href":"https:\/\/apsaugos.lt\/index.php?rest_route=%2Fwp%2Fv2%2Fproduct_tag&post=2395"}],"curies":[{"name":"wp","href":"https:\/\/api.w.org\/{rel}","templated":true}]}}