{"id":2403,"date":"2021-02-22T12:25:09","date_gmt":"2021-02-22T10:25:09","guid":{"rendered":"http:\/\/apsaugos.lt\/?product=import-placeholder-for-3814"},"modified":"2021-02-22T12:25:14","modified_gmt":"2021-02-22T10:25:14","slug":"hikvision-ds-k1200mf","status":"publish","type":"product","link":"https:\/\/apsaugos.lt\/?product=hikvision-ds-k1200mf","title":{"rendered":"Hikvision DS-K1200MF"},"content":{"rendered":"<ul>\n<li>Hikvision pir\u0161t\u0173 atspaud\u0173 skaitytuvas DS-K1200MF<\/li>\n<li>RS-485<\/li>\n<li>IP65<\/li>\n<li>Atmintis 9500 pir\u0161t\u0173 atspaud\u0173<\/li>\n<\/ul>\n","protected":false},"excerpt":{"rendered":"<p>Hikvision pir\u0161t\u0173 atspaud\u0173 skaitytuvas DS-K1200MF RS-485 IP65 Atmintis 9500 pir\u0161t\u0173 atspaud\u0173<\/p>\n","protected":false},"featured_media":428,"comment_status":"closed","ping_status":"closed","template":"","meta":[],"product_brand":[],"product_cat":[21],"product_tag":[32],"class_list":{"0":"post-2403","1":"product","2":"type-product","3":"status-publish","4":"has-post-thumbnail","6":"product_cat-pirstu-antspaudu-veido-skaitytuvai","7":"product_tag-hikvision","9":"first","10":"instock","11":"shipping-taxable","12":"purchasable","13":"product-type-simple"},"jetpack_sharing_enabled":true,"_links":{"self":[{"href":"https:\/\/apsaugos.lt\/index.php?rest_route=\/wp\/v2\/product\/2403","targetHints":{"allow":["GET"]}}],"collection":[{"href":"https:\/\/apsaugos.lt\/index.php?rest_route=\/wp\/v2\/product"}],"about":[{"href":"https:\/\/apsaugos.lt\/index.php?rest_route=\/wp\/v2\/types\/product"}],"replies":[{"embeddable":true,"href":"https:\/\/apsaugos.lt\/index.php?rest_route=%2Fwp%2Fv2%2Fcomments&post=2403"}],"wp:featuredmedia":[{"embeddable":true,"href":"https:\/\/apsaugos.lt\/index.php?rest_route=\/wp\/v2\/media\/428"}],"wp:attachment":[{"href":"https:\/\/apsaugos.lt\/index.php?rest_route=%2Fwp%2Fv2%2Fmedia&parent=2403"}],"wp:term":[{"taxonomy":"product_brand","embeddable":true,"href":"https:\/\/apsaugos.lt\/index.php?rest_route=%2Fwp%2Fv2%2Fproduct_brand&post=2403"},{"taxonomy":"product_cat","embeddable":true,"href":"https:\/\/apsaugos.lt\/index.php?rest_route=%2Fwp%2Fv2%2Fproduct_cat&post=2403"},{"taxonomy":"product_tag","embeddable":true,"href":"https:\/\/apsaugos.lt\/index.php?rest_route=%2Fwp%2Fv2%2Fproduct_tag&post=2403"}],"curies":[{"name":"wp","href":"https:\/\/api.w.org\/{rel}","templated":true}]}}