{"id":2408,"date":"2021-02-22T12:25:16","date_gmt":"2021-02-22T10:25:16","guid":{"rendered":"http:\/\/apsaugos.lt\/?product=import-placeholder-for-3824"},"modified":"2021-02-22T12:25:18","modified_gmt":"2021-02-22T10:25:18","slug":"hikvision-ds-k1101mk","status":"publish","type":"product","link":"https:\/\/apsaugos.lt\/?product=hikvision-ds-k1101mk","title":{"rendered":"Hikvision DS-K1101MK"},"content":{"rendered":"<table border=\"1\" cellspacing=\"2\" cellpadding=\"2\">\n<tbody>\n<tr>\n<td><strong>Maitinimas<\/strong><\/td>\n<td>12V DC<\/td>\n<\/tr>\n<tr>\n<td><strong>Vartojama srov\u0117<\/strong><\/td>\n<td>\u2264500mA<\/td>\n<\/tr>\n<tr>\n<td><strong>Procesorius<\/strong><\/td>\n<td>32-bit<\/td>\n<\/tr>\n<tr>\n<td><strong>Skaitymo da\u017enis<\/strong><\/td>\n<td>13.56MHz<\/td>\n<\/tr>\n<tr>\n<td><strong>Nuskaitymo atstumas<\/strong><\/td>\n<td>30 to 50mm (1.18 to 1.96&#8243;)<\/td>\n<\/tr>\n<tr>\n<td><strong>ID nustatymai<\/strong><\/td>\n<td>Setting by the DIP Switch on the Main Board<\/td>\n<\/tr>\n<tr>\n<td><strong>Audio \u012fsp\u0117jimas<\/strong><\/td>\n<td>Beeper<\/td>\n<\/tr>\n<tr>\n<td><strong>Energijos suvartojimas<\/strong><\/td>\n<td>\u22646W<\/td>\n<\/tr>\n<tr>\n<td><strong>Klaviat\u016bra<\/strong><\/td>\n<td>Keypad with 12 Keys (0 to 9, *, #) ( DS-K1101MK)<\/td>\n<\/tr>\n<tr>\n<td><strong>Sertifikatai<\/strong><\/td>\n<td>FCC, CE<\/td>\n<\/tr>\n<tr>\n<td><strong>LED indikacija<\/strong><\/td>\n<td>Power Indicator; Status LED Indicator<\/td>\n<\/tr>\n<tr>\n<td><strong>Darbin\u0117 temperat\u016bra<\/strong><\/td>\n<td>-40\u00b0C to +70\u00b0C (-40\u00b0F to +158\u00b0F)<\/td>\n<\/tr>\n<tr>\n<td><strong>Santykinis oro dr\u0117gnumas<\/strong><\/td>\n<td>10% to 90% (Non Condensing)<\/td>\n<\/tr>\n<tr>\n<td><strong>Apsaugos lygis<\/strong><\/td>\n<td>IP 64<\/td>\n<\/tr>\n<tr>\n<td><strong>I\u0161matavimai<\/strong><\/td>\n<td>132.0\u00d792.3\u00d720.5mm (5.20\u00d73.63\u00d70.81&#8243;)<\/td>\n<\/tr>\n<tr>\n<td><strong>Svoris<\/strong><\/td>\n<td>\u2264 0.14Kg<\/td>\n<\/tr>\n<tr>\n<td><strong>Instaliavimo metodas<\/strong><\/td>\n<td>Applied for 120 Gang Box Only<\/td>\n<\/tr>\n<\/tbody>\n<\/table>\n","protected":false},"excerpt":{"rendered":"<p>Mifare korteli\u0173 skaitytuvas su klaviat\u016bra<\/p>\n","protected":false},"featured_media":462,"comment_status":"closed","ping_status":"closed","template":"","meta":[],"product_brand":[],"product_cat":[25],"product_tag":[32],"class_list":{"0":"post-2408","1":"product","2":"type-product","3":"status-publish","4":"has-post-thumbnail","6":"product_cat-korteliu-skaitytuvai","7":"product_tag-hikvision","9":"first","10":"instock","11":"shipping-taxable","12":"purchasable","13":"product-type-simple"},"jetpack_sharing_enabled":true,"_links":{"self":[{"href":"https:\/\/apsaugos.lt\/index.php?rest_route=\/wp\/v2\/product\/2408","targetHints":{"allow":["GET"]}}],"collection":[{"href":"https:\/\/apsaugos.lt\/index.php?rest_route=\/wp\/v2\/product"}],"about":[{"href":"https:\/\/apsaugos.lt\/index.php?rest_route=\/wp\/v2\/types\/product"}],"replies":[{"embeddable":true,"href":"https:\/\/apsaugos.lt\/index.php?rest_route=%2Fwp%2Fv2%2Fcomments&post=2408"}],"wp:featuredmedia":[{"embeddable":true,"href":"https:\/\/apsaugos.lt\/index.php?rest_route=\/wp\/v2\/media\/462"}],"wp:attachment":[{"href":"https:\/\/apsaugos.lt\/index.php?rest_route=%2Fwp%2Fv2%2Fmedia&parent=2408"}],"wp:term":[{"taxonomy":"product_brand","embeddable":true,"href":"https:\/\/apsaugos.lt\/index.php?rest_route=%2Fwp%2Fv2%2Fproduct_brand&post=2408"},{"taxonomy":"product_cat","embeddable":true,"href":"https:\/\/apsaugos.lt\/index.php?rest_route=%2Fwp%2Fv2%2Fproduct_cat&post=2408"},{"taxonomy":"product_tag","embeddable":true,"href":"https:\/\/apsaugos.lt\/index.php?rest_route=%2Fwp%2Fv2%2Fproduct_tag&post=2408"}],"curies":[{"name":"wp","href":"https:\/\/api.w.org\/{rel}","templated":true}]}}