{"id":2409,"date":"2021-02-22T12:25:16","date_gmt":"2021-02-22T10:25:16","guid":{"rendered":"http:\/\/apsaugos.lt\/?product=import-placeholder-for-3826"},"modified":"2021-02-22T12:25:18","modified_gmt":"2021-02-22T10:25:18","slug":"hikvision-veidu-atpazinimo-terminalas-ds-k1t606mf","status":"publish","type":"product","link":"https:\/\/apsaugos.lt\/?product=hikvision-veidu-atpazinimo-terminalas-ds-k1t606mf","title":{"rendered":"Hikvision veid\u0173 atpa\u017einimo terminalas DS-K1T606MF"},"content":{"rendered":"<table border=\"1\">\n<tbody>\n<tr>\n<td class=\"td1\">1:N veido atpa\u017einimo trukm\u0117<\/td>\n<td>\u2264 1 s\/Person<\/td>\n<\/tr>\n<tr>\n<td class=\"td1\">Operacin\u0117 sistema<\/td>\n<td>Linux<\/td>\n<\/tr>\n<tr>\n<td class=\"td1\">Pir\u0161to atspaud\u0173 skaitytuvo modulis<\/td>\n<td>Optical, Red Backlight<\/td>\n<\/tr>\n<tr>\n<td class=\"td1\">Korteli\u0173 talpa<\/td>\n<td>5,000<\/td>\n<\/tr>\n<tr>\n<td class=\"td1\">Veido atpa\u017einimo tikslumo da\u017enis<\/td>\n<td>\u2265 99%<\/td>\n<\/tr>\n<tr>\n<td class=\"td1\">Korteli\u0173 tipas<\/td>\n<td>M1 Card<\/td>\n<\/tr>\n<tr>\n<td class=\"td1\">Kamera<\/td>\n<td>2 MP; WDR; Wide-Angle Lens<\/td>\n<\/tr>\n<tr>\n<td class=\"td1\">Pir\u0161to atspaud\u0173 talpa<\/td>\n<td>5,000<\/td>\n<\/tr>\n<tr>\n<td class=\"td1\">\u012evyki\u0173 talpa<\/td>\n<td>100,000<\/td>\n<\/tr>\n<tr>\n<td class=\"td1\">Veido atpa\u017einimo atstumas<\/td>\n<td>0.3 m to 1 m<\/td>\n<\/tr>\n<tr>\n<td class=\"td1\">Veid\u0173 talpa<\/td>\n<td>3,200<\/td>\n<\/tr>\n<tr>\n<th colspan=\"2\">\u012erenginio s\u0105sajos<\/th>\n<\/tr>\n<tr>\n<td class=\"td1\">Ry\u0161ys<\/td>\n<td>Ethernet 10\/100Mbps Self-adaptive; Wi-Fi<\/td>\n<\/tr>\n<tr>\n<td class=\"td1\">I\u0161vesties s\u0105saja<\/td>\n<td>Lock Relay \u00d7 1, Alarm Relay \u00d7 1<\/td>\n<\/tr>\n<tr>\n<td class=\"td1\">\u012evesties s\u0105saja<\/td>\n<td>RS-485 \u00d7 1, Wiegand \u00d7 1, USB \u00d7 1, Exit Button \u00d7 1, Tamper \u00d7 1 , Alarm Input \u00d7 2<\/td>\n<\/tr>\n<tr>\n<th colspan=\"2\">Pagrindin\u0117s savyb\u0117s<\/th>\n<\/tr>\n<tr>\n<td class=\"td1\">LCD ekranas<\/td>\n<td>5-inch LCD Touch Screen; Resolution: 480 \u00d7 800<\/td>\n<\/tr>\n<tr>\n<td class=\"td1\">Maitinimas<\/td>\n<td>12 VDC\/2 A (Centralized Power Supply)<\/td>\n<\/tr>\n<tr>\n<td class=\"td1\">IP apsaugos klas\u0117<\/td>\n<td>IP 65 Water-Proof<\/td>\n<\/tr>\n<tr>\n<td class=\"td1\">Montavimas<\/td>\n<td>Wall Mounting with\/without Gang Box<\/td>\n<\/tr>\n<tr>\n<td class=\"td1\">Naudojimo s\u0105lygos<\/td>\n<td>Indoor; Outdoor<\/td>\n<\/tr>\n<tr>\n<td class=\"td1\">Santykinis oro dr\u0117gnumas<\/td>\n<td>10% to 90% (Non-Condensing)<\/td>\n<\/tr>\n<tr>\n<td class=\"td1\">Veikimo temperat\u016bra<\/td>\n<td>-20\u00b0C to +50\u00b0C (-4\u00b0F to 122\u00b0F)<\/td>\n<\/tr>\n<tr>\n<td class=\"td1\">I\u0161matavimai (L\u00d7W\u00d7H)<\/td>\n<td>281.5mm \u00d7 113mm \u00d7 45mm (11.08\u201d \u00d7 4.45\u201d \u00d7 1.77&#8243;)<\/td>\n<\/tr>\n<\/tbody>\n<\/table>\n","protected":false},"excerpt":{"rendered":"<p>Hikvision veid\u0173 atpa\u017einimo terminalas, RS-485, IP65, Veid\u0173 talpa: 3,200, Pir\u0161to atspaud\u0173 talpa: 5,000, Korteli\u0173 talpa: 5,000<\/p>\n","protected":false},"featured_media":463,"comment_status":"closed","ping_status":"closed","template":"","meta":[],"product_brand":[],"product_cat":[21],"product_tag":[32],"class_list":{"0":"post-2409","1":"product","2":"type-product","3":"status-publish","4":"has-post-thumbnail","6":"product_cat-pirstu-antspaudu-veido-skaitytuvai","7":"product_tag-hikvision","9":"first","10":"instock","11":"shipping-taxable","12":"purchasable","13":"product-type-simple"},"jetpack_sharing_enabled":true,"_links":{"self":[{"href":"https:\/\/apsaugos.lt\/index.php?rest_route=\/wp\/v2\/product\/2409","targetHints":{"allow":["GET"]}}],"collection":[{"href":"https:\/\/apsaugos.lt\/index.php?rest_route=\/wp\/v2\/product"}],"about":[{"href":"https:\/\/apsaugos.lt\/index.php?rest_route=\/wp\/v2\/types\/product"}],"replies":[{"embeddable":true,"href":"https:\/\/apsaugos.lt\/index.php?rest_route=%2Fwp%2Fv2%2Fcomments&post=2409"}],"wp:featuredmedia":[{"embeddable":true,"href":"https:\/\/apsaugos.lt\/index.php?rest_route=\/wp\/v2\/media\/463"}],"wp:attachment":[{"href":"https:\/\/apsaugos.lt\/index.php?rest_route=%2Fwp%2Fv2%2Fmedia&parent=2409"}],"wp:term":[{"taxonomy":"product_brand","embeddable":true,"href":"https:\/\/apsaugos.lt\/index.php?rest_route=%2Fwp%2Fv2%2Fproduct_brand&post=2409"},{"taxonomy":"product_cat","embeddable":true,"href":"https:\/\/apsaugos.lt\/index.php?rest_route=%2Fwp%2Fv2%2Fproduct_cat&post=2409"},{"taxonomy":"product_tag","embeddable":true,"href":"https:\/\/apsaugos.lt\/index.php?rest_route=%2Fwp%2Fv2%2Fproduct_tag&post=2409"}],"curies":[{"name":"wp","href":"https:\/\/api.w.org\/{rel}","templated":true}]}}