{"id":2415,"date":"2021-02-22T12:25:16","date_gmt":"2021-02-22T10:25:16","guid":{"rendered":"http:\/\/apsaugos.lt\/?product=import-placeholder-for-3842"},"modified":"2021-02-22T12:25:19","modified_gmt":"2021-02-22T10:25:19","slug":"hikvision-ds-kd3002-vm","status":"publish","type":"product","link":"https:\/\/apsaugos.lt\/?product=hikvision-ds-kd3002-vm","title":{"rendered":"Hikvision DS-KD3002-VM"},"content":{"rendered":"<table border=\"0\">\n<tbody>\n<tr>\n<td>Processor:<\/td>\n<td width=\"15\">|<\/td>\n<td>High-Performance\u00a0Embedded\u00a0SOC\u00a0Processor<\/td>\n<\/tr>\n<tr>\n<td>Operation System:<\/td>\n<td width=\"15\">|<\/td>\n<td>Embedded\u00a0Linux\u00a0Operation\u00a0System<\/td>\n<\/tr>\n<tr>\n<th colspan=\"3\" scope=\"col\" height=\"50\">Video Parameters<\/th>\n<\/tr>\n<tr>\n<td>Camera:<\/td>\n<td width=\"15\">|<\/td>\n<td>CMOS\u00a0Low\u00a0Illumination\u00a01.3\u00a0MP\u00a0HD\u00a0Colorful\u00a0Camera<\/td>\n<\/tr>\n<tr>\n<td>Video Compression Standard:<\/td>\n<td width=\"15\">|<\/td>\n<td>H.264<\/td>\n<\/tr>\n<tr>\n<td>Resolution:<\/td>\n<td width=\"15\">|<\/td>\n<td>1280\u00a0x\u00a0720<\/td>\n<\/tr>\n<tr>\n<td>Video frame rate:<\/td>\n<td width=\"15\">|<\/td>\n<td>PAL:\u00a025\u00a0fps,\u00a0NTSC:\u00a030\u00a0fps<\/td>\n<\/tr>\n<tr>\n<th colspan=\"3\" scope=\"col\" height=\"50\">Display Parameters<\/th>\n<\/tr>\n<tr>\n<td>Display Screen:<\/td>\n<td width=\"15\">|<\/td>\n<td>3.5-Inch\u00a0Colorful\u00a0TFT\u00a0LCD<\/td>\n<\/tr>\n<tr>\n<td>Display Resolution:<\/td>\n<td width=\"15\">|<\/td>\n<td>480\u00a0\u00d7\u00a0320<\/td>\n<\/tr>\n<tr>\n<td>Operation Method:<\/td>\n<td width=\"15\">|<\/td>\n<td>Physical\u00a0Keypad<\/td>\n<\/tr>\n<tr>\n<td>Operation interface:<\/td>\n<td width=\"15\">|<\/td>\n<td>LCD\u00a0Display,\u00a0Easy\u00a0Menu<\/td>\n<\/tr>\n<tr>\n<th colspan=\"3\" scope=\"col\" height=\"50\">Audio Parameters<\/th>\n<\/tr>\n<tr>\n<td>Audio Input:<\/td>\n<td width=\"15\">|<\/td>\n<td>Built-in\u00a0Omnidirectional\u00a0Microphone<\/td>\n<\/tr>\n<tr>\n<td>Audio Output:<\/td>\n<td width=\"15\">|<\/td>\n<td>Built-in\u00a0Loudspeaker<\/td>\n<\/tr>\n<tr>\n<td>Audio Compression Standard:<\/td>\n<td width=\"15\">|<\/td>\n<td>G.711\u00a0U<\/td>\n<\/tr>\n<tr>\n<td>Audio Compression Rate:<\/td>\n<td width=\"15\">|<\/td>\n<td>64\u00a0Kbps<\/td>\n<\/tr>\n<tr>\n<td>Audio Quality:<\/td>\n<td width=\"15\">|<\/td>\n<td>Noise\u00a0Suppression\u00a0and\u00a0Echo\u00a0Cancellation<\/td>\n<\/tr>\n<tr>\n<th colspan=\"3\" scope=\"col\" height=\"50\">Network Parameters<\/th>\n<\/tr>\n<tr>\n<td>Ethernet:<\/td>\n<td width=\"15\">|<\/td>\n<td>10\/100\/1000\u00a0Mbps\u00a0Self-Adaptive\u00a0Ethernet<\/td>\n<\/tr>\n<tr>\n<td>Network Protocol:<\/td>\n<td width=\"15\">|<\/td>\n<td>TCP\/IP,\u00a0RTSP<\/td>\n<\/tr>\n<tr>\n<th colspan=\"3\" scope=\"col\" height=\"50\">Access Control Parameters<\/th>\n<\/tr>\n<tr>\n<td>Internal Card Reader:<\/td>\n<td width=\"15\">|<\/td>\n<td>Built-in\u00a0IC\u00a0Card\u00a0Reader<\/td>\n<\/tr>\n<tr>\n<td>External Card Reader:<\/td>\n<td width=\"15\">|<\/td>\n<td>Wiegand\u00a026,\u00a0Wiegand\u00a034,\u00a0or\u00a0RS-485\u00a0IC\u00a0Reader<\/td>\n<\/tr>\n<tr>\n<td>Door Magnetic Detection:<\/td>\n<td width=\"15\">|<\/td>\n<td>Detects\u00a0Door\u00a0Magnetic\u00a0Status<\/td>\n<\/tr>\n<tr>\n<th colspan=\"3\" scope=\"col\" height=\"50\">Light Supplement<\/th>\n<\/tr>\n<tr>\n<td>Light Supplement Mode:<\/td>\n<td width=\"15\">|<\/td>\n<td>Visible\u00a0Light\u00a0Supplement<\/td>\n<\/tr>\n<tr>\n<th colspan=\"3\" scope=\"col\" height=\"50\">Alarm Parameters<\/th>\n<\/tr>\n<tr>\n<td>Alarm Input:<\/td>\n<td width=\"15\">|<\/td>\n<td>Door\u00a0Magnetic\u00a0Alarm,\u00a0Tampering\u00a0Alarm<\/td>\n<\/tr>\n<tr>\n<th colspan=\"3\" scope=\"col\" height=\"50\">Device Interfaces<\/th>\n<\/tr>\n<tr>\n<td>Network Interface:<\/td>\n<td width=\"15\">|<\/td>\n<td>1\u00a0RJ-45\u00a010\/100\/1000\u00a0Mbps\u00a0Self-Adaptive\u00a0Ethernet\u00a0Interface<\/td>\n<\/tr>\n<tr>\n<td>RS-485:<\/td>\n<td width=\"15\">|<\/td>\n<td>1\u00a0RS-485\u00a0Half-Duplex\u00a0Port<\/td>\n<\/tr>\n<tr>\n<td>I\/O Input:<\/td>\n<td width=\"15\">|<\/td>\n<td>4<\/td>\n<\/tr>\n<tr>\n<td>I\/O Output:<\/td>\n<td width=\"15\">|<\/td>\n<td>4<\/td>\n<\/tr>\n<tr>\n<td>Wiegand:<\/td>\n<td width=\"15\">|<\/td>\n<td>1\u00a0Wiegand\u00a0Port\u00a0for\u00a0Accessing\u00a0Wiegand\u00a0IC\u00a0Card\u00a0Reader<\/td>\n<\/tr>\n<tr>\n<td>USB :<\/td>\n<td width=\"15\">|<\/td>\n<td>1\u00a0USB\u00a02.0,\u00a0Supporting\u00a0U-Disk<\/td>\n<\/tr>\n<tr>\n<th colspan=\"3\" scope=\"col\" height=\"50\">General<\/th>\n<\/tr>\n<tr>\n<td>Material:<\/td>\n<td width=\"15\">|<\/td>\n<td>Aluminum\u00a0Alloy<\/td>\n<\/tr>\n<tr>\n<td>Power Supply:<\/td>\n<td width=\"15\">|<\/td>\n<td>12\u00a0VDC<\/td>\n<\/tr>\n<tr>\n<td>Power Consumption:<\/td>\n<td width=\"15\">|<\/td>\n<td>\u226415\u00a0W<\/td>\n<\/tr>\n<tr>\n<td>Certification:<\/td>\n<td width=\"15\">|<\/td>\n<td>FCC,\u00a0IC,\u00a0CE,\u00a0C-TICK,\u00a0ROHS,\u00a0REACH,\u00a0WEEE<\/td>\n<\/tr>\n<tr>\n<td>Working Temperature:<\/td>\n<td width=\"15\">|<\/td>\n<td>-40\u00b0\u00a0C\u00a0to\u00a0+70\u00b0\u00a0C\u00a0(-40\u00b0\u00a0F\u00a0to\u00a0158\u00b0\u00a0F)<\/td>\n<\/tr>\n<tr>\n<td>Working Humidity:<\/td>\n<td width=\"15\">|<\/td>\n<td>10%\u00a0to\u00a090%<\/td>\n<\/tr>\n<tr>\n<td>IP Protection Level:<\/td>\n<td width=\"15\">|<\/td>\n<td>IP65<\/td>\n<\/tr>\n<tr>\n<td>Dimensions(L \u00d7 W \u00d7 H):<\/td>\n<td width=\"15\">|<\/td>\n<td>357\u00a0mm\u00a0\u00d7\u00a0124\u00a0mm\u00a0\u00d7\u00a055\u00a0mm\u00a0(14.1&#8243;\u00a0\u00d7\u00a04.9&#8243;\u00a0\u00d7\u00a02.2&#8243;)<\/td>\n<\/tr>\n<\/tbody>\n<\/table>\n","protected":false},"excerpt":{"rendered":"<p>Video telefonspyn\u0117s i\u0161kvietimo modulis, Kamera: 1280\u00d7720, 120\u00b0, Wiegand iki 2500 vartotoj\u0173, 4 In \/4 Out<\/p>\n","protected":false},"featured_media":469,"comment_status":"closed","ping_status":"closed","template":"","meta":[],"product_brand":[],"product_cat":[128],"product_tag":[129,32,130],"class_list":{"0":"post-2415","1":"product","2":"type-product","3":"status-publish","4":"has-post-thumbnail","6":"product_cat-ip-telefonspynes","7":"product_tag-domofonas","8":"product_tag-hikvision","9":"product_tag-ip-telefonspyne","11":"first","12":"instock","13":"shipping-taxable","14":"purchasable","15":"product-type-simple"},"jetpack_sharing_enabled":true,"_links":{"self":[{"href":"https:\/\/apsaugos.lt\/index.php?rest_route=\/wp\/v2\/product\/2415","targetHints":{"allow":["GET"]}}],"collection":[{"href":"https:\/\/apsaugos.lt\/index.php?rest_route=\/wp\/v2\/product"}],"about":[{"href":"https:\/\/apsaugos.lt\/index.php?rest_route=\/wp\/v2\/types\/product"}],"replies":[{"embeddable":true,"href":"https:\/\/apsaugos.lt\/index.php?rest_route=%2Fwp%2Fv2%2Fcomments&post=2415"}],"wp:featuredmedia":[{"embeddable":true,"href":"https:\/\/apsaugos.lt\/index.php?rest_route=\/wp\/v2\/media\/469"}],"wp:attachment":[{"href":"https:\/\/apsaugos.lt\/index.php?rest_route=%2Fwp%2Fv2%2Fmedia&parent=2415"}],"wp:term":[{"taxonomy":"product_brand","embeddable":true,"href":"https:\/\/apsaugos.lt\/index.php?rest_route=%2Fwp%2Fv2%2Fproduct_brand&post=2415"},{"taxonomy":"product_cat","embeddable":true,"href":"https:\/\/apsaugos.lt\/index.php?rest_route=%2Fwp%2Fv2%2Fproduct_cat&post=2415"},{"taxonomy":"product_tag","embeddable":true,"href":"https:\/\/apsaugos.lt\/index.php?rest_route=%2Fwp%2Fv2%2Fproduct_tag&post=2415"}],"curies":[{"name":"wp","href":"https:\/\/api.w.org\/{rel}","templated":true}]}}