{"id":2417,"date":"2021-02-22T12:25:16","date_gmt":"2021-02-22T10:25:16","guid":{"rendered":"http:\/\/apsaugos.lt\/?product=import-placeholder-for-3846"},"modified":"2021-02-22T12:25:20","modified_gmt":"2021-02-22T10:25:20","slug":"video-telefonspynes-iskvietimo-modulis-hikvision-ds-kb8112-im","status":"publish","type":"product","link":"https:\/\/apsaugos.lt\/?product=video-telefonspynes-iskvietimo-modulis-hikvision-ds-kb8112-im","title":{"rendered":"Video telefonspyn\u0117s i\u0161kvietimo modulis Hikvision DS-KB8112-IM"},"content":{"rendered":"<table border=\"1\" cellspacing=\"2\" cellpadding=\"2\">\n<tbody>\n<tr>\n<td><strong>Procesorius<\/strong><\/td>\n<td>High-Performance Embedded SOC Processor<\/td>\n<\/tr>\n<tr>\n<td><strong>Operacin\u0117 sistema<\/strong><\/td>\n<td>Embedded Linux Operation System<\/td>\n<\/tr>\n<tr>\n<td><strong>Sensorius<\/strong><\/td>\n<td>1\/3&#8243; Progressive Scan CMOS, Color, Day\/Night<\/td>\n<\/tr>\n<tr>\n<td><strong>Jautrumas \u0161viesai<\/strong><\/td>\n<td>Low Illumination<\/td>\n<\/tr>\n<tr>\n<td><strong>Objektyvas<\/strong><\/td>\n<td>Pinhole, f3.47mm,F2.5<\/td>\n<\/tr>\n<tr>\n<td><strong>Matymo laukas<\/strong><\/td>\n<td>80\u00b0 (Horizontal), 44\u00b0 (Vertical)<\/td>\n<\/tr>\n<tr>\n<td><strong>Matymo lauko reguliavimas<\/strong><\/td>\n<td>-50\u00b0 to 50\u00b0<\/td>\n<\/tr>\n<tr>\n<td><strong>Video kompresijos standartas<\/strong><\/td>\n<td>H.264, MJPG<\/td>\n<\/tr>\n<tr>\n<td><strong>Video srautas<\/strong><\/td>\n<td>Dual Stream<br \/>\nMain Stream: H.264, Sub-Stream: H.264\/MJPG<\/td>\n<\/tr>\n<tr>\n<td><strong>Rezoliucija<\/strong><\/td>\n<td>Main Stream: 1280 \u00d7 720<br \/>\nSub-Stream: 640 x 480<\/td>\n<\/tr>\n<tr>\n<td><strong>Kadrai\/sec<\/strong><\/td>\n<td>PAL: 25 fps, NTSC: 30 fps<\/td>\n<\/tr>\n<tr>\n<td><strong>Video sparta<\/strong><\/td>\n<td>Main Stream: 32 Kbps to 4096 Kbps<br \/>\nSub Stream: 32 Kbps to 2048 Kbps<\/td>\n<\/tr>\n<tr>\n<td><strong>Anti mirg\u0117jimo da\u017enis<\/strong><\/td>\n<td>50 Hz, 60 Hz<\/td>\n<\/tr>\n<tr>\n<td><strong>WDR<\/strong><\/td>\n<td>Digital WDR, Auto-Switch, DAY\/ON, NIGHT\/OFF<\/td>\n<\/tr>\n<tr>\n<td><strong>Vaizdo nustatymai<\/strong><\/td>\n<td>Color, Brightness, Contrast, Sharpness, Saturation, Video Standard,<br \/>\nOSD Display<\/td>\n<\/tr>\n<tr>\n<td><strong>Audio srautas<\/strong><\/td>\n<td>Two-Way, Full Duplex<\/td>\n<\/tr>\n<tr>\n<td><strong>Audio \u012f\u0117jimas<\/strong><\/td>\n<td>Built-in Omnidirectional Microphone<\/td>\n<\/tr>\n<tr>\n<td><strong>Audio i\u0161\u0117jimas<\/strong><\/td>\n<td>Built-in Loudspeaker<\/td>\n<\/tr>\n<tr>\n<td><strong>Audio kompresijos standartas<\/strong><\/td>\n<td>G.711 U<\/td>\n<\/tr>\n<tr>\n<td><strong>Audio kompresijos greitis<\/strong><\/td>\n<td>64 Kbps<\/td>\n<\/tr>\n<tr>\n<td><strong>Audio kokyb\u0117<\/strong><\/td>\n<td>Noise Suppression and Echo Cancellation<\/td>\n<\/tr>\n<tr>\n<td><strong>Ap\u0161vietimo re\u017eimai<\/strong><\/td>\n<td>IR Supplement, IR Distance: 5 Meters<\/td>\n<\/tr>\n<tr>\n<td>Bangos ilgis<\/td>\n<td>940 nm<\/td>\n<\/tr>\n<tr>\n<td><strong>Valdymas<\/strong><\/td>\n<td>Auto ON\/OFF, Time ON\/OFF<\/td>\n<\/tr>\n<tr>\n<td><strong>Tinklas<\/strong><\/td>\n<td>10\/100 Mbps Self-Adaptive Ethernet<\/td>\n<\/tr>\n<tr>\n<td><strong>Tinklo protokolai<\/strong><\/td>\n<td>SIP, RTSP, RTP, ONVIF, ISAPI, NTP, HTTP, HTTPS, DHCP, FTP, SMTP<\/td>\n<\/tr>\n<tr>\n<td><strong>Tinklo nustatym\u0173 r\u0117\u017eimai<\/strong><\/td>\n<td>DHCP, Static IP Address<\/td>\n<\/tr>\n<tr>\n<td><strong>Dur\u0173 atidarymo trukm\u0117<\/strong><\/td>\n<td>1 s to 255 s<\/td>\n<\/tr>\n<tr>\n<td><strong>Aliarminis \u012f\u0117jimas<\/strong><\/td>\n<td>Door Magnetic Alarm<\/td>\n<\/tr>\n<tr>\n<td><strong>Tinklo s\u0105saja<\/strong><\/td>\n<td>1 RJ-45 10\/100 Mbps Self-Adaptive Ethernet Interface<\/td>\n<\/tr>\n<tr>\n<td><strong>I\/O \u012f\u0117jimas<\/strong><\/td>\n<td>1<\/td>\n<\/tr>\n<tr>\n<td><strong>I\/O i\u0161\u0117jimas<\/strong><\/td>\n<td>1 Relay Output<\/td>\n<\/tr>\n<tr>\n<td><strong>\u012evykiai<\/strong><\/td>\n<td>Motion Detection, Picture Capturing, Call Button Pressing<\/td>\n<\/tr>\n<tr>\n<td><strong>Fail\u0173 saugykla<\/strong><\/td>\n<td>FTP<\/td>\n<\/tr>\n<tr>\n<td><strong>Email prane\u0161imai<\/strong><\/td>\n<td>Login Succeeded via Software or Web<\/td>\n<\/tr>\n<tr>\n<td><strong>Med\u017eiaga<\/strong><\/td>\n<td>Wall Mounting Shield: Zinc Alloy<br \/>\nFront Panel: Zinc Alloy<br \/>\nRear Panel: Aluminum Alloy<br \/>\nWall Mounting Plate: Secc<\/td>\n<\/tr>\n<tr>\n<td><strong>Sm\u016bgio apsauga<\/strong><\/td>\n<td>IK 9<\/td>\n<\/tr>\n<tr>\n<td><strong>IP klas\u0117<\/strong><\/td>\n<td>IP 66<\/td>\n<\/tr>\n<tr>\n<td><strong>Maitinimas<\/strong><\/td>\n<td>PoE (Power over Ethernet)<br \/>\n48\u00a0VDC<\/td>\n<\/tr>\n<tr>\n<td><strong>Energijos suvartojimas<\/strong><\/td>\n<td>Max. 12 W<\/td>\n<\/tr>\n<tr>\n<td><strong>Darbin\u0117 temperat\u016bra<\/strong><\/td>\n<td>-30\u00b0 C to +50\u00b0 C (-22\u00b0 F to 122\u00b0 F)<\/td>\n<\/tr>\n<tr>\n<td><strong>Darbin\u0117s s\u0105lygos<\/strong><\/td>\n<td>10% to 90%<\/td>\n<\/tr>\n<tr>\n<td><strong>Video valdymo programin\u0117 \u012franga<\/strong><\/td>\n<td>Video management software from HIKVISOIN (included).<\/td>\n<\/tr>\n<tr>\n<td>I\u0161matavimai<br \/>\n(L \u00d7 W \u00d7 H)<\/td>\n<td>161.9 mm \u00d7 74.1 mm \u00d7 53.2 mm (6.37&#8243; \u00d7 2.92&#8243; \u00d7 2.09&#8243;)<\/td>\n<\/tr>\n<tr>\n<td><strong>Svoris<\/strong><\/td>\n<td>773g (1.70lb)<\/td>\n<\/tr>\n<tr>\n<td><strong>Pakuot\u0117s sud\u0117tis<\/strong><\/td>\n<td>Quick Start Guide, CD with User Manual and Software, Wall<br \/>\nMounting Plate, Wall Mounting Shield, Screw Package, Screw Driver<\/td>\n<\/tr>\n<\/tbody>\n<\/table>\n","protected":false},"excerpt":{"rendered":"<p>HD video kamera su WDR plataus kampo CMOS sensoriumi, iki 720P @ 30 fps, adaptuojantis\u00a0iki 5 metr\u0173 IR pa\u0161vietimas, IK 9 ir IP 66 klas\u0117s<\/p>\n","protected":false},"featured_media":471,"comment_status":"closed","ping_status":"closed","template":"","meta":[],"product_brand":[],"product_cat":[128],"product_tag":[32,132],"class_list":{"0":"post-2417","1":"product","2":"type-product","3":"status-publish","4":"has-post-thumbnail","6":"product_cat-ip-telefonspynes","7":"product_tag-hikvision","8":"product_tag-ip-domofonas","10":"first","11":"instock","12":"shipping-taxable","13":"purchasable","14":"product-type-simple"},"jetpack_sharing_enabled":true,"_links":{"self":[{"href":"https:\/\/apsaugos.lt\/index.php?rest_route=\/wp\/v2\/product\/2417","targetHints":{"allow":["GET"]}}],"collection":[{"href":"https:\/\/apsaugos.lt\/index.php?rest_route=\/wp\/v2\/product"}],"about":[{"href":"https:\/\/apsaugos.lt\/index.php?rest_route=\/wp\/v2\/types\/product"}],"replies":[{"embeddable":true,"href":"https:\/\/apsaugos.lt\/index.php?rest_route=%2Fwp%2Fv2%2Fcomments&post=2417"}],"wp:featuredmedia":[{"embeddable":true,"href":"https:\/\/apsaugos.lt\/index.php?rest_route=\/wp\/v2\/media\/471"}],"wp:attachment":[{"href":"https:\/\/apsaugos.lt\/index.php?rest_route=%2Fwp%2Fv2%2Fmedia&parent=2417"}],"wp:term":[{"taxonomy":"product_brand","embeddable":true,"href":"https:\/\/apsaugos.lt\/index.php?rest_route=%2Fwp%2Fv2%2Fproduct_brand&post=2417"},{"taxonomy":"product_cat","embeddable":true,"href":"https:\/\/apsaugos.lt\/index.php?rest_route=%2Fwp%2Fv2%2Fproduct_cat&post=2417"},{"taxonomy":"product_tag","embeddable":true,"href":"https:\/\/apsaugos.lt\/index.php?rest_route=%2Fwp%2Fv2%2Fproduct_tag&post=2417"}],"curies":[{"name":"wp","href":"https:\/\/api.w.org\/{rel}","templated":true}]}}