{"id":2418,"date":"2021-02-22T12:25:17","date_gmt":"2021-02-22T10:25:17","guid":{"rendered":"http:\/\/apsaugos.lt\/?product=import-placeholder-for-3848"},"modified":"2021-02-22T12:25:20","modified_gmt":"2021-02-22T10:25:20","slug":"video-telefonspynes-iskvietimo-modulis-hikvision-ds-kd8102-v","status":"publish","type":"product","link":"https:\/\/apsaugos.lt\/?product=video-telefonspynes-iskvietimo-modulis-hikvision-ds-kd8102-v","title":{"rendered":"Video telefonspyn\u0117s i\u0161kvietimo modulis Hikvision DS-KD8102-V"},"content":{"rendered":"<table border=\"1\" cellspacing=\"2\" cellpadding=\"2\">\n<tbody>\n<tr>\n<td>Procesorius<\/td>\n<td>High-performance Embedded SOC Processor<\/td>\n<\/tr>\n<tr>\n<td>Operacin\u0117 sistema<\/td>\n<td>Embedded Linux OS<\/td>\n<\/tr>\n<tr>\n<td>Kamera<\/td>\n<td>CMOS Low Illumination 1.3 MP HD Colorful Camera<\/td>\n<\/tr>\n<tr>\n<td>Video kompresijos standartas<\/td>\n<td>H.264<\/td>\n<\/tr>\n<tr>\n<td>Rezoliucija<\/td>\n<td>1280*720<\/td>\n<\/tr>\n<tr>\n<td>Kadrai\/sec<\/td>\n<td>PAL: 25 Fps, NTSC: 30frame\/s<\/td>\n<\/tr>\n<tr>\n<td>Ekranas<\/td>\n<td>3.5-inch Colorful TFT LCD<\/td>\n<\/tr>\n<tr>\n<td>Ekrano rezoliucija<\/td>\n<td>480*320<\/td>\n<\/tr>\n<tr>\n<td>Veikimo principas<\/td>\n<td>Capacitive Touch Key<\/td>\n<\/tr>\n<tr>\n<td>Vartotojo s\u0105saja<\/td>\n<td>LCD Display, Easy Menu<\/td>\n<\/tr>\n<tr>\n<td>Audio \u012f\u0117jimas<\/td>\n<td>Built-in Omnidirectional Microphone<\/td>\n<\/tr>\n<tr>\n<td>Audio i\u0161\u0117jimas<\/td>\n<td>Built-in Loudspeaker<\/td>\n<\/tr>\n<tr>\n<td>Audio kompresijos standartas<\/td>\n<td>G.711U<\/td>\n<\/tr>\n<tr>\n<td>Audio sparta<\/td>\n<td>64Kbps<\/td>\n<\/tr>\n<tr>\n<td>Audio kokyb\u0117<\/td>\n<td>Supports Noise Suppression and Echo Cancellation<\/td>\n<\/tr>\n<tr>\n<td>Vidinis korteli\u0173 skaitytuvas<\/td>\n<td>Built-in IC Card Reader<\/td>\n<\/tr>\n<tr>\n<td>I\u0161orinis korteli\u0173 skaitytuvas<\/td>\n<td>Wiegand or RS485 IC Reader<\/td>\n<\/tr>\n<tr>\n<td>Dur\u0173 magneto detekcija<\/td>\n<td>For Detecting Door Magnetic Status<\/td>\n<\/tr>\n<tr>\n<td>Pasiekiamumas<\/td>\n<td>Supports IR Human Detection, about 1m<\/td>\n<\/tr>\n<tr>\n<td>Pa\u0161vietimas<\/td>\n<td>\u00a0Visible Light Supplement<\/td>\n<\/tr>\n<tr>\n<td>Tinklas<\/td>\n<td>10M\/100M\/1000M Self-adaptive<\/td>\n<\/tr>\n<tr>\n<td>Tinklo protokolai<\/td>\n<td>TCP\/IP, SNMP, SIP, RTSP<\/td>\n<\/tr>\n<tr>\n<td>Aliarminiai \u012f\u0117jimai<\/td>\n<td>Door Magnetics Alarm, Tamper-Proof<\/td>\n<\/tr>\n<tr>\n<td>Tinklo s\u0105saja<\/td>\n<td>1 RJ45 10M\/100M\/1000M Self-Adaption Ethernet Interface<\/td>\n<\/tr>\n<tr>\n<td>RS485<\/td>\n<td>1 RS485 Half-duplex Ports<\/td>\n<\/tr>\n<tr>\n<td>IO \u012f\u0117jimai<\/td>\n<td>8<\/td>\n<\/tr>\n<tr>\n<td>IO i\u0161\u0117jimai<\/td>\n<td>4<\/td>\n<\/tr>\n<tr>\n<td>Wiegand<\/td>\n<td>1 Wiegand Port for Accessing Wiegand IC Card Reader<\/td>\n<\/tr>\n<tr>\n<td>USB<\/td>\n<td>1; Protocol: USB2.0, Supports U-disk<\/td>\n<\/tr>\n<tr>\n<td>Maitinimas<\/td>\n<td>DC12V<\/td>\n<\/tr>\n<tr>\n<td>Energijos suvartojimas<\/td>\n<td>about 12W<\/td>\n<\/tr>\n<tr>\n<td>Darbin\u0117 temperat\u016bra<\/td>\n<td>-40\u00b0 C~+60\u00b0 C (-40\u00b0 F~140\u00b0 F)<\/td>\n<\/tr>\n<tr>\n<td>Santykinis oro dr\u0117gnumas<\/td>\n<td>10%-90%<\/td>\n<\/tr>\n<tr>\n<td>I\u0161matavimai<\/td>\n<td>418\u00d7145\u00d761mm (16.5\u00d75.7\u00d72.4inch)<\/td>\n<\/tr>\n<\/tbody>\n<\/table>\n","protected":false},"excerpt":{"rendered":"<p>1.3 Mpx rezoliucija, WDR, 120\u00b0 plataus kampo objektyvas, 3.5 colio ekranas, lietimui jautr\u016bs mygtukai,\u00a0pra\u0117jimo kontrol\u0117s funkcija,\u00a0 automatinis paveiksl\u0117li\u0173 \u012fk\u0117limas kai u\u017erakinamos durys, aliarmo funkcija,\u00a0\u017emogaus detekcijos funkcija, regimos \u0161viesos pa\u0161vietimas<span style=\"font-family: Arial; font-size: xx-small;\">, USB 2.0, 12 VDC,\u00a0<span style=\"font-family: Verdana;\">RFID Mifare,<\/span><\/span><\/p>\n","protected":false},"featured_media":472,"comment_status":"closed","ping_status":"closed","template":"","meta":[],"product_brand":[],"product_cat":[128],"product_tag":[32,132],"class_list":{"0":"post-2418","1":"product","2":"type-product","3":"status-publish","4":"has-post-thumbnail","6":"product_cat-ip-telefonspynes","7":"product_tag-hikvision","8":"product_tag-ip-domofonas","10":"first","11":"instock","12":"shipping-taxable","13":"purchasable","14":"product-type-simple"},"jetpack_sharing_enabled":true,"_links":{"self":[{"href":"https:\/\/apsaugos.lt\/index.php?rest_route=\/wp\/v2\/product\/2418","targetHints":{"allow":["GET"]}}],"collection":[{"href":"https:\/\/apsaugos.lt\/index.php?rest_route=\/wp\/v2\/product"}],"about":[{"href":"https:\/\/apsaugos.lt\/index.php?rest_route=\/wp\/v2\/types\/product"}],"replies":[{"embeddable":true,"href":"https:\/\/apsaugos.lt\/index.php?rest_route=%2Fwp%2Fv2%2Fcomments&post=2418"}],"wp:featuredmedia":[{"embeddable":true,"href":"https:\/\/apsaugos.lt\/index.php?rest_route=\/wp\/v2\/media\/472"}],"wp:attachment":[{"href":"https:\/\/apsaugos.lt\/index.php?rest_route=%2Fwp%2Fv2%2Fmedia&parent=2418"}],"wp:term":[{"taxonomy":"product_brand","embeddable":true,"href":"https:\/\/apsaugos.lt\/index.php?rest_route=%2Fwp%2Fv2%2Fproduct_brand&post=2418"},{"taxonomy":"product_cat","embeddable":true,"href":"https:\/\/apsaugos.lt\/index.php?rest_route=%2Fwp%2Fv2%2Fproduct_cat&post=2418"},{"taxonomy":"product_tag","embeddable":true,"href":"https:\/\/apsaugos.lt\/index.php?rest_route=%2Fwp%2Fv2%2Fproduct_tag&post=2418"}],"curies":[{"name":"wp","href":"https:\/\/api.w.org\/{rel}","templated":true}]}}