{"id":2419,"date":"2021-02-22T12:25:17","date_gmt":"2021-02-22T10:25:17","guid":{"rendered":"http:\/\/apsaugos.lt\/?product=import-placeholder-for-3850"},"modified":"2021-02-22T12:25:20","modified_gmt":"2021-02-22T10:25:20","slug":"video-telefonspynes-iskvietimo-modulis-hikvision-ds-kv8102-im","status":"publish","type":"product","link":"https:\/\/apsaugos.lt\/?product=video-telefonspynes-iskvietimo-modulis-hikvision-ds-kv8102-im","title":{"rendered":"Video telefonspyn\u0117s i\u0161kvietimo modulis Hikvision DS-KV8102-IM"},"content":{"rendered":"<table border=\"1\" cellspacing=\"2\" cellpadding=\"2\">\n<tbody>\n<tr>\n<td>Procesorius<\/td>\n<td>High-performance Embedded SOC Processor<\/td>\n<\/tr>\n<tr>\n<td>Operacin\u0117 sistema<\/td>\n<td>Embedded Linux OS<\/td>\n<\/tr>\n<tr>\n<td>Kamera<\/td>\n<td>CMOS Low Illumination 1.3 MP HD Colorful<br \/>\nCamera<\/td>\n<\/tr>\n<tr>\n<td>Video kompresijos standartas<\/td>\n<td>H.264<\/td>\n<\/tr>\n<tr>\n<td>Rezoliucija<\/td>\n<td>1280 \u00d7 720<\/td>\n<\/tr>\n<tr>\n<td>Kadrai\/sec<\/td>\n<td>PAL: 25 fps, NTSC: 30 fps<\/td>\n<\/tr>\n<tr>\n<td>Audio \u012f\u0117jimas<\/td>\n<td>Built-in Omnidirectional Microphone<\/td>\n<\/tr>\n<tr>\n<td>Audio i\u0161\u0117jimas<\/td>\n<td>Built-in Loudspeaker<\/td>\n<\/tr>\n<tr>\n<td>Audio kompresijos standartas<\/td>\n<td>G.711 U<\/td>\n<\/tr>\n<tr>\n<td>Audio kompresijos greitis<\/td>\n<td>64 Kbps<\/td>\n<\/tr>\n<tr>\n<td>Audio kokyb\u0117<\/td>\n<td>Noise Suppression and Echo Cancellation<\/td>\n<\/tr>\n<tr>\n<td>Vidinis korteli\u0173 skaitytuvas<\/td>\n<td>Built-in IC Card Reader<\/td>\n<\/tr>\n<tr>\n<td>Dur\u0173 mygtukas<\/td>\n<td>Door Button for Opening the Door<\/td>\n<\/tr>\n<tr>\n<td>NO\/NC<\/td>\n<td>Supports NO\/NC Status Settings<\/td>\n<\/tr>\n<tr>\n<td>Magnetinio kontakto detekcija<\/td>\n<td>Detecting Door Magnetic Status<\/td>\n<\/tr>\n<tr>\n<td>Pa\u0161vietimas<\/td>\n<td>IR Supplement<\/td>\n<\/tr>\n<tr>\n<td>Tinklas<\/td>\n<td>10M\/100M\u00a0 Self-Adaptive Ethernet<\/td>\n<\/tr>\n<tr>\n<td>Tinklo protokolai<\/td>\n<td>TCP\/IP, SNMP, SIP, RTSP<\/td>\n<\/tr>\n<tr>\n<td>Aliarminis \u012f\u0117jimas<\/td>\n<td>Door Magnetic Alarm, Tamper Alarm<\/td>\n<\/tr>\n<tr>\n<td>Interneto s\u0105saja<\/td>\n<td>1 RJ45 10M\/100M Self-AdaptiveEthernet Access<\/td>\n<\/tr>\n<tr>\n<td>RS-485<\/td>\n<td>1 RS485 Half-Duplex Port<\/td>\n<\/tr>\n<tr>\n<td>Aliarminin \u012f\u0117jimai<\/td>\n<td>4<\/td>\n<\/tr>\n<tr>\n<td>Aliarminin i\u0161\u0117jimai<\/td>\n<td>1<\/td>\n<\/tr>\n<tr>\n<td>Abonent\u0173 skai\u010dius<\/td>\n<td>1<\/td>\n<\/tr>\n<tr>\n<td>Med\u017eiaga<\/td>\n<td>Aluminum Ally<\/td>\n<\/tr>\n<tr>\n<td>Maitinimas<\/td>\n<td>Power Over Network Cable (DS-KAD606,<br \/>\nDS-KAD612)\/12 VDC<\/td>\n<\/tr>\n<tr>\n<td>Energijos suvartojimas<\/td>\n<td>\u226410 W<\/td>\n<\/tr>\n<tr>\n<td>Darbin\u0117 temperat\u016bra<\/td>\n<td>-40\u00b0 C to +70\u00b0 C (-40\u00b0 F to 158\u00b0 F)<\/td>\n<\/tr>\n<tr>\n<td>Santykinis oro dr\u0117gnumas<\/td>\n<td>10% &#8211; 90%<\/td>\n<\/tr>\n<tr>\n<td>IP klas\u0117<\/td>\n<td>IP65<\/td>\n<\/tr>\n<tr>\n<td>I\u0161matavimai<\/td>\n<td>182 mm \u00d7 100 mm \u00d7 32.5 mm (7.17 \u00d7 3.94 \u00d7 1.28&#8243;)<\/td>\n<\/tr>\n<tr>\n<td>Sertifikatai<\/td>\n<td>FCC, CE<\/td>\n<\/tr>\n<\/tbody>\n<\/table>\n","protected":false},"excerpt":{"rendered":"<p>1.3 MP i\u0161kvietimo kamera, aliuminio lydinys, kameros rezoliucija: HD720P, 25fps(P), 10M\/100M tinklo jungtis, RS-485, 4 x aliarminiai \u012f\u0117jimai,1 x aliarminis i\u0161\u0117jimas, IP65, 12 VDC, 1 abonentas, RFID Mifare,\u00a0IR pa\u0161vietimas.<\/p>\n","protected":false},"featured_media":473,"comment_status":"closed","ping_status":"closed","template":"","meta":[],"product_brand":[],"product_cat":[128],"product_tag":[32,132,130],"class_list":{"0":"post-2419","1":"product","2":"type-product","3":"status-publish","4":"has-post-thumbnail","6":"product_cat-ip-telefonspynes","7":"product_tag-hikvision","8":"product_tag-ip-domofonas","9":"product_tag-ip-telefonspyne","11":"first","12":"instock","13":"shipping-taxable","14":"purchasable","15":"product-type-simple"},"jetpack_sharing_enabled":true,"_links":{"self":[{"href":"https:\/\/apsaugos.lt\/index.php?rest_route=\/wp\/v2\/product\/2419","targetHints":{"allow":["GET"]}}],"collection":[{"href":"https:\/\/apsaugos.lt\/index.php?rest_route=\/wp\/v2\/product"}],"about":[{"href":"https:\/\/apsaugos.lt\/index.php?rest_route=\/wp\/v2\/types\/product"}],"replies":[{"embeddable":true,"href":"https:\/\/apsaugos.lt\/index.php?rest_route=%2Fwp%2Fv2%2Fcomments&post=2419"}],"wp:featuredmedia":[{"embeddable":true,"href":"https:\/\/apsaugos.lt\/index.php?rest_route=\/wp\/v2\/media\/473"}],"wp:attachment":[{"href":"https:\/\/apsaugos.lt\/index.php?rest_route=%2Fwp%2Fv2%2Fmedia&parent=2419"}],"wp:term":[{"taxonomy":"product_brand","embeddable":true,"href":"https:\/\/apsaugos.lt\/index.php?rest_route=%2Fwp%2Fv2%2Fproduct_brand&post=2419"},{"taxonomy":"product_cat","embeddable":true,"href":"https:\/\/apsaugos.lt\/index.php?rest_route=%2Fwp%2Fv2%2Fproduct_cat&post=2419"},{"taxonomy":"product_tag","embeddable":true,"href":"https:\/\/apsaugos.lt\/index.php?rest_route=%2Fwp%2Fv2%2Fproduct_tag&post=2419"}],"curies":[{"name":"wp","href":"https:\/\/api.w.org\/{rel}","templated":true}]}}