{"id":2422,"date":"2021-02-22T12:25:17","date_gmt":"2021-02-22T10:25:17","guid":{"rendered":"http:\/\/apsaugos.lt\/?product=import-placeholder-for-3855"},"modified":"2021-02-22T12:25:20","modified_gmt":"2021-02-22T10:25:20","slug":"veidu-atpazinimo-terminalas-hikvision-ds-k1t607mw","status":"publish","type":"product","link":"https:\/\/apsaugos.lt\/?product=veidu-atpazinimo-terminalas-hikvision-ds-k1t607mw","title":{"rendered":"Veid\u0173 atpa\u017einimo terminalas Hikvision DS-K1T607MW"},"content":{"rendered":"<table border=\"1\" cellspacing=\"2\" cellpadding=\"2\">\n<tbody>\n<tr>\n<td>Operacin\u0117 sistema<\/td>\n<td>Linux OS<\/td>\n<\/tr>\n<tr>\n<td>Ekranas<\/td>\n<td>7 inch, ratio 16:9, resolution 1024 x 600<\/td>\n<\/tr>\n<tr>\n<td>Kamera<\/td>\n<td>2 MP dual-lens camera, IR light, WDR<\/td>\n<\/tr>\n<tr>\n<td>Atpa\u017einimo re\u017eimas<\/td>\n<td>Face 1:1 and 1:N, fingerprint: 1:1 and 1:N<\/td>\n<\/tr>\n<tr>\n<td>Veid\u0173 atmintis<\/td>\n<td>6000<\/td>\n<\/tr>\n<tr>\n<td>Veido atpa\u017einimo trukm\u0117<\/td>\n<td>&lt; 0,5 s per person<\/td>\n<\/tr>\n<tr>\n<td>Veido atpa\u017einimo atstumas<\/td>\n<td>0.3 to 0.5 m<\/td>\n<\/tr>\n<tr>\n<td>Korteli\u0173 atmintis<\/td>\n<td>6000<\/td>\n<\/tr>\n<tr>\n<td>\u012evyki\u0173 atmintis<\/td>\n<td>10000<\/td>\n<\/tr>\n<tr>\n<td>S\u0105saja<\/td>\n<td>Network \u00d7 1, RS-485 \u00d7 1, Wiegand \u00d7 1, USB \u00d7 1, alarm output \u00d7 1, alarm input \u00d7 2, lock \u00d71, door<br \/>\ncontact \u00d7 1, exit button \u00d7 1, tamper \u00d7 1<\/td>\n<\/tr>\n<tr>\n<td>Tinklas<\/td>\n<td>10\/100\/1000 Mbps self-adaptive<\/td>\n<\/tr>\n<tr>\n<td>Wi-Fi<\/td>\n<td>Support<\/td>\n<\/tr>\n<tr>\n<td>Darbin\u0117 \u012ftampa<\/td>\n<td>12 VDC\/3 A<\/td>\n<\/tr>\n<tr>\n<td>Darbin\u0117 temperat\u016bra<\/td>\n<td>-30 \u00b0C to 60 \u00b0C (-22 \u00b0F to 140 \u00b0F)<\/td>\n<\/tr>\n<tr>\n<td>Darbin\u0117s s\u0105lygos<\/td>\n<td>0 to 90% (No condensing)<\/td>\n<\/tr>\n<tr>\n<td>Interneto s\u0105saja<\/td>\n<td>1 \u00a0 RJ45 10M\/100M Self-Adaptive Ethernet Interface<\/td>\n<\/tr>\n<tr>\n<td>Apsauga<\/td>\n<td>IP65<\/td>\n<\/tr>\n<\/tbody>\n<\/table>\n","protected":false},"excerpt":{"rendered":"<p>7 coli\u0173 LCD ekranas, plataus objektyvo 2 MP objektyvas, veid\u0173 atpa\u017einimas tamsoje, veidus atpa\u017e\u012fsta nuo 0.3 iki 1.5 m, rekomenduojamas auk\u0161tis veido atpa\u017einimui nuo 1.4 m iki 1.9 m, gilaus mokymosi algoritmas, \u012frenginyje telpa 6000 veid\u0173, 5000 pir\u0161t\u0173 antspaud\u0173 ir 10000 \u012fvyki\u0173, daug autentifkavimo re\u017eim\u0173, veido atpa\u017einimo laikas &lt; 0.5 s, veido atpa\u017einimo tikslumas \u2265 99%, importuoja korteles ir vartotoj\u0173 duomenis TSP\/IP protokolu.<\/p>\n","protected":false},"featured_media":476,"comment_status":"closed","ping_status":"closed","template":"","meta":[],"product_brand":[],"product_cat":[128],"product_tag":[32],"class_list":{"0":"post-2422","1":"product","2":"type-product","3":"status-publish","4":"has-post-thumbnail","6":"product_cat-ip-telefonspynes","7":"product_tag-hikvision","9":"first","10":"instock","11":"shipping-taxable","12":"purchasable","13":"product-type-simple"},"jetpack_sharing_enabled":true,"_links":{"self":[{"href":"https:\/\/apsaugos.lt\/index.php?rest_route=\/wp\/v2\/product\/2422","targetHints":{"allow":["GET"]}}],"collection":[{"href":"https:\/\/apsaugos.lt\/index.php?rest_route=\/wp\/v2\/product"}],"about":[{"href":"https:\/\/apsaugos.lt\/index.php?rest_route=\/wp\/v2\/types\/product"}],"replies":[{"embeddable":true,"href":"https:\/\/apsaugos.lt\/index.php?rest_route=%2Fwp%2Fv2%2Fcomments&post=2422"}],"wp:featuredmedia":[{"embeddable":true,"href":"https:\/\/apsaugos.lt\/index.php?rest_route=\/wp\/v2\/media\/476"}],"wp:attachment":[{"href":"https:\/\/apsaugos.lt\/index.php?rest_route=%2Fwp%2Fv2%2Fmedia&parent=2422"}],"wp:term":[{"taxonomy":"product_brand","embeddable":true,"href":"https:\/\/apsaugos.lt\/index.php?rest_route=%2Fwp%2Fv2%2Fproduct_brand&post=2422"},{"taxonomy":"product_cat","embeddable":true,"href":"https:\/\/apsaugos.lt\/index.php?rest_route=%2Fwp%2Fv2%2Fproduct_cat&post=2422"},{"taxonomy":"product_tag","embeddable":true,"href":"https:\/\/apsaugos.lt\/index.php?rest_route=%2Fwp%2Fv2%2Fproduct_tag&post=2422"}],"curies":[{"name":"wp","href":"https:\/\/api.w.org\/{rel}","templated":true}]}}