{"id":2424,"date":"2021-02-22T12:25:17","date_gmt":"2021-02-22T10:25:17","guid":{"rendered":"http:\/\/apsaugos.lt\/?product=import-placeholder-for-3859"},"modified":"2021-02-22T12:25:21","modified_gmt":"2021-02-22T10:25:21","slug":"hikvision-ds-kb6403-wip","status":"publish","type":"product","link":"https:\/\/apsaugos.lt\/?product=hikvision-ds-kb6403-wip","title":{"rendered":"Hikvision DS-KB6403-WIP"},"content":{"rendered":"<table border=\"1\">\n<tbody>\n<tr>\n<td>Procesorius<\/td>\n<td>High-Performance \u00a0 Embedded SOC Processor<\/td>\n<\/tr>\n<tr>\n<td>Operacin\u0117 sistema<\/td>\n<td>Embedded \u00a0 Linux OS<\/td>\n<\/tr>\n<tr>\n<td>Kamera<\/td>\n<td>CMOS 2MP HD Colorful Camera<\/td>\n<\/tr>\n<tr>\n<td>Vaizdo suspaudimo standartas<\/td>\n<td>H.264<\/td>\n<\/tr>\n<tr>\n<td>Vaizdo srautas<\/td>\n<td>Dual Stream Main Stream: 1080P, Sub-Stream: VGA<\/td>\n<\/tr>\n<tr>\n<td>Garso \u012fvestis<\/td>\n<td>Built-in \u00a0 Omnidirectional Microphone<\/td>\n<\/tr>\n<tr>\n<td>Garso i\u0161vestis<\/td>\n<td>Built-in \u00a0 Loudspeaker<\/td>\n<\/tr>\n<tr>\n<td>Garso suspaudimo standartas<\/td>\n<td>G.711U<\/td>\n<\/tr>\n<tr>\n<td>Garso suspaudimo sparta<\/td>\n<td>64Kbps<\/td>\n<\/tr>\n<tr>\n<td>Garso kokyb\u0117<\/td>\n<td>Noise \u00a0 Suppression and Echo Cancellation<\/td>\n<\/tr>\n<tr>\n<td>Ap\u0161vietimas<\/td>\n<td>IR Supplement<\/td>\n<\/tr>\n<tr>\n<td>Tinklo protokolas<\/td>\n<td>TCP\/IP, RTSP<\/td>\n<\/tr>\n<tr>\n<td>Interneto s\u0105saja<\/td>\n<td>1 Wireless Interface (Wireless Network Card), Supporting 2.4 GHz<\/td>\n<\/tr>\n<tr>\n<td>Maitinimas<\/td>\n<td>12 VDC<\/td>\n<\/tr>\n<tr>\n<td>Energijos suvartojimas<\/td>\n<td>Max. 0.6 A<\/td>\n<\/tr>\n<tr>\n<td>Darbo temperat\u016bra<\/td>\n<td>-30\u00b0 C to +50\u00b0 C (-22\u00b0 F to 122\u00b0 F)<\/td>\n<\/tr>\n<tr>\n<td>Santykinis oro dr\u0117gnumas<\/td>\n<td>10% \u00a0 &#8211; 90%<\/td>\n<\/tr>\n<tr>\n<td>IP apsaugos klas\u0117<\/td>\n<td>IP54<\/td>\n<\/tr>\n<tr>\n<td>I\u0161matavimai<\/td>\n<td>122.4 mm x 45.9 mm x 28.1 mm (4.82&#8243; x 1.81&#8243; x 1.11&#8243;)<\/td>\n<\/tr>\n<\/tbody>\n<\/table>\n","protected":false},"excerpt":{"rendered":"<p>2MP (MegaPixel) Wi-Fi dur\u0173 skambutis su kamera, 1 dur\u0173, IP54, IR ap\u0161vietimas<\/p>\n","protected":false},"featured_media":478,"comment_status":"closed","ping_status":"closed","template":"","meta":[],"product_brand":[],"product_cat":[128],"product_tag":[32,132,131],"class_list":{"0":"post-2424","1":"product","2":"type-product","3":"status-publish","4":"has-post-thumbnail","6":"product_cat-ip-telefonspynes","7":"product_tag-hikvision","8":"product_tag-ip-domofonas","9":"product_tag-ip-telefonspynes","11":"first","12":"instock","13":"shipping-taxable","14":"purchasable","15":"product-type-simple"},"jetpack_sharing_enabled":true,"_links":{"self":[{"href":"https:\/\/apsaugos.lt\/index.php?rest_route=\/wp\/v2\/product\/2424","targetHints":{"allow":["GET"]}}],"collection":[{"href":"https:\/\/apsaugos.lt\/index.php?rest_route=\/wp\/v2\/product"}],"about":[{"href":"https:\/\/apsaugos.lt\/index.php?rest_route=\/wp\/v2\/types\/product"}],"replies":[{"embeddable":true,"href":"https:\/\/apsaugos.lt\/index.php?rest_route=%2Fwp%2Fv2%2Fcomments&post=2424"}],"wp:featuredmedia":[{"embeddable":true,"href":"https:\/\/apsaugos.lt\/index.php?rest_route=\/wp\/v2\/media\/478"}],"wp:attachment":[{"href":"https:\/\/apsaugos.lt\/index.php?rest_route=%2Fwp%2Fv2%2Fmedia&parent=2424"}],"wp:term":[{"taxonomy":"product_brand","embeddable":true,"href":"https:\/\/apsaugos.lt\/index.php?rest_route=%2Fwp%2Fv2%2Fproduct_brand&post=2424"},{"taxonomy":"product_cat","embeddable":true,"href":"https:\/\/apsaugos.lt\/index.php?rest_route=%2Fwp%2Fv2%2Fproduct_cat&post=2424"},{"taxonomy":"product_tag","embeddable":true,"href":"https:\/\/apsaugos.lt\/index.php?rest_route=%2Fwp%2Fv2%2Fproduct_tag&post=2424"}],"curies":[{"name":"wp","href":"https:\/\/api.w.org\/{rel}","templated":true}]}}