{"id":2430,"date":"2021-02-22T12:25:17","date_gmt":"2021-02-22T10:25:17","guid":{"rendered":"http:\/\/apsaugos.lt\/?product=import-placeholder-for-3871"},"modified":"2021-02-22T12:25:22","modified_gmt":"2021-02-22T10:25:22","slug":"video-telefonspynes-monitorius-hikvision-ds-kh8350-wte1","status":"publish","type":"product","link":"https:\/\/apsaugos.lt\/?product=video-telefonspynes-monitorius-hikvision-ds-kh8350-wte1","title":{"rendered":"Video telefonspyn\u0117s monitorius Hikvision DS-KH8350-WTE1"},"content":{"rendered":"<table border=\"1\">\n<tbody>\n<tr>\n<td>Operacin\u0117 sistema:<\/td>\n<td>Embedded Linux Operation System<\/td>\n<\/tr>\n<tr>\n<td>Laikina atmintis:<\/td>\n<td>32MB<\/td>\n<\/tr>\n<tr>\n<td>Vidin\u0117 atmintis:<\/td>\n<td>128MB<\/td>\n<\/tr>\n<tr>\n<th colspan=\"2\">Monitoriaus parametrai<\/th>\n<\/tr>\n<tr>\n<td>Ekranas:<\/td>\n<td>7-inch colorful IPS LCD<\/td>\n<\/tr>\n<tr>\n<td>Ekrano rai\u0161ka:<\/td>\n<td>1024 \u00d7 600<\/td>\n<\/tr>\n<tr>\n<td>Veikimo metodas:<\/td>\n<td>Capacitive Touch Screen, Physical Button<\/td>\n<\/tr>\n<tr>\n<th colspan=\"2\">Garso parametrai<\/th>\n<\/tr>\n<tr>\n<td>Garso \u012fvestis:<\/td>\n<td>Built-in Omnidirectional Microphone<\/td>\n<\/tr>\n<tr>\n<td>Garso i\u0161vestis:<\/td>\n<td>Built-in Loudspeaker<\/td>\n<\/tr>\n<tr>\n<td>Garso suspaudimo standartas:<\/td>\n<td>G.711 U<\/td>\n<\/tr>\n<tr>\n<td>Garso suspaudimo sparta:<\/td>\n<td>64 Kbps<\/td>\n<\/tr>\n<tr>\n<td>Garso kokyb\u0117:<\/td>\n<td>Noise Suppression and Echo Cancellation<\/td>\n<\/tr>\n<tr>\n<th colspan=\"2\">Tinklo parametrai<\/th>\n<\/tr>\n<tr>\n<td>Tinklas:<\/td>\n<td>10\/100 Mbps self-adaptive network<\/td>\n<\/tr>\n<tr>\n<td>Bevielis tinklas:<\/td>\n<td>Wi-Fi 802.11b\/g\/n<\/td>\n<\/tr>\n<tr>\n<td>Tinklo protokolas:<\/td>\n<td>TCP\/IP, SIP, RTSP<\/td>\n<\/tr>\n<tr>\n<td>Tinklo s\u0105saja:<\/td>\n<td>1 RJ-45 10\/100 Mbps self-adaptive<\/td>\n<\/tr>\n<tr>\n<th colspan=\"2\">\u012erenginio s\u0105saja<\/th>\n<\/tr>\n<tr>\n<td>I\/O i\u0161vestis:<\/td>\n<td>2<\/td>\n<\/tr>\n<tr>\n<td>Pavojaus signalas:<\/td>\n<td>8-ch alarm inputs<\/td>\n<\/tr>\n<tr>\n<td>RS-485:<\/td>\n<td>Supported<\/td>\n<\/tr>\n<tr>\n<td>TF kortel\u0117 (micro SD):<\/td>\n<td>Max to 32 G, SD 2.0 or lower version<\/td>\n<\/tr>\n<tr>\n<th colspan=\"2\">Pagrindin\u0117s s\u0105vyb\u0117s<\/th>\n<\/tr>\n<tr>\n<td>Matinimas:<\/td>\n<td>IEEE802.3af standard PoE, 12 VDC\/1A<\/td>\n<\/tr>\n<tr>\n<td>Maitinimas per jutikl\u012f:<\/td>\n<td>12 V, 200 mA<\/td>\n<\/tr>\n<tr>\n<td>Suvartojimas:<\/td>\n<td>\u22647W<\/td>\n<\/tr>\n<tr>\n<td>Dr\u0117gm\u0117:<\/td>\n<td>10% to 90%<\/td>\n<\/tr>\n<tr>\n<td>Darbin\u0117 temperat\u016bra:<\/td>\n<td>-10\u00b0 C to + 55\u00b0 C (14\u00b0 F to 131\u00b0 F)<\/td>\n<\/tr>\n<tr>\n<td>I\u0161matavimai (L \u00d7 W \u00d7 H):<\/td>\n<td>180 mm \u00d7 140 mm \u00d7 22.4 mm (7.09&#8243; \u00d7 5.51&#8243;\u00d7 0.88&#8243;)<\/td>\n<\/tr>\n<tr>\n<td>Sertifikatai:<\/td>\n<td>FCC, IC, CE, C-TICK, ROHS, REACH, WEEE, UL, CB, RCM<\/td>\n<\/tr>\n<\/tbody>\n<\/table>\n","protected":false},"excerpt":{"rendered":"<p>Operacin\u0117 sistema: Embedded Linux Operation System Laikina atmintis: 32MB Vidin\u0117 atmintis: 128MB Monitoriaus parametrai Ekranas: 7-inch colorful IPS LCD Ekrano rai\u0161ka: 1024 \u00d7 600 Veikimo metodas: Capacitive Touch Screen, Physical Button Garso parametrai Garso \u012fvestis: Built-in Omnidirectional Microphone Garso i\u0161vestis: Built-in Loudspeaker Garso suspaudimo standartas: G.711 U Garso suspaudimo sparta: 64 Kbps Garso kokyb\u0117: Noise [&hellip;]<\/p>\n","protected":false},"featured_media":483,"comment_status":"closed","ping_status":"closed","template":"","meta":[],"product_brand":[],"product_cat":[128],"product_tag":[32],"class_list":{"0":"post-2430","1":"product","2":"type-product","3":"status-publish","4":"has-post-thumbnail","6":"product_cat-ip-telefonspynes","7":"product_tag-hikvision","9":"first","10":"instock","11":"shipping-taxable","12":"purchasable","13":"product-type-simple"},"jetpack_sharing_enabled":true,"_links":{"self":[{"href":"https:\/\/apsaugos.lt\/index.php?rest_route=\/wp\/v2\/product\/2430","targetHints":{"allow":["GET"]}}],"collection":[{"href":"https:\/\/apsaugos.lt\/index.php?rest_route=\/wp\/v2\/product"}],"about":[{"href":"https:\/\/apsaugos.lt\/index.php?rest_route=\/wp\/v2\/types\/product"}],"replies":[{"embeddable":true,"href":"https:\/\/apsaugos.lt\/index.php?rest_route=%2Fwp%2Fv2%2Fcomments&post=2430"}],"wp:featuredmedia":[{"embeddable":true,"href":"https:\/\/apsaugos.lt\/index.php?rest_route=\/wp\/v2\/media\/483"}],"wp:attachment":[{"href":"https:\/\/apsaugos.lt\/index.php?rest_route=%2Fwp%2Fv2%2Fmedia&parent=2430"}],"wp:term":[{"taxonomy":"product_brand","embeddable":true,"href":"https:\/\/apsaugos.lt\/index.php?rest_route=%2Fwp%2Fv2%2Fproduct_brand&post=2430"},{"taxonomy":"product_cat","embeddable":true,"href":"https:\/\/apsaugos.lt\/index.php?rest_route=%2Fwp%2Fv2%2Fproduct_cat&post=2430"},{"taxonomy":"product_tag","embeddable":true,"href":"https:\/\/apsaugos.lt\/index.php?rest_route=%2Fwp%2Fv2%2Fproduct_tag&post=2430"}],"curies":[{"name":"wp","href":"https:\/\/api.w.org\/{rel}","templated":true}]}}