{"id":2432,"date":"2021-02-22T12:25:18","date_gmt":"2021-02-22T10:25:18","guid":{"rendered":"http:\/\/apsaugos.lt\/?product=import-placeholder-for-3875"},"modified":"2021-02-22T12:25:22","modified_gmt":"2021-02-22T10:25:22","slug":"hikvision-ds-kab03-v","status":"publish","type":"product","link":"https:\/\/apsaugos.lt\/?product=hikvision-ds-kab03-v","title":{"rendered":"Hikvision DS-KAB03-V"},"content":{"rendered":"<table border=\"1\" width=\"325\">\n<tbody>\n<tr>\n<td>Korpusas<\/td>\n<td>Stainless Steel<\/td>\n<\/tr>\n<tr>\n<td>Darbin\u0117 temperat\u016bra<\/td>\n<td>-40\u00b0 C to +70\u00b0 C (-40\u00b0 F to 158\u00b0 F)<\/td>\n<\/tr>\n<tr>\n<td>Dr\u0117gnumas<\/td>\n<td>10% to 90%<\/td>\n<\/tr>\n<tr>\n<td>I\u0161matavimai\u00a0(L x W x H)<\/td>\n<td>172.3 \u0445 100 \u0445 71 mm<\/td>\n<\/tr>\n<\/tbody>\n<\/table>\n","protected":false},"excerpt":{"rendered":"<p>DS-KAB03-V yra d\u0117\u017eut\u0117 skirta Hikvision telefonspyn\u0117ms, pagaminta i\u0161 ner\u016bdijan\u010dio metalo, Skirta telefonspyn\u0117ms: DS-KV8102-IP.<\/p>\n","protected":false},"featured_media":485,"comment_status":"closed","ping_status":"closed","template":"","meta":[],"product_brand":[],"product_cat":[128],"product_tag":[32],"class_list":{"0":"post-2432","1":"product","2":"type-product","3":"status-publish","4":"has-post-thumbnail","6":"product_cat-ip-telefonspynes","7":"product_tag-hikvision","9":"first","10":"instock","11":"shipping-taxable","12":"purchasable","13":"product-type-simple"},"jetpack_sharing_enabled":true,"_links":{"self":[{"href":"https:\/\/apsaugos.lt\/index.php?rest_route=\/wp\/v2\/product\/2432","targetHints":{"allow":["GET"]}}],"collection":[{"href":"https:\/\/apsaugos.lt\/index.php?rest_route=\/wp\/v2\/product"}],"about":[{"href":"https:\/\/apsaugos.lt\/index.php?rest_route=\/wp\/v2\/types\/product"}],"replies":[{"embeddable":true,"href":"https:\/\/apsaugos.lt\/index.php?rest_route=%2Fwp%2Fv2%2Fcomments&post=2432"}],"wp:featuredmedia":[{"embeddable":true,"href":"https:\/\/apsaugos.lt\/index.php?rest_route=\/wp\/v2\/media\/485"}],"wp:attachment":[{"href":"https:\/\/apsaugos.lt\/index.php?rest_route=%2Fwp%2Fv2%2Fmedia&parent=2432"}],"wp:term":[{"taxonomy":"product_brand","embeddable":true,"href":"https:\/\/apsaugos.lt\/index.php?rest_route=%2Fwp%2Fv2%2Fproduct_brand&post=2432"},{"taxonomy":"product_cat","embeddable":true,"href":"https:\/\/apsaugos.lt\/index.php?rest_route=%2Fwp%2Fv2%2Fproduct_cat&post=2432"},{"taxonomy":"product_tag","embeddable":true,"href":"https:\/\/apsaugos.lt\/index.php?rest_route=%2Fwp%2Fv2%2Fproduct_tag&post=2432"}],"curies":[{"name":"wp","href":"https:\/\/api.w.org\/{rel}","templated":true}]}}