{"id":2435,"date":"2021-02-22T12:25:24","date_gmt":"2021-02-22T10:25:24","guid":{"rendered":"http:\/\/apsaugos.lt\/?product=import-placeholder-for-3880"},"modified":"2021-02-22T12:25:26","modified_gmt":"2021-02-22T10:25:26","slug":"hikvision-ds-kis203","status":"publish","type":"product","link":"https:\/\/apsaugos.lt\/?product=hikvision-ds-kis203","title":{"rendered":"Hikvision DS-KIS203"},"content":{"rendered":"<table border=\"1\">\n<tbody>\n<tr>\n<td colspan=\"2\"><strong>Dur\u0173 kamera (DS-KB2421-IM)<\/strong><\/td>\n<\/tr>\n<tr>\n<td>Kamera<\/td>\n<td>1\/4&#8243; CMOS<\/td>\n<\/tr>\n<tr>\n<td>Rai\u0161ka<\/td>\n<td>720 \u00d7 576<\/td>\n<\/tr>\n<tr>\n<td>Kadrai per sek.<\/td>\n<td>PAL: 25 fps<\/td>\n<\/tr>\n<tr>\n<td>Garso \u012fvestis<\/td>\n<td>Built-in Omnidirectional Microphone<\/td>\n<\/tr>\n<tr>\n<td>Garso i\u0161vestis<\/td>\n<td>Built-in Loudspeaker<\/td>\n<\/tr>\n<tr>\n<td>Garso kokyb\u0117<\/td>\n<td>Noise Suppression and Echo Cancellation<\/td>\n<\/tr>\n<tr>\n<td>IR ap\u0161vietimas<\/td>\n<td>Photosensitive IR Supplement, IR Range: 2 Meters<\/td>\n<\/tr>\n<tr>\n<td>Keturi\u0173 laid\u0173 s\u0105saja<\/td>\n<td>1 Four-Wire Interface (1-ch Video Input, 1-ch Audio Input\/Output, 1-ch Power Supply, 1-ch Grounding)<\/td>\n<\/tr>\n<tr>\n<td>IO i\u0161vestis<\/td>\n<td>1 Relay Output<\/td>\n<\/tr>\n<tr>\n<td>Med\u017eiaga<\/td>\n<td>Zinc Alloy<\/td>\n<\/tr>\n<tr>\n<td>Energijos suvartojimas<\/td>\n<td>Max. 5W<\/td>\n<\/tr>\n<tr>\n<td>Darbo temperat\u016bra<\/td>\n<td>-30\u00b0C to 70\u00b0C (-22\u00b0F to 158\u00b0F)<\/td>\n<\/tr>\n<tr>\n<td>Santykinis oro dr\u0117gnumas<\/td>\n<td>10% to 90%<\/td>\n<\/tr>\n<tr>\n<td>I\u0161matavimai (L x W x H)<\/td>\n<td>145 mm \u00d7 49.2 mm \u00d7 26.45 mm (5.7&#8243; \u00d7 1.9&#8243; \u00d7 1.0&#8243;)<\/td>\n<\/tr>\n<tr>\n<td colspan=\"2\"><strong>Vidaus ekranas (DS-KH2220)<\/strong><\/td>\n<\/tr>\n<tr>\n<td>Ekranas<\/td>\n<td>7-Inch Colorful TFT LCD<\/td>\n<\/tr>\n<tr>\n<td>Ekrano rai\u0161ka<\/td>\n<td>800 \u00d7 480<\/td>\n<\/tr>\n<tr>\n<td>Veikimo b\u016bdas<\/td>\n<td>Physical Button<\/td>\n<\/tr>\n<tr>\n<td>Garso \u012fvestis<\/td>\n<td>Built-in Omnidirectional Microphone<\/td>\n<\/tr>\n<tr>\n<td>Garso i\u0161vestis<\/td>\n<td>Built-in Loudspeaker<\/td>\n<\/tr>\n<tr>\n<td>Garso kokyb\u0117<\/td>\n<td>Noise Suppression and Echo Cancellation<\/td>\n<\/tr>\n<tr>\n<td>Keturi\u0173 laid\u0173 s\u0105saja<\/td>\n<td>4 Four-Wire Interfaces<\/p>\n<p>1-ch Video Input, 1-ch Audio Input\/Output, 1-ch Power Supply, 1-ch Grounding<\/td>\n<\/tr>\n<tr>\n<td>Maitinimas<\/td>\n<td>12 VDC<\/td>\n<\/tr>\n<tr>\n<td>Energijos suvartojimas<\/td>\n<td>\u22645 W<\/td>\n<\/tr>\n<tr>\n<td>Darbo temperat\u016bra<\/td>\n<td>-10\u00b0 C to + 55\u00b0 C (14\u00b0 F to 131\u00b0 F)<\/td>\n<\/tr>\n<tr>\n<td>Santykinis oro dr\u0117gnumas<\/td>\n<td>10% to 90%<\/td>\n<\/tr>\n<tr>\n<td>I\u0161matavimai (L x W x H)<\/td>\n<td>195.8 mm \u00d7 132.8 mm \u00d7 18.39 mm (7.7&#8243; \u00d7 5.2&#8243; \u00d70.7&#8243;)<\/td>\n<\/tr>\n<\/tbody>\n<\/table>\n","protected":false},"excerpt":{"rendered":"<p>Prisitaikantis IR ap\u0161vietimas, Skambinimas vienu paspaudimu, Pinhole 720 x 576 @ 25 fps kamera, Atrakinimo kontroliavimas, Laisv\u0173 rank\u0173 vaizdo bendravimas, Nuotolinis atrakinimas<\/p>\n","protected":false},"featured_media":518,"comment_status":"closed","ping_status":"closed","template":"","meta":[],"product_brand":[],"product_cat":[133],"product_tag":[32],"class_list":{"0":"post-2435","1":"product","2":"type-product","3":"status-publish","4":"has-post-thumbnail","6":"product_cat-video-telefonspynes","7":"product_tag-hikvision","9":"first","10":"instock","11":"shipping-taxable","12":"purchasable","13":"product-type-simple"},"jetpack_sharing_enabled":true,"_links":{"self":[{"href":"https:\/\/apsaugos.lt\/index.php?rest_route=\/wp\/v2\/product\/2435","targetHints":{"allow":["GET"]}}],"collection":[{"href":"https:\/\/apsaugos.lt\/index.php?rest_route=\/wp\/v2\/product"}],"about":[{"href":"https:\/\/apsaugos.lt\/index.php?rest_route=\/wp\/v2\/types\/product"}],"replies":[{"embeddable":true,"href":"https:\/\/apsaugos.lt\/index.php?rest_route=%2Fwp%2Fv2%2Fcomments&post=2435"}],"wp:featuredmedia":[{"embeddable":true,"href":"https:\/\/apsaugos.lt\/index.php?rest_route=\/wp\/v2\/media\/518"}],"wp:attachment":[{"href":"https:\/\/apsaugos.lt\/index.php?rest_route=%2Fwp%2Fv2%2Fmedia&parent=2435"}],"wp:term":[{"taxonomy":"product_brand","embeddable":true,"href":"https:\/\/apsaugos.lt\/index.php?rest_route=%2Fwp%2Fv2%2Fproduct_brand&post=2435"},{"taxonomy":"product_cat","embeddable":true,"href":"https:\/\/apsaugos.lt\/index.php?rest_route=%2Fwp%2Fv2%2Fproduct_cat&post=2435"},{"taxonomy":"product_tag","embeddable":true,"href":"https:\/\/apsaugos.lt\/index.php?rest_route=%2Fwp%2Fv2%2Fproduct_tag&post=2435"}],"curies":[{"name":"wp","href":"https:\/\/api.w.org\/{rel}","templated":true}]}}